{"id":378657,"date":"2025-07-07T16:50:29","date_gmt":"2025-07-07T23:50:29","guid":{"rendered":"https:\/\/www-bromic-be.bromicpimstg.sites.hosting.454.agency\/product\/kit-dencastrement-a-faible-degagement-pour-platinum-electric\/"},"modified":"2025-09-24T19:14:17","modified_gmt":"2025-09-25T02:14:17","slug":"kit-dencastrement-a-faible-degagement-pour-platinum-electric","status":"publish","type":"product","link":"https:\/\/www-bromic-be.bromicpimstg.sites.hosting.454.agency\/fr\/produit\/kit-dencastrement-a-faible-degagement-pour-platinum-electric\/","title":{"rendered":"Kit d\u2019encastrement \u00e0 faible d\u00e9gagement pour Platinum Electric"},"content":{"rendered":"<p data-start=\"1134\" data-end=\"1682\">Int\u00e9grez en toute simplicit\u00e9 vos unit\u00e9s Bromic Platinum Smart-Heat\u2122 Electric gr\u00e2ce \u00e0 notre kit d\u2019encastrement unique permettant une installation affleurante dans des cavit\u00e9s de toit \u00e0 partir de seulement 180 mm. Adapt\u00e9 aux nouvelles constructions comme aux r\u00e9novations, le kit d\u2019encastrement Faible Hauteur, certifi\u00e9 UL, dispose d\u2019un cadre int\u00e9gr\u00e9 pour la r\u00e9gulation thermique, permettant de r\u00e9duire les d\u00e9gagements requis et de simplifier l\u2019installation.<\/p>\n<p data-start=\"1684\" data-end=\"2234\">Ce kit comprend toutes les pi\u00e8ces et fixations n\u00e9cessaires au montage encastr\u00e9 de nos s\u00e9ries Platinum et Platinum Marine, vous permettant d\u2019installer facilement le chauffage sans compromettre l\u2019esth\u00e9tique \u00e9pur\u00e9e de votre espace.<\/p>\n<p>Le kit d\u2019encastrement pour faible hauteur est \u00e9quip\u00e9 d\u2019un ventilateur de refroidissement int\u00e9gr\u00e9 qui n\u00e9cessite une alimentation \u00e9lectrique d\u00e9di\u00e9e, ind\u00e9pendante du raccordement \u00e9lectrique du chauffage. Pour les sp\u00e9cifications de c\u00e2blage et les exigences d\u2019installation, veuillez consulter le manuel d\u2019installation.<\/p>\n<p>&nbsp;<\/p>\n","protected":false},"excerpt":{"rendered":"<p>Cr\u00e9ez un aspect moderne, affleurant et minimaliste avec nos kits d\u2019encastrement haut de gamme. Que vous planifiez une nouvelle construction ou une r\u00e9novation, les kits d\u2019encastrement Platinum permettent une installation \u00e9l\u00e9gante et discr\u00e8te de vos chauffages \u00e9lectriques.<\/p>\n","protected":false},"featured_media":378672,"comment_status":"closed","ping_status":"closed","template":"","meta":{"_acf_changed":false},"product_brand":[],"product_cat":[577],"product_tag":[],"class_list":{"0":"post-378657","1":"product","2":"type-product","3":"status-publish","4":"has-post-thumbnail","6":"product-collection-marine-fr","7":"product-collection-platinum-fr","8":"product-install-type-encastre-fr","9":"product-fuel-type-electrique-fr","10":"product-color-acier-inoxydable-fr","11":"product_cat-accessoires-fr","13":"first","14":"instock","15":"shipping-taxable","16":"product-type-variable"},"acf":[],"yoast_head":"<!-- This site is optimized with the Yoast SEO plugin v26.1.1 - https:\/\/yoast.com\/wordpress\/plugins\/seo\/ -->\n<title>Kit d\u2019encastrement \u00e0 faible d\u00e9gagement pour Platinum Electric - Bromic Heating Belgi\u00eb<\/title>\n<meta name=\"description\" content=\"Cr\u00e9ez un aspect moderne, affleurant et minimaliste avec nos kits d\u2019encastrement haut de gamme. Que vous planifiez une nouvelle construction ou une r\u00e9novation, les kits d\u2019encastrement Platinum permettent une installation \u00e9l\u00e9gante et discr\u00e8te de vos chauffages \u00e9lectriques.\" \/>\n<meta name=\"robots\" content=\"index, follow, max-snippet:-1, max-image-preview:large, max-video-preview:-1\" \/>\n<link rel=\"canonical\" href=\"https:\/\/www-bromic-be.bromicpimstg.sites.hosting.454.agency\/fr\/produit\/kit-dencastrement-a-faible-degagement-pour-platinum-electric\/\" \/>\n<meta property=\"og:locale\" content=\"fr_FR\" \/>\n<meta property=\"og:type\" content=\"article\" \/>\n<meta property=\"og:title\" content=\"Kit d\u2019encastrement \u00e0 faible d\u00e9gagement pour Platinum Electric - Bromic Heating Belgi\u00eb\" \/>\n<meta property=\"og:description\" content=\"Cr\u00e9ez un aspect moderne, affleurant et minimaliste avec nos kits d\u2019encastrement haut de gamme. Que vous planifiez une nouvelle construction ou une r\u00e9novation, les kits d\u2019encastrement Platinum permettent une installation \u00e9l\u00e9gante et discr\u00e8te de vos chauffages \u00e9lectriques.\" \/>\n<meta property=\"og:url\" content=\"https:\/\/www-bromic-be.bromicpimstg.sites.hosting.454.agency\/fr\/produit\/kit-dencastrement-a-faible-degagement-pour-platinum-electric\/\" \/>\n<meta property=\"og:site_name\" content=\"Bromic Heating Belgi\u00eb\" \/>\n<meta property=\"article:modified_time\" content=\"2025-09-25T02:14:17+00:00\" \/>\n<meta property=\"og:image\" content=\"https:\/\/www-bromic-be.bromicpimstg.sites.hosting.454.agency\/wp-content\/uploads\/sites\/14\/2025\/07\/LCRecessKit_c24102ba-d2d9-4eef-b8a7-0b2a05fa972f-1-1600x1600.png\" \/>\n\t<meta property=\"og:image:width\" content=\"1600\" \/>\n\t<meta property=\"og:image:height\" content=\"1600\" \/>\n\t<meta property=\"og:image:type\" content=\"image\/png\" \/>\n<meta name=\"twitter:card\" content=\"summary_large_image\" \/>\n<meta name=\"twitter:label1\" content=\"Dur\u00e9e de lecture estim\u00e9e\" \/>\n\t<meta name=\"twitter:data1\" content=\"1 minute\" \/>\n<script type=\"application\/ld+json\" class=\"yoast-schema-graph\">{\"@context\":\"https:\/\/schema.org\",\"@graph\":[{\"@type\":\"WebPage\",\"@id\":\"https:\/\/www-bromic-be.bromicpimstg.sites.hosting.454.agency\/fr\/produit\/kit-dencastrement-a-faible-degagement-pour-platinum-electric\/\",\"url\":\"https:\/\/www-bromic-be.bromicpimstg.sites.hosting.454.agency\/fr\/produit\/kit-dencastrement-a-faible-degagement-pour-platinum-electric\/\",\"name\":\"Kit d\u2019encastrement \u00e0 faible d\u00e9gagement pour Platinum Electric - Bromic Heating Belgi\u00eb\",\"isPartOf\":{\"@id\":\"https:\/\/www-bromic-be.bromicpimstg.sites.hosting.454.agency\/fr\/de\/#website\"},\"primaryImageOfPage\":{\"@id\":\"https:\/\/www-bromic-be.bromicpimstg.sites.hosting.454.agency\/fr\/produit\/kit-dencastrement-a-faible-degagement-pour-platinum-electric\/#primaryimage\"},\"image\":{\"@id\":\"https:\/\/www-bromic-be.bromicpimstg.sites.hosting.454.agency\/fr\/produit\/kit-dencastrement-a-faible-degagement-pour-platinum-electric\/#primaryimage\"},\"thumbnailUrl\":\"https:\/\/www-bromic-be.bromicpimstg.sites.hosting.454.agency\/wp-content\/uploads\/sites\/14\/2025\/07\/LCRecessKit_c24102ba-d2d9-4eef-b8a7-0b2a05fa972f-1.png\",\"datePublished\":\"2025-07-07T23:50:29+00:00\",\"dateModified\":\"2025-09-25T02:14:17+00:00\",\"description\":\"Cr\u00e9ez un aspect moderne, affleurant et minimaliste avec nos kits d\u2019encastrement haut de gamme. Que vous planifiez une nouvelle construction ou une r\u00e9novation, les kits d\u2019encastrement Platinum permettent une installation \u00e9l\u00e9gante et discr\u00e8te de vos chauffages \u00e9lectriques.\",\"breadcrumb\":{\"@id\":\"https:\/\/www-bromic-be.bromicpimstg.sites.hosting.454.agency\/fr\/produit\/kit-dencastrement-a-faible-degagement-pour-platinum-electric\/#breadcrumb\"},\"inLanguage\":\"fr-FR\",\"potentialAction\":[{\"@type\":\"ReadAction\",\"target\":[\"https:\/\/www-bromic-be.bromicpimstg.sites.hosting.454.agency\/fr\/produit\/kit-dencastrement-a-faible-degagement-pour-platinum-electric\/\"]}]},{\"@type\":\"ImageObject\",\"inLanguage\":\"fr-FR\",\"@id\":\"https:\/\/www-bromic-be.bromicpimstg.sites.hosting.454.agency\/fr\/produit\/kit-dencastrement-a-faible-degagement-pour-platinum-electric\/#primaryimage\",\"url\":\"https:\/\/www-bromic-be.bromicpimstg.sites.hosting.454.agency\/wp-content\/uploads\/sites\/14\/2025\/07\/LCRecessKit_c24102ba-d2d9-4eef-b8a7-0b2a05fa972f-1.png\",\"contentUrl\":\"https:\/\/www-bromic-be.bromicpimstg.sites.hosting.454.agency\/wp-content\/uploads\/sites\/14\/2025\/07\/LCRecessKit_c24102ba-d2d9-4eef-b8a7-0b2a05fa972f-1.png\",\"width\":3375,\"height\":3375},{\"@type\":\"BreadcrumbList\",\"@id\":\"https:\/\/www-bromic-be.bromicpimstg.sites.hosting.454.agency\/fr\/produit\/kit-dencastrement-a-faible-degagement-pour-platinum-electric\/#breadcrumb\",\"itemListElement\":[{\"@type\":\"ListItem\",\"position\":1,\"name\":\"Home\",\"item\":\"https:\/\/www-bromic-be.bromicpimstg.sites.hosting.454.agency\/fr\/\"},{\"@type\":\"ListItem\",\"position\":2,\"name\":\"Produits\",\"item\":\"https:\/\/www-bromic-be.bromicpimstg.sites.hosting.454.agency\/fr\/boutique\/\"},{\"@type\":\"ListItem\",\"position\":3,\"name\":\"Kit d\u2019encastrement \u00e0 faible d\u00e9gagement pour Platinum Electric\"}]},{\"@type\":\"WebSite\",\"@id\":\"https:\/\/www-bromic-be.bromicpimstg.sites.hosting.454.agency\/fr\/de\/#website\",\"url\":\"https:\/\/www-bromic-be.bromicpimstg.sites.hosting.454.agency\/fr\/de\/\",\"name\":\"Bromic Heating Belgi\u00eb\",\"description\":\"\",\"publisher\":{\"@id\":\"https:\/\/www-bromic-be.bromicpimstg.sites.hosting.454.agency\/fr\/de\/#organization\"},\"potentialAction\":[{\"@type\":\"SearchAction\",\"target\":{\"@type\":\"EntryPoint\",\"urlTemplate\":\"https:\/\/www-bromic-be.bromicpimstg.sites.hosting.454.agency\/fr\/de\/?s={search_term_string}\"},\"query-input\":{\"@type\":\"PropertyValueSpecification\",\"valueRequired\":true,\"valueName\":\"search_term_string\"}}],\"inLanguage\":\"fr-FR\"},{\"@type\":\"Organization\",\"@id\":\"https:\/\/www-bromic-be.bromicpimstg.sites.hosting.454.agency\/fr\/de\/#organization\",\"name\":\"Bromic Heating Belgi\u00eb\",\"url\":\"https:\/\/www-bromic-be.bromicpimstg.sites.hosting.454.agency\/fr\/de\/\",\"logo\":{\"@type\":\"ImageObject\",\"inLanguage\":\"fr-FR\",\"@id\":\"https:\/\/www-bromic-be.bromicpimstg.sites.hosting.454.agency\/fr\/de\/#\/schema\/logo\/image\/\",\"url\":\"https:\/\/www-bromic-be.bromicpimstg.sites.hosting.454.agency\/wp-content\/uploads\/sites\/14\/2021\/09\/bromic-logo.png\",\"contentUrl\":\"https:\/\/www-bromic-be.bromicpimstg.sites.hosting.454.agency\/wp-content\/uploads\/sites\/14\/2021\/09\/bromic-logo.png\",\"width\":1000,\"height\":342,\"caption\":\"Bromic Heating Belgi\u00eb\"},\"image\":{\"@id\":\"https:\/\/www-bromic-be.bromicpimstg.sites.hosting.454.agency\/fr\/de\/#\/schema\/logo\/image\/\"}}]}<\/script>\n<!-- \/ Yoast SEO plugin. -->","yoast_head_json":{"title":"Kit d\u2019encastrement \u00e0 faible d\u00e9gagement pour Platinum Electric - Bromic Heating Belgi\u00eb","description":"Cr\u00e9ez un aspect moderne, affleurant et minimaliste avec nos kits d\u2019encastrement haut de gamme. Que vous planifiez une nouvelle construction ou une r\u00e9novation, les kits d\u2019encastrement Platinum permettent une installation \u00e9l\u00e9gante et discr\u00e8te de vos chauffages \u00e9lectriques.","robots":{"index":"index","follow":"follow","max-snippet":"max-snippet:-1","max-image-preview":"max-image-preview:large","max-video-preview":"max-video-preview:-1"},"canonical":"https:\/\/www-bromic-be.bromicpimstg.sites.hosting.454.agency\/fr\/produit\/kit-dencastrement-a-faible-degagement-pour-platinum-electric\/","og_locale":"fr_FR","og_type":"article","og_title":"Kit d\u2019encastrement \u00e0 faible d\u00e9gagement pour Platinum Electric - Bromic Heating Belgi\u00eb","og_description":"Cr\u00e9ez un aspect moderne, affleurant et minimaliste avec nos kits d\u2019encastrement haut de gamme. Que vous planifiez une nouvelle construction ou une r\u00e9novation, les kits d\u2019encastrement Platinum permettent une installation \u00e9l\u00e9gante et discr\u00e8te de vos chauffages \u00e9lectriques.","og_url":"https:\/\/www-bromic-be.bromicpimstg.sites.hosting.454.agency\/fr\/produit\/kit-dencastrement-a-faible-degagement-pour-platinum-electric\/","og_site_name":"Bromic Heating Belgi\u00eb","article_modified_time":"2025-09-25T02:14:17+00:00","og_image":[{"width":1600,"height":1600,"url":"https:\/\/www-bromic-be.bromicpimstg.sites.hosting.454.agency\/wp-content\/uploads\/sites\/14\/2025\/07\/LCRecessKit_c24102ba-d2d9-4eef-b8a7-0b2a05fa972f-1-1600x1600.png","type":"image\/png"}],"twitter_card":"summary_large_image","twitter_misc":{"Dur\u00e9e de lecture estim\u00e9e":"1 minute"},"schema":{"@context":"https:\/\/schema.org","@graph":[{"@type":"WebPage","@id":"https:\/\/www-bromic-be.bromicpimstg.sites.hosting.454.agency\/fr\/produit\/kit-dencastrement-a-faible-degagement-pour-platinum-electric\/","url":"https:\/\/www-bromic-be.bromicpimstg.sites.hosting.454.agency\/fr\/produit\/kit-dencastrement-a-faible-degagement-pour-platinum-electric\/","name":"Kit d\u2019encastrement \u00e0 faible d\u00e9gagement pour Platinum Electric - Bromic Heating Belgi\u00eb","isPartOf":{"@id":"https:\/\/www-bromic-be.bromicpimstg.sites.hosting.454.agency\/fr\/de\/#website"},"primaryImageOfPage":{"@id":"https:\/\/www-bromic-be.bromicpimstg.sites.hosting.454.agency\/fr\/produit\/kit-dencastrement-a-faible-degagement-pour-platinum-electric\/#primaryimage"},"image":{"@id":"https:\/\/www-bromic-be.bromicpimstg.sites.hosting.454.agency\/fr\/produit\/kit-dencastrement-a-faible-degagement-pour-platinum-electric\/#primaryimage"},"thumbnailUrl":"https:\/\/www-bromic-be.bromicpimstg.sites.hosting.454.agency\/wp-content\/uploads\/sites\/14\/2025\/07\/LCRecessKit_c24102ba-d2d9-4eef-b8a7-0b2a05fa972f-1.png","datePublished":"2025-07-07T23:50:29+00:00","dateModified":"2025-09-25T02:14:17+00:00","description":"Cr\u00e9ez un aspect moderne, affleurant et minimaliste avec nos kits d\u2019encastrement haut de gamme. Que vous planifiez une nouvelle construction ou une r\u00e9novation, les kits d\u2019encastrement Platinum permettent une installation \u00e9l\u00e9gante et discr\u00e8te de vos chauffages \u00e9lectriques.","breadcrumb":{"@id":"https:\/\/www-bromic-be.bromicpimstg.sites.hosting.454.agency\/fr\/produit\/kit-dencastrement-a-faible-degagement-pour-platinum-electric\/#breadcrumb"},"inLanguage":"fr-FR","potentialAction":[{"@type":"ReadAction","target":["https:\/\/www-bromic-be.bromicpimstg.sites.hosting.454.agency\/fr\/produit\/kit-dencastrement-a-faible-degagement-pour-platinum-electric\/"]}]},{"@type":"ImageObject","inLanguage":"fr-FR","@id":"https:\/\/www-bromic-be.bromicpimstg.sites.hosting.454.agency\/fr\/produit\/kit-dencastrement-a-faible-degagement-pour-platinum-electric\/#primaryimage","url":"https:\/\/www-bromic-be.bromicpimstg.sites.hosting.454.agency\/wp-content\/uploads\/sites\/14\/2025\/07\/LCRecessKit_c24102ba-d2d9-4eef-b8a7-0b2a05fa972f-1.png","contentUrl":"https:\/\/www-bromic-be.bromicpimstg.sites.hosting.454.agency\/wp-content\/uploads\/sites\/14\/2025\/07\/LCRecessKit_c24102ba-d2d9-4eef-b8a7-0b2a05fa972f-1.png","width":3375,"height":3375},{"@type":"BreadcrumbList","@id":"https:\/\/www-bromic-be.bromicpimstg.sites.hosting.454.agency\/fr\/produit\/kit-dencastrement-a-faible-degagement-pour-platinum-electric\/#breadcrumb","itemListElement":[{"@type":"ListItem","position":1,"name":"Home","item":"https:\/\/www-bromic-be.bromicpimstg.sites.hosting.454.agency\/fr\/"},{"@type":"ListItem","position":2,"name":"Produits","item":"https:\/\/www-bromic-be.bromicpimstg.sites.hosting.454.agency\/fr\/boutique\/"},{"@type":"ListItem","position":3,"name":"Kit d\u2019encastrement \u00e0 faible d\u00e9gagement pour Platinum Electric"}]},{"@type":"WebSite","@id":"https:\/\/www-bromic-be.bromicpimstg.sites.hosting.454.agency\/fr\/de\/#website","url":"https:\/\/www-bromic-be.bromicpimstg.sites.hosting.454.agency\/fr\/de\/","name":"Bromic Heating Belgi\u00eb","description":"","publisher":{"@id":"https:\/\/www-bromic-be.bromicpimstg.sites.hosting.454.agency\/fr\/de\/#organization"},"potentialAction":[{"@type":"SearchAction","target":{"@type":"EntryPoint","urlTemplate":"https:\/\/www-bromic-be.bromicpimstg.sites.hosting.454.agency\/fr\/de\/?s={search_term_string}"},"query-input":{"@type":"PropertyValueSpecification","valueRequired":true,"valueName":"search_term_string"}}],"inLanguage":"fr-FR"},{"@type":"Organization","@id":"https:\/\/www-bromic-be.bromicpimstg.sites.hosting.454.agency\/fr\/de\/#organization","name":"Bromic Heating Belgi\u00eb","url":"https:\/\/www-bromic-be.bromicpimstg.sites.hosting.454.agency\/fr\/de\/","logo":{"@type":"ImageObject","inLanguage":"fr-FR","@id":"https:\/\/www-bromic-be.bromicpimstg.sites.hosting.454.agency\/fr\/de\/#\/schema\/logo\/image\/","url":"https:\/\/www-bromic-be.bromicpimstg.sites.hosting.454.agency\/wp-content\/uploads\/sites\/14\/2021\/09\/bromic-logo.png","contentUrl":"https:\/\/www-bromic-be.bromicpimstg.sites.hosting.454.agency\/wp-content\/uploads\/sites\/14\/2021\/09\/bromic-logo.png","width":1000,"height":342,"caption":"Bromic Heating Belgi\u00eb"},"image":{"@id":"https:\/\/www-bromic-be.bromicpimstg.sites.hosting.454.agency\/fr\/de\/#\/schema\/logo\/image\/"}}]}},"_links":{"self":[{"href":"https:\/\/www-bromic-be.bromicpimstg.sites.hosting.454.agency\/fr\/wp-json\/wp\/v2\/product\/378657","targetHints":{"allow":["GET"]}}],"collection":[{"href":"https:\/\/www-bromic-be.bromicpimstg.sites.hosting.454.agency\/fr\/wp-json\/wp\/v2\/product"}],"about":[{"href":"https:\/\/www-bromic-be.bromicpimstg.sites.hosting.454.agency\/fr\/wp-json\/wp\/v2\/types\/product"}],"replies":[{"embeddable":true,"href":"https:\/\/www-bromic-be.bromicpimstg.sites.hosting.454.agency\/fr\/wp-json\/wp\/v2\/comments?post=378657"}],"wp:featuredmedia":[{"embeddable":true,"href":"https:\/\/www-bromic-be.bromicpimstg.sites.hosting.454.agency\/fr\/wp-json\/wp\/v2\/media\/378672"}],"wp:attachment":[{"href":"https:\/\/www-bromic-be.bromicpimstg.sites.hosting.454.agency\/fr\/wp-json\/wp\/v2\/media?parent=378657"}],"wp:term":[{"taxonomy":"product_brand","embeddable":true,"href":"https:\/\/www-bromic-be.bromicpimstg.sites.hosting.454.agency\/fr\/wp-json\/wp\/v2\/product_brand?post=378657"},{"taxonomy":"product_cat","embeddable":true,"href":"https:\/\/www-bromic-be.bromicpimstg.sites.hosting.454.agency\/fr\/wp-json\/wp\/v2\/product_cat?post=378657"},{"taxonomy":"product_tag","embeddable":true,"href":"https:\/\/www-bromic-be.bromicpimstg.sites.hosting.454.agency\/fr\/wp-json\/wp\/v2\/product_tag?post=378657"}],"curies":[{"name":"wp","href":"https:\/\/api.w.org\/{rel}","templated":true}]}}