{"id":377562,"date":"2024-11-07T11:19:30","date_gmt":"2024-11-07T18:19:30","guid":{"rendered":"https:\/\/www-bromic-be.bromicpimstg.sites.hosting.454.agency\/product\/affinity-smart-heat-on-off-controllers\/"},"modified":"2025-10-20T10:31:26","modified_gmt":"2025-10-20T17:31:26","slug":"affinity-smart-heat-on-off-controllers","status":"publish","type":"product","link":"https:\/\/www-bromic-be.bromicpimstg.sites.hosting.454.agency\/fr\/produit\/affinity-smart-heat-on-off-controllers\/","title":{"rendered":"Affinity Smart-Heat\u2122 On\/Off Controllers"},"content":{"rendered":"<p>La s\u00e9rie On\/Off permet d&rsquo;allumer ou d&rsquo;\u00e9teindre les chauffages \u00e0 gaz ou \u00e9lectriques de la collection Platinum ou Tungsten de Bromic \u00e0 pleine capacit\u00e9 \u2013 offrant ainsi un fonctionnement simple et pratique pour l&rsquo;utilisation de vos chauffages ext\u00e9rieurs. Cette s\u00e9rie comprend des options avec 1, 2 et 5 canaux. Chaque canal peut contr\u00f4ler jusqu&rsquo;\u00e0 6000W de puissance ou 10 chauffages \u00e0 gaz. Gr\u00e2ce \u00e0 la connectivit\u00e9 Wi-Fi activ\u00e9e (compatible 2,4 GHz) ou Bluetooth, contr\u00f4lez et personnalisez votre confort via l&rsquo;application Bromic Heating.<\/p>\n<p>Le mod\u00e8le \u00e0 5 canaux triphas\u00e9, bient\u00f4t disponible, est livr\u00e9 avec une carte d&rsquo;extension incluse, permettant une int\u00e9gration Ethernet fluide pour une connexion infaillible \u00e0 vos chauffages ext\u00e9rieurs ou un contr\u00f4le 0-10V pour une int\u00e9gration avec les syst\u00e8mes d&rsquo;automatisation domestique ou commerciale.<\/p>\n","protected":false},"excerpt":{"rendered":"<p>Les meilleurs syst\u00e8mes de chauffage de Bromic sont arriv\u00e9s avec notre collection Affinity Smart-Heat\u2122. La nouvelle s\u00e9rie On\/Off simplifie l&rsquo;installation et am\u00e9liore le confort personnalis\u00e9 gr\u00e2ce \u00e0 une gestion via l&rsquo;application Bromic Heating.<\/p>\n","protected":false},"featured_media":378401,"comment_status":"closed","ping_status":"closed","template":"","meta":{"_acf_changed":false},"product_brand":[],"product_cat":[5488,579],"product_tag":[],"class_list":{"0":"post-377562","1":"product","2":"type-product","3":"status-publish","4":"has-post-thumbnail","6":"product-collection-marine-fr","7":"product-collection-platinum-fr","8":"product-collection-tungsten-fr","9":"product-install-type-encastre-fr","10":"product-install-type-montage-mural-fr","11":"product-install-type-monte-au-plafond-fr","12":"product-fuel-type-electrique-fr","13":"product-fuel-type-gaz-naturel-fr","14":"product-fuel-type-gaz-propane-fr","15":"product_cat-verwarmers-nl-fr","16":"product_cat-controles-fr","18":"first","19":"instock","20":"shipping-taxable","21":"product-type-variable"},"acf":[],"yoast_head":"<!-- This site is optimized with the Yoast SEO plugin v26.1.1 - https:\/\/yoast.com\/wordpress\/plugins\/seo\/ -->\n<title>Affinity Smart-Heat On\/Off Controllers - Bromic Heating Belgi\u00eb<\/title>\n<meta name=\"description\" content=\"D\u00e9couvrez la collection Affinity Smart-Heat\u2122 de Bromic, comprenant notre nouvelle s\u00e9rie On\/Off pour une installation transparente et un confort personnalis\u00e9. Contr\u00f4lez sans effort vos radiateurs ext\u00e9rieurs \u00e0 gaz ou \u00e9lectriques avec l&#039;application Bromic Heating via WiFi ou Bluetooth.\" \/>\n<meta name=\"robots\" content=\"index, follow, max-snippet:-1, max-image-preview:large, max-video-preview:-1\" \/>\n<link rel=\"canonical\" href=\"https:\/\/www-bromic-be.bromicpimstg.sites.hosting.454.agency\/fr\/produit\/affinity-smart-heat-on-off-controllers\/\" \/>\n<meta property=\"og:locale\" content=\"fr_FR\" \/>\n<meta property=\"og:type\" content=\"article\" \/>\n<meta property=\"og:title\" content=\"Affinity Smart-Heat On\/Off Controllers - Bromic Heating Belgi\u00eb\" \/>\n<meta property=\"og:description\" content=\"D\u00e9couvrez la collection Affinity Smart-Heat\u2122 de Bromic, comprenant notre nouvelle s\u00e9rie On\/Off pour une installation transparente et un confort personnalis\u00e9. Contr\u00f4lez sans effort vos radiateurs ext\u00e9rieurs \u00e0 gaz ou \u00e9lectriques avec l&#039;application Bromic Heating via WiFi ou Bluetooth.\" \/>\n<meta property=\"og:url\" content=\"https:\/\/www-bromic-be.bromicpimstg.sites.hosting.454.agency\/fr\/produit\/affinity-smart-heat-on-off-controllers\/\" \/>\n<meta property=\"og:site_name\" content=\"Bromic Heating Belgi\u00eb\" \/>\n<meta property=\"article:modified_time\" content=\"2025-10-20T17:31:26+00:00\" \/>\n<meta property=\"og:image\" content=\"https:\/\/www-bromic-be.bromicpimstg.sites.hosting.454.agency\/wp-content\/uploads\/sites\/14\/2025\/06\/Affinity-OnOff.png\" \/>\n\t<meta property=\"og:image:width\" content=\"600\" \/>\n\t<meta property=\"og:image:height\" content=\"600\" \/>\n\t<meta property=\"og:image:type\" content=\"image\/png\" \/>\n<meta name=\"twitter:card\" content=\"summary_large_image\" \/>\n<meta name=\"twitter:label1\" content=\"Dur\u00e9e de lecture estim\u00e9e\" \/>\n\t<meta name=\"twitter:data1\" content=\"1 minute\" \/>\n<script type=\"application\/ld+json\" class=\"yoast-schema-graph\">{\"@context\":\"https:\/\/schema.org\",\"@graph\":[{\"@type\":\"WebPage\",\"@id\":\"https:\/\/www-bromic-be.bromicpimstg.sites.hosting.454.agency\/fr\/produit\/affinity-smart-heat-on-off-controllers\/\",\"url\":\"https:\/\/www-bromic-be.bromicpimstg.sites.hosting.454.agency\/fr\/produit\/affinity-smart-heat-on-off-controllers\/\",\"name\":\"Affinity Smart-Heat On\/Off Controllers - Bromic Heating Belgi\u00eb\",\"isPartOf\":{\"@id\":\"https:\/\/www-bromic-be.bromicpimstg.sites.hosting.454.agency\/fr\/de\/#website\"},\"primaryImageOfPage\":{\"@id\":\"https:\/\/www-bromic-be.bromicpimstg.sites.hosting.454.agency\/fr\/produit\/affinity-smart-heat-on-off-controllers\/#primaryimage\"},\"image\":{\"@id\":\"https:\/\/www-bromic-be.bromicpimstg.sites.hosting.454.agency\/fr\/produit\/affinity-smart-heat-on-off-controllers\/#primaryimage\"},\"thumbnailUrl\":\"https:\/\/www-bromic-be.bromicpimstg.sites.hosting.454.agency\/wp-content\/uploads\/sites\/14\/2025\/06\/Affinity-OnOff.png\",\"datePublished\":\"2024-11-07T18:19:30+00:00\",\"dateModified\":\"2025-10-20T17:31:26+00:00\",\"description\":\"D\u00e9couvrez la collection Affinity Smart-Heat\u2122 de Bromic, comprenant notre nouvelle s\u00e9rie On\/Off pour une installation transparente et un confort personnalis\u00e9. Contr\u00f4lez sans effort vos radiateurs ext\u00e9rieurs \u00e0 gaz ou \u00e9lectriques avec l'application Bromic Heating via WiFi ou Bluetooth.\",\"breadcrumb\":{\"@id\":\"https:\/\/www-bromic-be.bromicpimstg.sites.hosting.454.agency\/fr\/produit\/affinity-smart-heat-on-off-controllers\/#breadcrumb\"},\"inLanguage\":\"fr-FR\",\"potentialAction\":[{\"@type\":\"ReadAction\",\"target\":[\"https:\/\/www-bromic-be.bromicpimstg.sites.hosting.454.agency\/fr\/produit\/affinity-smart-heat-on-off-controllers\/\"]}]},{\"@type\":\"ImageObject\",\"inLanguage\":\"fr-FR\",\"@id\":\"https:\/\/www-bromic-be.bromicpimstg.sites.hosting.454.agency\/fr\/produit\/affinity-smart-heat-on-off-controllers\/#primaryimage\",\"url\":\"https:\/\/www-bromic-be.bromicpimstg.sites.hosting.454.agency\/wp-content\/uploads\/sites\/14\/2025\/06\/Affinity-OnOff.png\",\"contentUrl\":\"https:\/\/www-bromic-be.bromicpimstg.sites.hosting.454.agency\/wp-content\/uploads\/sites\/14\/2025\/06\/Affinity-OnOff.png\",\"width\":600,\"height\":600},{\"@type\":\"BreadcrumbList\",\"@id\":\"https:\/\/www-bromic-be.bromicpimstg.sites.hosting.454.agency\/fr\/produit\/affinity-smart-heat-on-off-controllers\/#breadcrumb\",\"itemListElement\":[{\"@type\":\"ListItem\",\"position\":1,\"name\":\"Home\",\"item\":\"https:\/\/www-bromic-be.bromicpimstg.sites.hosting.454.agency\/fr\/\"},{\"@type\":\"ListItem\",\"position\":2,\"name\":\"Produits\",\"item\":\"https:\/\/www-bromic-be.bromicpimstg.sites.hosting.454.agency\/fr\/boutique\/\"},{\"@type\":\"ListItem\",\"position\":3,\"name\":\"Affinity Smart-Heat\u2122 On\/Off Controllers\"}]},{\"@type\":\"WebSite\",\"@id\":\"https:\/\/www-bromic-be.bromicpimstg.sites.hosting.454.agency\/fr\/de\/#website\",\"url\":\"https:\/\/www-bromic-be.bromicpimstg.sites.hosting.454.agency\/fr\/de\/\",\"name\":\"Bromic Heating Belgi\u00eb\",\"description\":\"\",\"publisher\":{\"@id\":\"https:\/\/www-bromic-be.bromicpimstg.sites.hosting.454.agency\/fr\/de\/#organization\"},\"potentialAction\":[{\"@type\":\"SearchAction\",\"target\":{\"@type\":\"EntryPoint\",\"urlTemplate\":\"https:\/\/www-bromic-be.bromicpimstg.sites.hosting.454.agency\/fr\/de\/?s={search_term_string}\"},\"query-input\":{\"@type\":\"PropertyValueSpecification\",\"valueRequired\":true,\"valueName\":\"search_term_string\"}}],\"inLanguage\":\"fr-FR\"},{\"@type\":\"Organization\",\"@id\":\"https:\/\/www-bromic-be.bromicpimstg.sites.hosting.454.agency\/fr\/de\/#organization\",\"name\":\"Bromic Heating Belgi\u00eb\",\"url\":\"https:\/\/www-bromic-be.bromicpimstg.sites.hosting.454.agency\/fr\/de\/\",\"logo\":{\"@type\":\"ImageObject\",\"inLanguage\":\"fr-FR\",\"@id\":\"https:\/\/www-bromic-be.bromicpimstg.sites.hosting.454.agency\/fr\/de\/#\/schema\/logo\/image\/\",\"url\":\"https:\/\/www-bromic-be.bromicpimstg.sites.hosting.454.agency\/wp-content\/uploads\/sites\/14\/2021\/09\/bromic-logo.png\",\"contentUrl\":\"https:\/\/www-bromic-be.bromicpimstg.sites.hosting.454.agency\/wp-content\/uploads\/sites\/14\/2021\/09\/bromic-logo.png\",\"width\":1000,\"height\":342,\"caption\":\"Bromic Heating Belgi\u00eb\"},\"image\":{\"@id\":\"https:\/\/www-bromic-be.bromicpimstg.sites.hosting.454.agency\/fr\/de\/#\/schema\/logo\/image\/\"}}]}<\/script>\n<!-- \/ Yoast SEO plugin. -->","yoast_head_json":{"title":"Affinity Smart-Heat On\/Off Controllers - Bromic Heating Belgi\u00eb","description":"D\u00e9couvrez la collection Affinity Smart-Heat\u2122 de Bromic, comprenant notre nouvelle s\u00e9rie On\/Off pour une installation transparente et un confort personnalis\u00e9. Contr\u00f4lez sans effort vos radiateurs ext\u00e9rieurs \u00e0 gaz ou \u00e9lectriques avec l'application Bromic Heating via WiFi ou Bluetooth.","robots":{"index":"index","follow":"follow","max-snippet":"max-snippet:-1","max-image-preview":"max-image-preview:large","max-video-preview":"max-video-preview:-1"},"canonical":"https:\/\/www-bromic-be.bromicpimstg.sites.hosting.454.agency\/fr\/produit\/affinity-smart-heat-on-off-controllers\/","og_locale":"fr_FR","og_type":"article","og_title":"Affinity Smart-Heat On\/Off Controllers - Bromic Heating Belgi\u00eb","og_description":"D\u00e9couvrez la collection Affinity Smart-Heat\u2122 de Bromic, comprenant notre nouvelle s\u00e9rie On\/Off pour une installation transparente et un confort personnalis\u00e9. Contr\u00f4lez sans effort vos radiateurs ext\u00e9rieurs \u00e0 gaz ou \u00e9lectriques avec l'application Bromic Heating via WiFi ou Bluetooth.","og_url":"https:\/\/www-bromic-be.bromicpimstg.sites.hosting.454.agency\/fr\/produit\/affinity-smart-heat-on-off-controllers\/","og_site_name":"Bromic Heating Belgi\u00eb","article_modified_time":"2025-10-20T17:31:26+00:00","og_image":[{"width":600,"height":600,"url":"https:\/\/www-bromic-be.bromicpimstg.sites.hosting.454.agency\/wp-content\/uploads\/sites\/14\/2025\/06\/Affinity-OnOff.png","type":"image\/png"}],"twitter_card":"summary_large_image","twitter_misc":{"Dur\u00e9e de lecture estim\u00e9e":"1 minute"},"schema":{"@context":"https:\/\/schema.org","@graph":[{"@type":"WebPage","@id":"https:\/\/www-bromic-be.bromicpimstg.sites.hosting.454.agency\/fr\/produit\/affinity-smart-heat-on-off-controllers\/","url":"https:\/\/www-bromic-be.bromicpimstg.sites.hosting.454.agency\/fr\/produit\/affinity-smart-heat-on-off-controllers\/","name":"Affinity Smart-Heat On\/Off Controllers - Bromic Heating Belgi\u00eb","isPartOf":{"@id":"https:\/\/www-bromic-be.bromicpimstg.sites.hosting.454.agency\/fr\/de\/#website"},"primaryImageOfPage":{"@id":"https:\/\/www-bromic-be.bromicpimstg.sites.hosting.454.agency\/fr\/produit\/affinity-smart-heat-on-off-controllers\/#primaryimage"},"image":{"@id":"https:\/\/www-bromic-be.bromicpimstg.sites.hosting.454.agency\/fr\/produit\/affinity-smart-heat-on-off-controllers\/#primaryimage"},"thumbnailUrl":"https:\/\/www-bromic-be.bromicpimstg.sites.hosting.454.agency\/wp-content\/uploads\/sites\/14\/2025\/06\/Affinity-OnOff.png","datePublished":"2024-11-07T18:19:30+00:00","dateModified":"2025-10-20T17:31:26+00:00","description":"D\u00e9couvrez la collection Affinity Smart-Heat\u2122 de Bromic, comprenant notre nouvelle s\u00e9rie On\/Off pour une installation transparente et un confort personnalis\u00e9. Contr\u00f4lez sans effort vos radiateurs ext\u00e9rieurs \u00e0 gaz ou \u00e9lectriques avec l'application Bromic Heating via WiFi ou Bluetooth.","breadcrumb":{"@id":"https:\/\/www-bromic-be.bromicpimstg.sites.hosting.454.agency\/fr\/produit\/affinity-smart-heat-on-off-controllers\/#breadcrumb"},"inLanguage":"fr-FR","potentialAction":[{"@type":"ReadAction","target":["https:\/\/www-bromic-be.bromicpimstg.sites.hosting.454.agency\/fr\/produit\/affinity-smart-heat-on-off-controllers\/"]}]},{"@type":"ImageObject","inLanguage":"fr-FR","@id":"https:\/\/www-bromic-be.bromicpimstg.sites.hosting.454.agency\/fr\/produit\/affinity-smart-heat-on-off-controllers\/#primaryimage","url":"https:\/\/www-bromic-be.bromicpimstg.sites.hosting.454.agency\/wp-content\/uploads\/sites\/14\/2025\/06\/Affinity-OnOff.png","contentUrl":"https:\/\/www-bromic-be.bromicpimstg.sites.hosting.454.agency\/wp-content\/uploads\/sites\/14\/2025\/06\/Affinity-OnOff.png","width":600,"height":600},{"@type":"BreadcrumbList","@id":"https:\/\/www-bromic-be.bromicpimstg.sites.hosting.454.agency\/fr\/produit\/affinity-smart-heat-on-off-controllers\/#breadcrumb","itemListElement":[{"@type":"ListItem","position":1,"name":"Home","item":"https:\/\/www-bromic-be.bromicpimstg.sites.hosting.454.agency\/fr\/"},{"@type":"ListItem","position":2,"name":"Produits","item":"https:\/\/www-bromic-be.bromicpimstg.sites.hosting.454.agency\/fr\/boutique\/"},{"@type":"ListItem","position":3,"name":"Affinity Smart-Heat\u2122 On\/Off Controllers"}]},{"@type":"WebSite","@id":"https:\/\/www-bromic-be.bromicpimstg.sites.hosting.454.agency\/fr\/de\/#website","url":"https:\/\/www-bromic-be.bromicpimstg.sites.hosting.454.agency\/fr\/de\/","name":"Bromic Heating Belgi\u00eb","description":"","publisher":{"@id":"https:\/\/www-bromic-be.bromicpimstg.sites.hosting.454.agency\/fr\/de\/#organization"},"potentialAction":[{"@type":"SearchAction","target":{"@type":"EntryPoint","urlTemplate":"https:\/\/www-bromic-be.bromicpimstg.sites.hosting.454.agency\/fr\/de\/?s={search_term_string}"},"query-input":{"@type":"PropertyValueSpecification","valueRequired":true,"valueName":"search_term_string"}}],"inLanguage":"fr-FR"},{"@type":"Organization","@id":"https:\/\/www-bromic-be.bromicpimstg.sites.hosting.454.agency\/fr\/de\/#organization","name":"Bromic Heating Belgi\u00eb","url":"https:\/\/www-bromic-be.bromicpimstg.sites.hosting.454.agency\/fr\/de\/","logo":{"@type":"ImageObject","inLanguage":"fr-FR","@id":"https:\/\/www-bromic-be.bromicpimstg.sites.hosting.454.agency\/fr\/de\/#\/schema\/logo\/image\/","url":"https:\/\/www-bromic-be.bromicpimstg.sites.hosting.454.agency\/wp-content\/uploads\/sites\/14\/2021\/09\/bromic-logo.png","contentUrl":"https:\/\/www-bromic-be.bromicpimstg.sites.hosting.454.agency\/wp-content\/uploads\/sites\/14\/2021\/09\/bromic-logo.png","width":1000,"height":342,"caption":"Bromic Heating Belgi\u00eb"},"image":{"@id":"https:\/\/www-bromic-be.bromicpimstg.sites.hosting.454.agency\/fr\/de\/#\/schema\/logo\/image\/"}}]}},"_links":{"self":[{"href":"https:\/\/www-bromic-be.bromicpimstg.sites.hosting.454.agency\/fr\/wp-json\/wp\/v2\/product\/377562","targetHints":{"allow":["GET"]}}],"collection":[{"href":"https:\/\/www-bromic-be.bromicpimstg.sites.hosting.454.agency\/fr\/wp-json\/wp\/v2\/product"}],"about":[{"href":"https:\/\/www-bromic-be.bromicpimstg.sites.hosting.454.agency\/fr\/wp-json\/wp\/v2\/types\/product"}],"replies":[{"embeddable":true,"href":"https:\/\/www-bromic-be.bromicpimstg.sites.hosting.454.agency\/fr\/wp-json\/wp\/v2\/comments?post=377562"}],"wp:featuredmedia":[{"embeddable":true,"href":"https:\/\/www-bromic-be.bromicpimstg.sites.hosting.454.agency\/fr\/wp-json\/wp\/v2\/media\/378401"}],"wp:attachment":[{"href":"https:\/\/www-bromic-be.bromicpimstg.sites.hosting.454.agency\/fr\/wp-json\/wp\/v2\/media?parent=377562"}],"wp:term":[{"taxonomy":"product_brand","embeddable":true,"href":"https:\/\/www-bromic-be.bromicpimstg.sites.hosting.454.agency\/fr\/wp-json\/wp\/v2\/product_brand?post=377562"},{"taxonomy":"product_cat","embeddable":true,"href":"https:\/\/www-bromic-be.bromicpimstg.sites.hosting.454.agency\/fr\/wp-json\/wp\/v2\/product_cat?post=377562"},{"taxonomy":"product_tag","embeddable":true,"href":"https:\/\/www-bromic-be.bromicpimstg.sites.hosting.454.agency\/fr\/wp-json\/wp\/v2\/product_tag?post=377562"}],"curies":[{"name":"wp","href":"https:\/\/api.w.org\/{rel}","templated":true}]}}