{"id":375406,"date":"2021-10-04T14:18:26","date_gmt":"2021-10-04T21:18:26","guid":{"rendered":"https:\/\/www-bromic-be.bromicpimstg.sites.hosting.454.agency\/product\/platinum-smart-heat-gas\/"},"modified":"2025-06-27T13:50:51","modified_gmt":"2025-06-27T20:50:51","slug":"platinum-smart-heat-gas","status":"publish","type":"product","link":"https:\/\/www-bromic-be.bromicpimstg.sites.hosting.454.agency\/fr\/produit\/platinum-smart-heat-gas\/","title":{"rendered":"Platinum Smart-Heat\u2122 Gas"},"content":{"rendered":"<p>Ajoutez du style et de la chaleur \u00e0 votre patio avec la gamme Platinum Gas de Bromic. Ce radiateur puissant combine un design \u00e9l\u00e9gant avec une technologie de pointe. Avec sa fa\u00e7ade en c\u00e9ramique caract\u00e9ristique dans une finition noire \u00e9l\u00e9gante, le Bromic Platinum Gas produira non seulement un effet magnifique sur votre mur ou votre plafond, mais projettera \u00e9galement rapidement et en profondeur une chaleur radiante dans votre espace ext\u00e9rieur (jusqu&rsquo;\u00e0 20 m2) tout en ajoutant une couche suppl\u00e9mentaire de confort avec sa douce lueur rouge. La s\u00e9rie Platinum Gas est adapt\u00e9e \u00e0 des vents allant jusqu&rsquo;\u00e0 20 km\/h afin de vous garder, vous et vos invit\u00e9s, au chaud dans toutes les conditions.<\/p>\n","protected":false},"excerpt":{"rendered":"<p>Design \u00e9l\u00e9gant sans compromis. La s\u00e9rie de radiateurs au Platinum Smart-Heat\u2122 Gas est dot\u00e9e d\u2019une fa\u00e7ade en c\u00e9ramique caract\u00e9ristique qui offre une distribution uniforme et efficace de la chaleur sur une grande surface. Disponible en deux tailles avec un large \u00e9ventail d\u2019options de montage au plafond et au mur.<\/p>\n","protected":false},"featured_media":378331,"comment_status":"closed","ping_status":"closed","template":"","meta":{"_acf_changed":false},"product_brand":[],"product_cat":[581],"product_tag":[],"class_list":{"0":"post-375406","1":"product","2":"type-product","3":"status-publish","4":"has-post-thumbnail","6":"product-collection-platinum-fr","7":"product-install-type-montage-mural-fr","8":"product-install-type-monte-au-plafond-fr","9":"product-fuel-type-gaz-naturel-fr","10":"product-fuel-type-gaz-propane-fr","11":"product-color-acier-inoxydable-fr","12":"product_cat-chauffage-fr","14":"first","15":"instock","16":"shipping-taxable","17":"product-type-variable"},"acf":[],"yoast_head":"<!-- This site is optimized with the Yoast SEO plugin v26.1.1 - https:\/\/yoast.com\/wordpress\/plugins\/seo\/ -->\n<title>Platinum Smart-Heat\u2122 Gas - Bromic Heating Belgi\u00eb<\/title>\n<meta name=\"description\" content=\"Design \u00e9l\u00e9gant sans compromis. La s\u00e9rie de radiateurs au Platinum Smart-Heat\u2122 Gas est dot\u00e9e d\u2019une fa\u00e7ade en c\u00e9ramique caract\u00e9ristique qui offre une distribution uniforme et efficace de la chaleur sur une grande surface. Disponible en deux tailles avec un large \u00e9ventail d\u2019options de montage au plafond et au mur.\" \/>\n<meta name=\"robots\" content=\"index, follow, max-snippet:-1, max-image-preview:large, max-video-preview:-1\" \/>\n<link rel=\"canonical\" href=\"https:\/\/www-bromic-be.bromicpimstg.sites.hosting.454.agency\/fr\/produit\/platinum-smart-heat-gas\/\" \/>\n<meta property=\"og:locale\" content=\"fr_FR\" \/>\n<meta property=\"og:type\" content=\"article\" \/>\n<meta property=\"og:title\" content=\"Platinum Smart-Heat\u2122 Gas - Bromic Heating Belgi\u00eb\" \/>\n<meta property=\"og:description\" content=\"Design \u00e9l\u00e9gant sans compromis. La s\u00e9rie de radiateurs au Platinum Smart-Heat\u2122 Gas est dot\u00e9e d\u2019une fa\u00e7ade en c\u00e9ramique caract\u00e9ristique qui offre une distribution uniforme et efficace de la chaleur sur une grande surface. Disponible en deux tailles avec un large \u00e9ventail d\u2019options de montage au plafond et au mur.\" \/>\n<meta property=\"og:url\" content=\"https:\/\/www-bromic-be.bromicpimstg.sites.hosting.454.agency\/fr\/produit\/platinum-smart-heat-gas\/\" \/>\n<meta property=\"og:site_name\" content=\"Bromic Heating Belgi\u00eb\" \/>\n<meta property=\"article:modified_time\" content=\"2025-06-27T20:50:51+00:00\" \/>\n<meta property=\"og:image\" content=\"https:\/\/www-bromic-be.bromicpimstg.sites.hosting.454.agency\/wp-content\/uploads\/sites\/14\/2025\/06\/Platinum-Gas-300.png\" \/>\n\t<meta property=\"og:image:width\" content=\"3375\" \/>\n\t<meta property=\"og:image:height\" content=\"3375\" \/>\n\t<meta property=\"og:image:type\" content=\"image\/png\" \/>\n<meta name=\"twitter:card\" content=\"summary_large_image\" \/>\n<meta name=\"twitter:label1\" content=\"Dur\u00e9e de lecture estim\u00e9e\" \/>\n\t<meta name=\"twitter:data1\" content=\"1 minute\" \/>\n<script type=\"application\/ld+json\" class=\"yoast-schema-graph\">{\"@context\":\"https:\/\/schema.org\",\"@graph\":[{\"@type\":\"WebPage\",\"@id\":\"https:\/\/www-bromic-be.bromicpimstg.sites.hosting.454.agency\/fr\/produit\/platinum-smart-heat-gas\/\",\"url\":\"https:\/\/www-bromic-be.bromicpimstg.sites.hosting.454.agency\/fr\/produit\/platinum-smart-heat-gas\/\",\"name\":\"Platinum Smart-Heat\u2122 Gas - Bromic Heating Belgi\u00eb\",\"isPartOf\":{\"@id\":\"https:\/\/www-bromic-be.bromicpimstg.sites.hosting.454.agency\/fr\/de\/#website\"},\"primaryImageOfPage\":{\"@id\":\"https:\/\/www-bromic-be.bromicpimstg.sites.hosting.454.agency\/fr\/produit\/platinum-smart-heat-gas\/#primaryimage\"},\"image\":{\"@id\":\"https:\/\/www-bromic-be.bromicpimstg.sites.hosting.454.agency\/fr\/produit\/platinum-smart-heat-gas\/#primaryimage\"},\"thumbnailUrl\":\"https:\/\/www-bromic-be.bromicpimstg.sites.hosting.454.agency\/wp-content\/uploads\/sites\/14\/2025\/06\/Platinum-Gas-300.png\",\"datePublished\":\"2021-10-04T21:18:26+00:00\",\"dateModified\":\"2025-06-27T20:50:51+00:00\",\"description\":\"Design \u00e9l\u00e9gant sans compromis. La s\u00e9rie de radiateurs au Platinum Smart-Heat\u2122 Gas est dot\u00e9e d\u2019une fa\u00e7ade en c\u00e9ramique caract\u00e9ristique qui offre une distribution uniforme et efficace de la chaleur sur une grande surface. Disponible en deux tailles avec un large \u00e9ventail d\u2019options de montage au plafond et au mur.\",\"breadcrumb\":{\"@id\":\"https:\/\/www-bromic-be.bromicpimstg.sites.hosting.454.agency\/fr\/produit\/platinum-smart-heat-gas\/#breadcrumb\"},\"inLanguage\":\"fr-FR\",\"potentialAction\":[{\"@type\":\"ReadAction\",\"target\":[\"https:\/\/www-bromic-be.bromicpimstg.sites.hosting.454.agency\/fr\/produit\/platinum-smart-heat-gas\/\"]}]},{\"@type\":\"ImageObject\",\"inLanguage\":\"fr-FR\",\"@id\":\"https:\/\/www-bromic-be.bromicpimstg.sites.hosting.454.agency\/fr\/produit\/platinum-smart-heat-gas\/#primaryimage\",\"url\":\"https:\/\/www-bromic-be.bromicpimstg.sites.hosting.454.agency\/wp-content\/uploads\/sites\/14\/2025\/06\/Platinum-Gas-300.png\",\"contentUrl\":\"https:\/\/www-bromic-be.bromicpimstg.sites.hosting.454.agency\/wp-content\/uploads\/sites\/14\/2025\/06\/Platinum-Gas-300.png\",\"width\":3375,\"height\":3375},{\"@type\":\"BreadcrumbList\",\"@id\":\"https:\/\/www-bromic-be.bromicpimstg.sites.hosting.454.agency\/fr\/produit\/platinum-smart-heat-gas\/#breadcrumb\",\"itemListElement\":[{\"@type\":\"ListItem\",\"position\":1,\"name\":\"Home\",\"item\":\"https:\/\/www-bromic-be.bromicpimstg.sites.hosting.454.agency\/fr\/\"},{\"@type\":\"ListItem\",\"position\":2,\"name\":\"Produits\",\"item\":\"https:\/\/www-bromic-be.bromicpimstg.sites.hosting.454.agency\/fr\/boutique\/\"},{\"@type\":\"ListItem\",\"position\":3,\"name\":\"Platinum Smart-Heat\u2122 Gas\"}]},{\"@type\":\"WebSite\",\"@id\":\"https:\/\/www-bromic-be.bromicpimstg.sites.hosting.454.agency\/fr\/de\/#website\",\"url\":\"https:\/\/www-bromic-be.bromicpimstg.sites.hosting.454.agency\/fr\/de\/\",\"name\":\"Bromic Heating Belgi\u00eb\",\"description\":\"\",\"publisher\":{\"@id\":\"https:\/\/www-bromic-be.bromicpimstg.sites.hosting.454.agency\/fr\/de\/#organization\"},\"potentialAction\":[{\"@type\":\"SearchAction\",\"target\":{\"@type\":\"EntryPoint\",\"urlTemplate\":\"https:\/\/www-bromic-be.bromicpimstg.sites.hosting.454.agency\/fr\/de\/?s={search_term_string}\"},\"query-input\":{\"@type\":\"PropertyValueSpecification\",\"valueRequired\":true,\"valueName\":\"search_term_string\"}}],\"inLanguage\":\"fr-FR\"},{\"@type\":\"Organization\",\"@id\":\"https:\/\/www-bromic-be.bromicpimstg.sites.hosting.454.agency\/fr\/de\/#organization\",\"name\":\"Bromic Heating Belgi\u00eb\",\"url\":\"https:\/\/www-bromic-be.bromicpimstg.sites.hosting.454.agency\/fr\/de\/\",\"logo\":{\"@type\":\"ImageObject\",\"inLanguage\":\"fr-FR\",\"@id\":\"https:\/\/www-bromic-be.bromicpimstg.sites.hosting.454.agency\/fr\/de\/#\/schema\/logo\/image\/\",\"url\":\"https:\/\/www-bromic-be.bromicpimstg.sites.hosting.454.agency\/wp-content\/uploads\/sites\/14\/2021\/09\/bromic-logo.png\",\"contentUrl\":\"https:\/\/www-bromic-be.bromicpimstg.sites.hosting.454.agency\/wp-content\/uploads\/sites\/14\/2021\/09\/bromic-logo.png\",\"width\":1000,\"height\":342,\"caption\":\"Bromic Heating Belgi\u00eb\"},\"image\":{\"@id\":\"https:\/\/www-bromic-be.bromicpimstg.sites.hosting.454.agency\/fr\/de\/#\/schema\/logo\/image\/\"}}]}<\/script>\n<!-- \/ Yoast SEO plugin. -->","yoast_head_json":{"title":"Platinum Smart-Heat\u2122 Gas - Bromic Heating Belgi\u00eb","description":"Design \u00e9l\u00e9gant sans compromis. La s\u00e9rie de radiateurs au Platinum Smart-Heat\u2122 Gas est dot\u00e9e d\u2019une fa\u00e7ade en c\u00e9ramique caract\u00e9ristique qui offre une distribution uniforme et efficace de la chaleur sur une grande surface. Disponible en deux tailles avec un large \u00e9ventail d\u2019options de montage au plafond et au mur.","robots":{"index":"index","follow":"follow","max-snippet":"max-snippet:-1","max-image-preview":"max-image-preview:large","max-video-preview":"max-video-preview:-1"},"canonical":"https:\/\/www-bromic-be.bromicpimstg.sites.hosting.454.agency\/fr\/produit\/platinum-smart-heat-gas\/","og_locale":"fr_FR","og_type":"article","og_title":"Platinum Smart-Heat\u2122 Gas - Bromic Heating Belgi\u00eb","og_description":"Design \u00e9l\u00e9gant sans compromis. La s\u00e9rie de radiateurs au Platinum Smart-Heat\u2122 Gas est dot\u00e9e d\u2019une fa\u00e7ade en c\u00e9ramique caract\u00e9ristique qui offre une distribution uniforme et efficace de la chaleur sur une grande surface. Disponible en deux tailles avec un large \u00e9ventail d\u2019options de montage au plafond et au mur.","og_url":"https:\/\/www-bromic-be.bromicpimstg.sites.hosting.454.agency\/fr\/produit\/platinum-smart-heat-gas\/","og_site_name":"Bromic Heating Belgi\u00eb","article_modified_time":"2025-06-27T20:50:51+00:00","og_image":[{"width":3375,"height":3375,"url":"https:\/\/www-bromic-be.bromicpimstg.sites.hosting.454.agency\/wp-content\/uploads\/sites\/14\/2025\/06\/Platinum-Gas-300.png","type":"image\/png"}],"twitter_card":"summary_large_image","twitter_misc":{"Dur\u00e9e de lecture estim\u00e9e":"1 minute"},"schema":{"@context":"https:\/\/schema.org","@graph":[{"@type":"WebPage","@id":"https:\/\/www-bromic-be.bromicpimstg.sites.hosting.454.agency\/fr\/produit\/platinum-smart-heat-gas\/","url":"https:\/\/www-bromic-be.bromicpimstg.sites.hosting.454.agency\/fr\/produit\/platinum-smart-heat-gas\/","name":"Platinum Smart-Heat\u2122 Gas - Bromic Heating Belgi\u00eb","isPartOf":{"@id":"https:\/\/www-bromic-be.bromicpimstg.sites.hosting.454.agency\/fr\/de\/#website"},"primaryImageOfPage":{"@id":"https:\/\/www-bromic-be.bromicpimstg.sites.hosting.454.agency\/fr\/produit\/platinum-smart-heat-gas\/#primaryimage"},"image":{"@id":"https:\/\/www-bromic-be.bromicpimstg.sites.hosting.454.agency\/fr\/produit\/platinum-smart-heat-gas\/#primaryimage"},"thumbnailUrl":"https:\/\/www-bromic-be.bromicpimstg.sites.hosting.454.agency\/wp-content\/uploads\/sites\/14\/2025\/06\/Platinum-Gas-300.png","datePublished":"2021-10-04T21:18:26+00:00","dateModified":"2025-06-27T20:50:51+00:00","description":"Design \u00e9l\u00e9gant sans compromis. La s\u00e9rie de radiateurs au Platinum Smart-Heat\u2122 Gas est dot\u00e9e d\u2019une fa\u00e7ade en c\u00e9ramique caract\u00e9ristique qui offre une distribution uniforme et efficace de la chaleur sur une grande surface. Disponible en deux tailles avec un large \u00e9ventail d\u2019options de montage au plafond et au mur.","breadcrumb":{"@id":"https:\/\/www-bromic-be.bromicpimstg.sites.hosting.454.agency\/fr\/produit\/platinum-smart-heat-gas\/#breadcrumb"},"inLanguage":"fr-FR","potentialAction":[{"@type":"ReadAction","target":["https:\/\/www-bromic-be.bromicpimstg.sites.hosting.454.agency\/fr\/produit\/platinum-smart-heat-gas\/"]}]},{"@type":"ImageObject","inLanguage":"fr-FR","@id":"https:\/\/www-bromic-be.bromicpimstg.sites.hosting.454.agency\/fr\/produit\/platinum-smart-heat-gas\/#primaryimage","url":"https:\/\/www-bromic-be.bromicpimstg.sites.hosting.454.agency\/wp-content\/uploads\/sites\/14\/2025\/06\/Platinum-Gas-300.png","contentUrl":"https:\/\/www-bromic-be.bromicpimstg.sites.hosting.454.agency\/wp-content\/uploads\/sites\/14\/2025\/06\/Platinum-Gas-300.png","width":3375,"height":3375},{"@type":"BreadcrumbList","@id":"https:\/\/www-bromic-be.bromicpimstg.sites.hosting.454.agency\/fr\/produit\/platinum-smart-heat-gas\/#breadcrumb","itemListElement":[{"@type":"ListItem","position":1,"name":"Home","item":"https:\/\/www-bromic-be.bromicpimstg.sites.hosting.454.agency\/fr\/"},{"@type":"ListItem","position":2,"name":"Produits","item":"https:\/\/www-bromic-be.bromicpimstg.sites.hosting.454.agency\/fr\/boutique\/"},{"@type":"ListItem","position":3,"name":"Platinum Smart-Heat\u2122 Gas"}]},{"@type":"WebSite","@id":"https:\/\/www-bromic-be.bromicpimstg.sites.hosting.454.agency\/fr\/de\/#website","url":"https:\/\/www-bromic-be.bromicpimstg.sites.hosting.454.agency\/fr\/de\/","name":"Bromic Heating Belgi\u00eb","description":"","publisher":{"@id":"https:\/\/www-bromic-be.bromicpimstg.sites.hosting.454.agency\/fr\/de\/#organization"},"potentialAction":[{"@type":"SearchAction","target":{"@type":"EntryPoint","urlTemplate":"https:\/\/www-bromic-be.bromicpimstg.sites.hosting.454.agency\/fr\/de\/?s={search_term_string}"},"query-input":{"@type":"PropertyValueSpecification","valueRequired":true,"valueName":"search_term_string"}}],"inLanguage":"fr-FR"},{"@type":"Organization","@id":"https:\/\/www-bromic-be.bromicpimstg.sites.hosting.454.agency\/fr\/de\/#organization","name":"Bromic Heating Belgi\u00eb","url":"https:\/\/www-bromic-be.bromicpimstg.sites.hosting.454.agency\/fr\/de\/","logo":{"@type":"ImageObject","inLanguage":"fr-FR","@id":"https:\/\/www-bromic-be.bromicpimstg.sites.hosting.454.agency\/fr\/de\/#\/schema\/logo\/image\/","url":"https:\/\/www-bromic-be.bromicpimstg.sites.hosting.454.agency\/wp-content\/uploads\/sites\/14\/2021\/09\/bromic-logo.png","contentUrl":"https:\/\/www-bromic-be.bromicpimstg.sites.hosting.454.agency\/wp-content\/uploads\/sites\/14\/2021\/09\/bromic-logo.png","width":1000,"height":342,"caption":"Bromic Heating Belgi\u00eb"},"image":{"@id":"https:\/\/www-bromic-be.bromicpimstg.sites.hosting.454.agency\/fr\/de\/#\/schema\/logo\/image\/"}}]}},"_links":{"self":[{"href":"https:\/\/www-bromic-be.bromicpimstg.sites.hosting.454.agency\/fr\/wp-json\/wp\/v2\/product\/375406","targetHints":{"allow":["GET"]}}],"collection":[{"href":"https:\/\/www-bromic-be.bromicpimstg.sites.hosting.454.agency\/fr\/wp-json\/wp\/v2\/product"}],"about":[{"href":"https:\/\/www-bromic-be.bromicpimstg.sites.hosting.454.agency\/fr\/wp-json\/wp\/v2\/types\/product"}],"replies":[{"embeddable":true,"href":"https:\/\/www-bromic-be.bromicpimstg.sites.hosting.454.agency\/fr\/wp-json\/wp\/v2\/comments?post=375406"}],"wp:featuredmedia":[{"embeddable":true,"href":"https:\/\/www-bromic-be.bromicpimstg.sites.hosting.454.agency\/fr\/wp-json\/wp\/v2\/media\/378331"}],"wp:attachment":[{"href":"https:\/\/www-bromic-be.bromicpimstg.sites.hosting.454.agency\/fr\/wp-json\/wp\/v2\/media?parent=375406"}],"wp:term":[{"taxonomy":"product_brand","embeddable":true,"href":"https:\/\/www-bromic-be.bromicpimstg.sites.hosting.454.agency\/fr\/wp-json\/wp\/v2\/product_brand?post=375406"},{"taxonomy":"product_cat","embeddable":true,"href":"https:\/\/www-bromic-be.bromicpimstg.sites.hosting.454.agency\/fr\/wp-json\/wp\/v2\/product_cat?post=375406"},{"taxonomy":"product_tag","embeddable":true,"href":"https:\/\/www-bromic-be.bromicpimstg.sites.hosting.454.agency\/fr\/wp-json\/wp\/v2\/product_tag?post=375406"}],"curies":[{"name":"wp","href":"https:\/\/api.w.org\/{rel}","templated":true}]}}