{"id":375360,"date":"2021-08-05T06:43:26","date_gmt":"2021-08-05T13:43:26","guid":{"rendered":"https:\/\/www-bromic-be.bromicpimstg.sites.hosting.454.agency\/product\/poteaux-de-montage-pour-gaz\/"},"modified":"2025-06-27T13:33:47","modified_gmt":"2025-06-27T20:33:47","slug":"poteaux-de-montage-pour-gaz","status":"publish","type":"product","link":"https:\/\/www-bromic-be.bromicpimstg.sites.hosting.454.agency\/fr\/produit\/poteaux-de-montage-pour-gaz\/","title":{"rendered":"Poteaux de montage (gaz)"},"content":{"rendered":"<p>Les poteaux de montage Bromic Gas garantissent une suspension de votre radiateur au gaz exactement \u00e0 la bonne hauteur, entre 2,4 m et 3,5 m. Le radiateur fournit ainsi la quantit\u00e9 optimale de chaleur. Adapt\u00e9s \u00e0 nos gammes de radiateurs au gaz Tungsten et Platinum, les poteaux sont disponibles en six tailles diff\u00e9rentes pour s\u2019adapter \u00e0 diff\u00e9rentes hauteurs de plafond.<\/p>\n","protected":false},"excerpt":{"rendered":"<p>Les poteaux de montage Bromic Gas garantissent une suspension de votre radiateur au gaz exactement \u00e0 la bonne hauteur, entre 2,4 m et 3,5 m. Le radiateur fournit ainsi la quantit\u00e9 optimale de chaleur. Adapt\u00e9s \u00e0 nos gammes de radiateurs au gaz Tungsten et Platinum, les poteaux sont disponibles en six tailles diff\u00e9rentes pour s\u2019adapter [&hellip;]<\/p>\n","protected":false},"featured_media":378513,"comment_status":"closed","ping_status":"closed","template":"","meta":{"_acf_changed":false},"product_brand":[],"product_cat":[577],"product_tag":[],"class_list":{"0":"post-375360","1":"product","2":"type-product","3":"status-publish","4":"has-post-thumbnail","6":"product-collection-platinum-fr","7":"product-collection-tungsten-fr","8":"product-install-type-monte-au-plafond-fr","9":"product-fuel-type-gaz-naturel-fr","10":"product-fuel-type-gaz-propane-fr","11":"product_cat-accessoires-fr","13":"first","14":"instock","15":"shipping-taxable","16":"product-type-variable"},"acf":[],"yoast_head":"<!-- This site is optimized with the Yoast SEO plugin v26.1.1 - https:\/\/yoast.com\/wordpress\/plugins\/seo\/ -->\n<title>Poteaux de montage (gaz) - Bromic Heating Belgi\u00eb<\/title>\n<meta name=\"description\" content=\"Les poteaux de montage Bromic Gas garantissent une suspension de votre radiateur au gaz exactement \u00e0 la bonne hauteur, entre 2,4 m et 3,5 m. Le radiateur\" \/>\n<meta name=\"robots\" content=\"index, follow, max-snippet:-1, max-image-preview:large, max-video-preview:-1\" \/>\n<link rel=\"canonical\" href=\"https:\/\/www-bromic-be.bromicpimstg.sites.hosting.454.agency\/fr\/produit\/poteaux-de-montage-pour-gaz\/\" \/>\n<meta property=\"og:locale\" content=\"fr_FR\" \/>\n<meta property=\"og:type\" content=\"article\" \/>\n<meta property=\"og:title\" content=\"Poteaux de montage (gaz) - Bromic Heating Belgi\u00eb\" \/>\n<meta property=\"og:description\" content=\"Les poteaux de montage Bromic Gas garantissent une suspension de votre radiateur au gaz exactement \u00e0 la bonne hauteur, entre 2,4 m et 3,5 m. Le radiateur\" \/>\n<meta property=\"og:url\" content=\"https:\/\/www-bromic-be.bromicpimstg.sites.hosting.454.agency\/fr\/produit\/poteaux-de-montage-pour-gaz\/\" \/>\n<meta property=\"og:site_name\" content=\"Bromic Heating Belgi\u00eb\" \/>\n<meta property=\"article:modified_time\" content=\"2025-06-27T20:33:47+00:00\" \/>\n<meta property=\"og:image\" content=\"https:\/\/www-bromic-be.bromicpimstg.sites.hosting.454.agency\/wp-content\/uploads\/sites\/14\/2025\/06\/Gas-Ceiling-Mount-Pole.png\" \/>\n\t<meta property=\"og:image:width\" content=\"3375\" \/>\n\t<meta property=\"og:image:height\" content=\"3375\" \/>\n\t<meta property=\"og:image:type\" content=\"image\/png\" \/>\n<meta name=\"twitter:card\" content=\"summary_large_image\" \/>\n<meta name=\"twitter:label1\" content=\"Dur\u00e9e de lecture estim\u00e9e\" \/>\n\t<meta name=\"twitter:data1\" content=\"1 minute\" \/>\n<script type=\"application\/ld+json\" class=\"yoast-schema-graph\">{\"@context\":\"https:\/\/schema.org\",\"@graph\":[{\"@type\":\"WebPage\",\"@id\":\"https:\/\/www-bromic-be.bromicpimstg.sites.hosting.454.agency\/fr\/produit\/poteaux-de-montage-pour-gaz\/\",\"url\":\"https:\/\/www-bromic-be.bromicpimstg.sites.hosting.454.agency\/fr\/produit\/poteaux-de-montage-pour-gaz\/\",\"name\":\"Poteaux de montage (gaz) - Bromic Heating Belgi\u00eb\",\"isPartOf\":{\"@id\":\"https:\/\/www-bromic-be.bromicpimstg.sites.hosting.454.agency\/fr\/de\/#website\"},\"primaryImageOfPage\":{\"@id\":\"https:\/\/www-bromic-be.bromicpimstg.sites.hosting.454.agency\/fr\/produit\/poteaux-de-montage-pour-gaz\/#primaryimage\"},\"image\":{\"@id\":\"https:\/\/www-bromic-be.bromicpimstg.sites.hosting.454.agency\/fr\/produit\/poteaux-de-montage-pour-gaz\/#primaryimage\"},\"thumbnailUrl\":\"https:\/\/www-bromic-be.bromicpimstg.sites.hosting.454.agency\/wp-content\/uploads\/sites\/14\/2025\/06\/Gas-Ceiling-Mount-Pole.png\",\"datePublished\":\"2021-08-05T13:43:26+00:00\",\"dateModified\":\"2025-06-27T20:33:47+00:00\",\"description\":\"Les poteaux de montage Bromic Gas garantissent une suspension de votre radiateur au gaz exactement \u00e0 la bonne hauteur, entre 2,4 m et 3,5 m. Le radiateur\",\"breadcrumb\":{\"@id\":\"https:\/\/www-bromic-be.bromicpimstg.sites.hosting.454.agency\/fr\/produit\/poteaux-de-montage-pour-gaz\/#breadcrumb\"},\"inLanguage\":\"fr-FR\",\"potentialAction\":[{\"@type\":\"ReadAction\",\"target\":[\"https:\/\/www-bromic-be.bromicpimstg.sites.hosting.454.agency\/fr\/produit\/poteaux-de-montage-pour-gaz\/\"]}]},{\"@type\":\"ImageObject\",\"inLanguage\":\"fr-FR\",\"@id\":\"https:\/\/www-bromic-be.bromicpimstg.sites.hosting.454.agency\/fr\/produit\/poteaux-de-montage-pour-gaz\/#primaryimage\",\"url\":\"https:\/\/www-bromic-be.bromicpimstg.sites.hosting.454.agency\/wp-content\/uploads\/sites\/14\/2025\/06\/Gas-Ceiling-Mount-Pole.png\",\"contentUrl\":\"https:\/\/www-bromic-be.bromicpimstg.sites.hosting.454.agency\/wp-content\/uploads\/sites\/14\/2025\/06\/Gas-Ceiling-Mount-Pole.png\",\"width\":3375,\"height\":3375},{\"@type\":\"BreadcrumbList\",\"@id\":\"https:\/\/www-bromic-be.bromicpimstg.sites.hosting.454.agency\/fr\/produit\/poteaux-de-montage-pour-gaz\/#breadcrumb\",\"itemListElement\":[{\"@type\":\"ListItem\",\"position\":1,\"name\":\"Home\",\"item\":\"https:\/\/www-bromic-be.bromicpimstg.sites.hosting.454.agency\/fr\/\"},{\"@type\":\"ListItem\",\"position\":2,\"name\":\"Produits\",\"item\":\"https:\/\/www-bromic-be.bromicpimstg.sites.hosting.454.agency\/fr\/boutique\/\"},{\"@type\":\"ListItem\",\"position\":3,\"name\":\"Poteaux de montage (gaz)\"}]},{\"@type\":\"WebSite\",\"@id\":\"https:\/\/www-bromic-be.bromicpimstg.sites.hosting.454.agency\/fr\/de\/#website\",\"url\":\"https:\/\/www-bromic-be.bromicpimstg.sites.hosting.454.agency\/fr\/de\/\",\"name\":\"Bromic Heating Belgi\u00eb\",\"description\":\"\",\"publisher\":{\"@id\":\"https:\/\/www-bromic-be.bromicpimstg.sites.hosting.454.agency\/fr\/de\/#organization\"},\"potentialAction\":[{\"@type\":\"SearchAction\",\"target\":{\"@type\":\"EntryPoint\",\"urlTemplate\":\"https:\/\/www-bromic-be.bromicpimstg.sites.hosting.454.agency\/fr\/de\/?s={search_term_string}\"},\"query-input\":{\"@type\":\"PropertyValueSpecification\",\"valueRequired\":true,\"valueName\":\"search_term_string\"}}],\"inLanguage\":\"fr-FR\"},{\"@type\":\"Organization\",\"@id\":\"https:\/\/www-bromic-be.bromicpimstg.sites.hosting.454.agency\/fr\/de\/#organization\",\"name\":\"Bromic Heating Belgi\u00eb\",\"url\":\"https:\/\/www-bromic-be.bromicpimstg.sites.hosting.454.agency\/fr\/de\/\",\"logo\":{\"@type\":\"ImageObject\",\"inLanguage\":\"fr-FR\",\"@id\":\"https:\/\/www-bromic-be.bromicpimstg.sites.hosting.454.agency\/fr\/de\/#\/schema\/logo\/image\/\",\"url\":\"https:\/\/www-bromic-be.bromicpimstg.sites.hosting.454.agency\/wp-content\/uploads\/sites\/14\/2021\/09\/bromic-logo.png\",\"contentUrl\":\"https:\/\/www-bromic-be.bromicpimstg.sites.hosting.454.agency\/wp-content\/uploads\/sites\/14\/2021\/09\/bromic-logo.png\",\"width\":1000,\"height\":342,\"caption\":\"Bromic Heating Belgi\u00eb\"},\"image\":{\"@id\":\"https:\/\/www-bromic-be.bromicpimstg.sites.hosting.454.agency\/fr\/de\/#\/schema\/logo\/image\/\"}}]}<\/script>\n<!-- \/ Yoast SEO plugin. -->","yoast_head_json":{"title":"Poteaux de montage (gaz) - Bromic Heating Belgi\u00eb","description":"Les poteaux de montage Bromic Gas garantissent une suspension de votre radiateur au gaz exactement \u00e0 la bonne hauteur, entre 2,4 m et 3,5 m. Le radiateur","robots":{"index":"index","follow":"follow","max-snippet":"max-snippet:-1","max-image-preview":"max-image-preview:large","max-video-preview":"max-video-preview:-1"},"canonical":"https:\/\/www-bromic-be.bromicpimstg.sites.hosting.454.agency\/fr\/produit\/poteaux-de-montage-pour-gaz\/","og_locale":"fr_FR","og_type":"article","og_title":"Poteaux de montage (gaz) - Bromic Heating Belgi\u00eb","og_description":"Les poteaux de montage Bromic Gas garantissent une suspension de votre radiateur au gaz exactement \u00e0 la bonne hauteur, entre 2,4 m et 3,5 m. Le radiateur","og_url":"https:\/\/www-bromic-be.bromicpimstg.sites.hosting.454.agency\/fr\/produit\/poteaux-de-montage-pour-gaz\/","og_site_name":"Bromic Heating Belgi\u00eb","article_modified_time":"2025-06-27T20:33:47+00:00","og_image":[{"width":3375,"height":3375,"url":"https:\/\/www-bromic-be.bromicpimstg.sites.hosting.454.agency\/wp-content\/uploads\/sites\/14\/2025\/06\/Gas-Ceiling-Mount-Pole.png","type":"image\/png"}],"twitter_card":"summary_large_image","twitter_misc":{"Dur\u00e9e de lecture estim\u00e9e":"1 minute"},"schema":{"@context":"https:\/\/schema.org","@graph":[{"@type":"WebPage","@id":"https:\/\/www-bromic-be.bromicpimstg.sites.hosting.454.agency\/fr\/produit\/poteaux-de-montage-pour-gaz\/","url":"https:\/\/www-bromic-be.bromicpimstg.sites.hosting.454.agency\/fr\/produit\/poteaux-de-montage-pour-gaz\/","name":"Poteaux de montage (gaz) - Bromic Heating Belgi\u00eb","isPartOf":{"@id":"https:\/\/www-bromic-be.bromicpimstg.sites.hosting.454.agency\/fr\/de\/#website"},"primaryImageOfPage":{"@id":"https:\/\/www-bromic-be.bromicpimstg.sites.hosting.454.agency\/fr\/produit\/poteaux-de-montage-pour-gaz\/#primaryimage"},"image":{"@id":"https:\/\/www-bromic-be.bromicpimstg.sites.hosting.454.agency\/fr\/produit\/poteaux-de-montage-pour-gaz\/#primaryimage"},"thumbnailUrl":"https:\/\/www-bromic-be.bromicpimstg.sites.hosting.454.agency\/wp-content\/uploads\/sites\/14\/2025\/06\/Gas-Ceiling-Mount-Pole.png","datePublished":"2021-08-05T13:43:26+00:00","dateModified":"2025-06-27T20:33:47+00:00","description":"Les poteaux de montage Bromic Gas garantissent une suspension de votre radiateur au gaz exactement \u00e0 la bonne hauteur, entre 2,4 m et 3,5 m. Le radiateur","breadcrumb":{"@id":"https:\/\/www-bromic-be.bromicpimstg.sites.hosting.454.agency\/fr\/produit\/poteaux-de-montage-pour-gaz\/#breadcrumb"},"inLanguage":"fr-FR","potentialAction":[{"@type":"ReadAction","target":["https:\/\/www-bromic-be.bromicpimstg.sites.hosting.454.agency\/fr\/produit\/poteaux-de-montage-pour-gaz\/"]}]},{"@type":"ImageObject","inLanguage":"fr-FR","@id":"https:\/\/www-bromic-be.bromicpimstg.sites.hosting.454.agency\/fr\/produit\/poteaux-de-montage-pour-gaz\/#primaryimage","url":"https:\/\/www-bromic-be.bromicpimstg.sites.hosting.454.agency\/wp-content\/uploads\/sites\/14\/2025\/06\/Gas-Ceiling-Mount-Pole.png","contentUrl":"https:\/\/www-bromic-be.bromicpimstg.sites.hosting.454.agency\/wp-content\/uploads\/sites\/14\/2025\/06\/Gas-Ceiling-Mount-Pole.png","width":3375,"height":3375},{"@type":"BreadcrumbList","@id":"https:\/\/www-bromic-be.bromicpimstg.sites.hosting.454.agency\/fr\/produit\/poteaux-de-montage-pour-gaz\/#breadcrumb","itemListElement":[{"@type":"ListItem","position":1,"name":"Home","item":"https:\/\/www-bromic-be.bromicpimstg.sites.hosting.454.agency\/fr\/"},{"@type":"ListItem","position":2,"name":"Produits","item":"https:\/\/www-bromic-be.bromicpimstg.sites.hosting.454.agency\/fr\/boutique\/"},{"@type":"ListItem","position":3,"name":"Poteaux de montage (gaz)"}]},{"@type":"WebSite","@id":"https:\/\/www-bromic-be.bromicpimstg.sites.hosting.454.agency\/fr\/de\/#website","url":"https:\/\/www-bromic-be.bromicpimstg.sites.hosting.454.agency\/fr\/de\/","name":"Bromic Heating Belgi\u00eb","description":"","publisher":{"@id":"https:\/\/www-bromic-be.bromicpimstg.sites.hosting.454.agency\/fr\/de\/#organization"},"potentialAction":[{"@type":"SearchAction","target":{"@type":"EntryPoint","urlTemplate":"https:\/\/www-bromic-be.bromicpimstg.sites.hosting.454.agency\/fr\/de\/?s={search_term_string}"},"query-input":{"@type":"PropertyValueSpecification","valueRequired":true,"valueName":"search_term_string"}}],"inLanguage":"fr-FR"},{"@type":"Organization","@id":"https:\/\/www-bromic-be.bromicpimstg.sites.hosting.454.agency\/fr\/de\/#organization","name":"Bromic Heating Belgi\u00eb","url":"https:\/\/www-bromic-be.bromicpimstg.sites.hosting.454.agency\/fr\/de\/","logo":{"@type":"ImageObject","inLanguage":"fr-FR","@id":"https:\/\/www-bromic-be.bromicpimstg.sites.hosting.454.agency\/fr\/de\/#\/schema\/logo\/image\/","url":"https:\/\/www-bromic-be.bromicpimstg.sites.hosting.454.agency\/wp-content\/uploads\/sites\/14\/2021\/09\/bromic-logo.png","contentUrl":"https:\/\/www-bromic-be.bromicpimstg.sites.hosting.454.agency\/wp-content\/uploads\/sites\/14\/2021\/09\/bromic-logo.png","width":1000,"height":342,"caption":"Bromic Heating Belgi\u00eb"},"image":{"@id":"https:\/\/www-bromic-be.bromicpimstg.sites.hosting.454.agency\/fr\/de\/#\/schema\/logo\/image\/"}}]}},"_links":{"self":[{"href":"https:\/\/www-bromic-be.bromicpimstg.sites.hosting.454.agency\/fr\/wp-json\/wp\/v2\/product\/375360","targetHints":{"allow":["GET"]}}],"collection":[{"href":"https:\/\/www-bromic-be.bromicpimstg.sites.hosting.454.agency\/fr\/wp-json\/wp\/v2\/product"}],"about":[{"href":"https:\/\/www-bromic-be.bromicpimstg.sites.hosting.454.agency\/fr\/wp-json\/wp\/v2\/types\/product"}],"replies":[{"embeddable":true,"href":"https:\/\/www-bromic-be.bromicpimstg.sites.hosting.454.agency\/fr\/wp-json\/wp\/v2\/comments?post=375360"}],"wp:featuredmedia":[{"embeddable":true,"href":"https:\/\/www-bromic-be.bromicpimstg.sites.hosting.454.agency\/fr\/wp-json\/wp\/v2\/media\/378513"}],"wp:attachment":[{"href":"https:\/\/www-bromic-be.bromicpimstg.sites.hosting.454.agency\/fr\/wp-json\/wp\/v2\/media?parent=375360"}],"wp:term":[{"taxonomy":"product_brand","embeddable":true,"href":"https:\/\/www-bromic-be.bromicpimstg.sites.hosting.454.agency\/fr\/wp-json\/wp\/v2\/product_brand?post=375360"},{"taxonomy":"product_cat","embeddable":true,"href":"https:\/\/www-bromic-be.bromicpimstg.sites.hosting.454.agency\/fr\/wp-json\/wp\/v2\/product_cat?post=375360"},{"taxonomy":"product_tag","embeddable":true,"href":"https:\/\/www-bromic-be.bromicpimstg.sites.hosting.454.agency\/fr\/wp-json\/wp\/v2\/product_tag?post=375360"}],"curies":[{"name":"wp","href":"https:\/\/api.w.org\/{rel}","templated":true}]}}