{"id":375330,"date":"2021-08-20T01:25:23","date_gmt":"2021-08-20T08:25:23","guid":{"rendered":"https:\/\/www-bromic-be.bromicpimstg.sites.hosting.454.agency\/product\/poles-de-montage-electrique-en-tungstene\/"},"modified":"2025-06-25T14:33:41","modified_gmt":"2025-06-25T21:33:41","slug":"poles-de-montage-electrique-en-tungstene","status":"publish","type":"product","link":"https:\/\/www-bromic-be.bromicpimstg.sites.hosting.454.agency\/fr\/produit\/poles-de-montage-electrique-en-tungstene\/","title":{"rendered":"M\u00e2ts de montage \u00e9lectrique en tungst\u00e8ne"},"content":{"rendered":"<p>Nos poteaux de montage Tungsten Electric sont id\u00e9aux pour les hauts plafonds et garantissent que votre appareil est suspendu \u00e0 la bonne hauteur pour assurer un transfert de chaleur optimal vers la zone situ\u00e9e en dessous.<\/p>\n","protected":false},"excerpt":{"rendered":"<p>Nos poteaux de montage Tungsten Electric sont id\u00e9aux pour les hauts plafonds et garantissent que votre appareil est suspendu \u00e0 la bonne hauteur pour assurer un transfert de chaleur optimal vers la zone situ\u00e9e en dessous.<\/p>\n","protected":false},"featured_media":378554,"comment_status":"closed","ping_status":"closed","template":"","meta":{"_acf_changed":false},"product_brand":[],"product_cat":[577],"product_tag":[],"class_list":{"0":"post-375330","1":"product","2":"type-product","3":"status-publish","4":"has-post-thumbnail","6":"product-collection-tungsten-fr","7":"product-install-type-monte-au-plafond-fr","8":"product-fuel-type-electrique-fr","9":"product_cat-accessoires-fr","11":"first","12":"instock","13":"shipping-taxable","14":"product-type-variable"},"acf":[],"yoast_head":"<!-- This site is optimized with the Yoast SEO plugin v26.1.1 - https:\/\/yoast.com\/wordpress\/plugins\/seo\/ -->\n<title>M\u00e2ts de montage \u00e9lectrique en tungst\u00e8ne - Bromic Heating Belgi\u00eb<\/title>\n<meta name=\"description\" content=\"Nos poteaux de montage Tungsten Electric sont id\u00e9aux pour les hauts plafonds et garantissent que votre appareil est suspendu \u00e0 la bonne hauteur pour\" \/>\n<meta name=\"robots\" content=\"index, follow, max-snippet:-1, max-image-preview:large, max-video-preview:-1\" \/>\n<link rel=\"canonical\" href=\"https:\/\/www-bromic-be.bromicpimstg.sites.hosting.454.agency\/fr\/produit\/poles-de-montage-electrique-en-tungstene\/\" \/>\n<meta property=\"og:locale\" content=\"fr_FR\" \/>\n<meta property=\"og:type\" content=\"article\" \/>\n<meta property=\"og:title\" content=\"M\u00e2ts de montage \u00e9lectrique en tungst\u00e8ne - Bromic Heating Belgi\u00eb\" \/>\n<meta property=\"og:description\" content=\"Nos poteaux de montage Tungsten Electric sont id\u00e9aux pour les hauts plafonds et garantissent que votre appareil est suspendu \u00e0 la bonne hauteur pour\" \/>\n<meta property=\"og:url\" content=\"https:\/\/www-bromic-be.bromicpimstg.sites.hosting.454.agency\/fr\/produit\/poles-de-montage-electrique-en-tungstene\/\" \/>\n<meta property=\"og:site_name\" content=\"Bromic Heating Belgi\u00eb\" \/>\n<meta property=\"article:modified_time\" content=\"2025-06-25T21:33:41+00:00\" \/>\n<meta property=\"og:image\" content=\"https:\/\/www-bromic-be.bromicpimstg.sites.hosting.454.agency\/wp-content\/uploads\/sites\/14\/2025\/06\/Tungsten-Mount.png\" \/>\n\t<meta property=\"og:image:width\" content=\"3206\" \/>\n\t<meta property=\"og:image:height\" content=\"3206\" \/>\n\t<meta property=\"og:image:type\" content=\"image\/png\" \/>\n<meta name=\"twitter:card\" content=\"summary_large_image\" \/>\n<meta name=\"twitter:label1\" content=\"Dur\u00e9e de lecture estim\u00e9e\" \/>\n\t<meta name=\"twitter:data1\" content=\"1 minute\" \/>\n<script type=\"application\/ld+json\" class=\"yoast-schema-graph\">{\"@context\":\"https:\/\/schema.org\",\"@graph\":[{\"@type\":\"WebPage\",\"@id\":\"https:\/\/www-bromic-be.bromicpimstg.sites.hosting.454.agency\/fr\/produit\/poles-de-montage-electrique-en-tungstene\/\",\"url\":\"https:\/\/www-bromic-be.bromicpimstg.sites.hosting.454.agency\/fr\/produit\/poles-de-montage-electrique-en-tungstene\/\",\"name\":\"M\u00e2ts de montage \u00e9lectrique en tungst\u00e8ne - Bromic Heating Belgi\u00eb\",\"isPartOf\":{\"@id\":\"https:\/\/www-bromic-be.bromicpimstg.sites.hosting.454.agency\/fr\/de\/#website\"},\"primaryImageOfPage\":{\"@id\":\"https:\/\/www-bromic-be.bromicpimstg.sites.hosting.454.agency\/fr\/produit\/poles-de-montage-electrique-en-tungstene\/#primaryimage\"},\"image\":{\"@id\":\"https:\/\/www-bromic-be.bromicpimstg.sites.hosting.454.agency\/fr\/produit\/poles-de-montage-electrique-en-tungstene\/#primaryimage\"},\"thumbnailUrl\":\"https:\/\/www-bromic-be.bromicpimstg.sites.hosting.454.agency\/wp-content\/uploads\/sites\/14\/2025\/06\/Tungsten-Mount.png\",\"datePublished\":\"2021-08-20T08:25:23+00:00\",\"dateModified\":\"2025-06-25T21:33:41+00:00\",\"description\":\"Nos poteaux de montage Tungsten Electric sont id\u00e9aux pour les hauts plafonds et garantissent que votre appareil est suspendu \u00e0 la bonne hauteur pour\",\"breadcrumb\":{\"@id\":\"https:\/\/www-bromic-be.bromicpimstg.sites.hosting.454.agency\/fr\/produit\/poles-de-montage-electrique-en-tungstene\/#breadcrumb\"},\"inLanguage\":\"fr-FR\",\"potentialAction\":[{\"@type\":\"ReadAction\",\"target\":[\"https:\/\/www-bromic-be.bromicpimstg.sites.hosting.454.agency\/fr\/produit\/poles-de-montage-electrique-en-tungstene\/\"]}]},{\"@type\":\"ImageObject\",\"inLanguage\":\"fr-FR\",\"@id\":\"https:\/\/www-bromic-be.bromicpimstg.sites.hosting.454.agency\/fr\/produit\/poles-de-montage-electrique-en-tungstene\/#primaryimage\",\"url\":\"https:\/\/www-bromic-be.bromicpimstg.sites.hosting.454.agency\/wp-content\/uploads\/sites\/14\/2025\/06\/Tungsten-Mount.png\",\"contentUrl\":\"https:\/\/www-bromic-be.bromicpimstg.sites.hosting.454.agency\/wp-content\/uploads\/sites\/14\/2025\/06\/Tungsten-Mount.png\",\"width\":3206,\"height\":3206},{\"@type\":\"BreadcrumbList\",\"@id\":\"https:\/\/www-bromic-be.bromicpimstg.sites.hosting.454.agency\/fr\/produit\/poles-de-montage-electrique-en-tungstene\/#breadcrumb\",\"itemListElement\":[{\"@type\":\"ListItem\",\"position\":1,\"name\":\"Home\",\"item\":\"https:\/\/www-bromic-be.bromicpimstg.sites.hosting.454.agency\/fr\/\"},{\"@type\":\"ListItem\",\"position\":2,\"name\":\"Produits\",\"item\":\"https:\/\/www-bromic-be.bromicpimstg.sites.hosting.454.agency\/fr\/boutique\/\"},{\"@type\":\"ListItem\",\"position\":3,\"name\":\"M\u00e2ts de montage \u00e9lectrique en tungst\u00e8ne\"}]},{\"@type\":\"WebSite\",\"@id\":\"https:\/\/www-bromic-be.bromicpimstg.sites.hosting.454.agency\/fr\/de\/#website\",\"url\":\"https:\/\/www-bromic-be.bromicpimstg.sites.hosting.454.agency\/fr\/de\/\",\"name\":\"Bromic Heating Belgi\u00eb\",\"description\":\"\",\"publisher\":{\"@id\":\"https:\/\/www-bromic-be.bromicpimstg.sites.hosting.454.agency\/fr\/de\/#organization\"},\"potentialAction\":[{\"@type\":\"SearchAction\",\"target\":{\"@type\":\"EntryPoint\",\"urlTemplate\":\"https:\/\/www-bromic-be.bromicpimstg.sites.hosting.454.agency\/fr\/de\/?s={search_term_string}\"},\"query-input\":{\"@type\":\"PropertyValueSpecification\",\"valueRequired\":true,\"valueName\":\"search_term_string\"}}],\"inLanguage\":\"fr-FR\"},{\"@type\":\"Organization\",\"@id\":\"https:\/\/www-bromic-be.bromicpimstg.sites.hosting.454.agency\/fr\/de\/#organization\",\"name\":\"Bromic Heating Belgi\u00eb\",\"url\":\"https:\/\/www-bromic-be.bromicpimstg.sites.hosting.454.agency\/fr\/de\/\",\"logo\":{\"@type\":\"ImageObject\",\"inLanguage\":\"fr-FR\",\"@id\":\"https:\/\/www-bromic-be.bromicpimstg.sites.hosting.454.agency\/fr\/de\/#\/schema\/logo\/image\/\",\"url\":\"https:\/\/www-bromic-be.bromicpimstg.sites.hosting.454.agency\/wp-content\/uploads\/sites\/14\/2021\/09\/bromic-logo.png\",\"contentUrl\":\"https:\/\/www-bromic-be.bromicpimstg.sites.hosting.454.agency\/wp-content\/uploads\/sites\/14\/2021\/09\/bromic-logo.png\",\"width\":1000,\"height\":342,\"caption\":\"Bromic Heating Belgi\u00eb\"},\"image\":{\"@id\":\"https:\/\/www-bromic-be.bromicpimstg.sites.hosting.454.agency\/fr\/de\/#\/schema\/logo\/image\/\"}}]}<\/script>\n<!-- \/ Yoast SEO plugin. -->","yoast_head_json":{"title":"M\u00e2ts de montage \u00e9lectrique en tungst\u00e8ne - Bromic Heating Belgi\u00eb","description":"Nos poteaux de montage Tungsten Electric sont id\u00e9aux pour les hauts plafonds et garantissent que votre appareil est suspendu \u00e0 la bonne hauteur pour","robots":{"index":"index","follow":"follow","max-snippet":"max-snippet:-1","max-image-preview":"max-image-preview:large","max-video-preview":"max-video-preview:-1"},"canonical":"https:\/\/www-bromic-be.bromicpimstg.sites.hosting.454.agency\/fr\/produit\/poles-de-montage-electrique-en-tungstene\/","og_locale":"fr_FR","og_type":"article","og_title":"M\u00e2ts de montage \u00e9lectrique en tungst\u00e8ne - Bromic Heating Belgi\u00eb","og_description":"Nos poteaux de montage Tungsten Electric sont id\u00e9aux pour les hauts plafonds et garantissent que votre appareil est suspendu \u00e0 la bonne hauteur pour","og_url":"https:\/\/www-bromic-be.bromicpimstg.sites.hosting.454.agency\/fr\/produit\/poles-de-montage-electrique-en-tungstene\/","og_site_name":"Bromic Heating Belgi\u00eb","article_modified_time":"2025-06-25T21:33:41+00:00","og_image":[{"width":3206,"height":3206,"url":"https:\/\/www-bromic-be.bromicpimstg.sites.hosting.454.agency\/wp-content\/uploads\/sites\/14\/2025\/06\/Tungsten-Mount.png","type":"image\/png"}],"twitter_card":"summary_large_image","twitter_misc":{"Dur\u00e9e de lecture estim\u00e9e":"1 minute"},"schema":{"@context":"https:\/\/schema.org","@graph":[{"@type":"WebPage","@id":"https:\/\/www-bromic-be.bromicpimstg.sites.hosting.454.agency\/fr\/produit\/poles-de-montage-electrique-en-tungstene\/","url":"https:\/\/www-bromic-be.bromicpimstg.sites.hosting.454.agency\/fr\/produit\/poles-de-montage-electrique-en-tungstene\/","name":"M\u00e2ts de montage \u00e9lectrique en tungst\u00e8ne - Bromic Heating Belgi\u00eb","isPartOf":{"@id":"https:\/\/www-bromic-be.bromicpimstg.sites.hosting.454.agency\/fr\/de\/#website"},"primaryImageOfPage":{"@id":"https:\/\/www-bromic-be.bromicpimstg.sites.hosting.454.agency\/fr\/produit\/poles-de-montage-electrique-en-tungstene\/#primaryimage"},"image":{"@id":"https:\/\/www-bromic-be.bromicpimstg.sites.hosting.454.agency\/fr\/produit\/poles-de-montage-electrique-en-tungstene\/#primaryimage"},"thumbnailUrl":"https:\/\/www-bromic-be.bromicpimstg.sites.hosting.454.agency\/wp-content\/uploads\/sites\/14\/2025\/06\/Tungsten-Mount.png","datePublished":"2021-08-20T08:25:23+00:00","dateModified":"2025-06-25T21:33:41+00:00","description":"Nos poteaux de montage Tungsten Electric sont id\u00e9aux pour les hauts plafonds et garantissent que votre appareil est suspendu \u00e0 la bonne hauteur pour","breadcrumb":{"@id":"https:\/\/www-bromic-be.bromicpimstg.sites.hosting.454.agency\/fr\/produit\/poles-de-montage-electrique-en-tungstene\/#breadcrumb"},"inLanguage":"fr-FR","potentialAction":[{"@type":"ReadAction","target":["https:\/\/www-bromic-be.bromicpimstg.sites.hosting.454.agency\/fr\/produit\/poles-de-montage-electrique-en-tungstene\/"]}]},{"@type":"ImageObject","inLanguage":"fr-FR","@id":"https:\/\/www-bromic-be.bromicpimstg.sites.hosting.454.agency\/fr\/produit\/poles-de-montage-electrique-en-tungstene\/#primaryimage","url":"https:\/\/www-bromic-be.bromicpimstg.sites.hosting.454.agency\/wp-content\/uploads\/sites\/14\/2025\/06\/Tungsten-Mount.png","contentUrl":"https:\/\/www-bromic-be.bromicpimstg.sites.hosting.454.agency\/wp-content\/uploads\/sites\/14\/2025\/06\/Tungsten-Mount.png","width":3206,"height":3206},{"@type":"BreadcrumbList","@id":"https:\/\/www-bromic-be.bromicpimstg.sites.hosting.454.agency\/fr\/produit\/poles-de-montage-electrique-en-tungstene\/#breadcrumb","itemListElement":[{"@type":"ListItem","position":1,"name":"Home","item":"https:\/\/www-bromic-be.bromicpimstg.sites.hosting.454.agency\/fr\/"},{"@type":"ListItem","position":2,"name":"Produits","item":"https:\/\/www-bromic-be.bromicpimstg.sites.hosting.454.agency\/fr\/boutique\/"},{"@type":"ListItem","position":3,"name":"M\u00e2ts de montage \u00e9lectrique en tungst\u00e8ne"}]},{"@type":"WebSite","@id":"https:\/\/www-bromic-be.bromicpimstg.sites.hosting.454.agency\/fr\/de\/#website","url":"https:\/\/www-bromic-be.bromicpimstg.sites.hosting.454.agency\/fr\/de\/","name":"Bromic Heating Belgi\u00eb","description":"","publisher":{"@id":"https:\/\/www-bromic-be.bromicpimstg.sites.hosting.454.agency\/fr\/de\/#organization"},"potentialAction":[{"@type":"SearchAction","target":{"@type":"EntryPoint","urlTemplate":"https:\/\/www-bromic-be.bromicpimstg.sites.hosting.454.agency\/fr\/de\/?s={search_term_string}"},"query-input":{"@type":"PropertyValueSpecification","valueRequired":true,"valueName":"search_term_string"}}],"inLanguage":"fr-FR"},{"@type":"Organization","@id":"https:\/\/www-bromic-be.bromicpimstg.sites.hosting.454.agency\/fr\/de\/#organization","name":"Bromic Heating Belgi\u00eb","url":"https:\/\/www-bromic-be.bromicpimstg.sites.hosting.454.agency\/fr\/de\/","logo":{"@type":"ImageObject","inLanguage":"fr-FR","@id":"https:\/\/www-bromic-be.bromicpimstg.sites.hosting.454.agency\/fr\/de\/#\/schema\/logo\/image\/","url":"https:\/\/www-bromic-be.bromicpimstg.sites.hosting.454.agency\/wp-content\/uploads\/sites\/14\/2021\/09\/bromic-logo.png","contentUrl":"https:\/\/www-bromic-be.bromicpimstg.sites.hosting.454.agency\/wp-content\/uploads\/sites\/14\/2021\/09\/bromic-logo.png","width":1000,"height":342,"caption":"Bromic Heating Belgi\u00eb"},"image":{"@id":"https:\/\/www-bromic-be.bromicpimstg.sites.hosting.454.agency\/fr\/de\/#\/schema\/logo\/image\/"}}]}},"_links":{"self":[{"href":"https:\/\/www-bromic-be.bromicpimstg.sites.hosting.454.agency\/fr\/wp-json\/wp\/v2\/product\/375330","targetHints":{"allow":["GET"]}}],"collection":[{"href":"https:\/\/www-bromic-be.bromicpimstg.sites.hosting.454.agency\/fr\/wp-json\/wp\/v2\/product"}],"about":[{"href":"https:\/\/www-bromic-be.bromicpimstg.sites.hosting.454.agency\/fr\/wp-json\/wp\/v2\/types\/product"}],"replies":[{"embeddable":true,"href":"https:\/\/www-bromic-be.bromicpimstg.sites.hosting.454.agency\/fr\/wp-json\/wp\/v2\/comments?post=375330"}],"wp:featuredmedia":[{"embeddable":true,"href":"https:\/\/www-bromic-be.bromicpimstg.sites.hosting.454.agency\/fr\/wp-json\/wp\/v2\/media\/378554"}],"wp:attachment":[{"href":"https:\/\/www-bromic-be.bromicpimstg.sites.hosting.454.agency\/fr\/wp-json\/wp\/v2\/media?parent=375330"}],"wp:term":[{"taxonomy":"product_brand","embeddable":true,"href":"https:\/\/www-bromic-be.bromicpimstg.sites.hosting.454.agency\/fr\/wp-json\/wp\/v2\/product_brand?post=375330"},{"taxonomy":"product_cat","embeddable":true,"href":"https:\/\/www-bromic-be.bromicpimstg.sites.hosting.454.agency\/fr\/wp-json\/wp\/v2\/product_cat?post=375330"},{"taxonomy":"product_tag","embeddable":true,"href":"https:\/\/www-bromic-be.bromicpimstg.sites.hosting.454.agency\/fr\/wp-json\/wp\/v2\/product_tag?post=375330"}],"curies":[{"name":"wp","href":"https:\/\/api.w.org\/{rel}","templated":true}]}}