{"id":375326,"date":"2021-10-12T18:53:28","date_gmt":"2021-10-13T01:53:28","guid":{"rendered":"https:\/\/www-bromic-be.bromicpimstg.sites.hosting.454.agency\/product\/support-de-montage-mural-pour-tungsten-electric\/"},"modified":"2025-01-28T16:46:55","modified_gmt":"2025-01-28T23:46:55","slug":"support-de-montage-mural-pour-tungsten-electric","status":"publish","type":"product","link":"https:\/\/www-bromic-be.bromicpimstg.sites.hosting.454.agency\/fr\/produit\/support-de-montage-mural-pour-tungsten-electric\/","title":{"rendered":"Support de montage mural pour Tungsten Electric"},"content":{"rendered":"<p>Notre support de montage mural pour Tungsten Electric est fourni gratuitement avec chaque radiateur Platinum Electric et garantit que votre radiateur peut \u00eatre facilement mont\u00e9 sur les murs et les structures, tout en respectant les exigences de d\u00e9gagement n\u00e9cessaires. Le support permet le montage du radiateur droit ou \u00e0 un angle de 30 degr\u00e9s.<\/p>\n","protected":false},"excerpt":{"rendered":"<p>Notre support de montage mural pour Tungsten Electric est fourni gratuitement avec chaque radiateur Platinum Electric et garantit que votre radiateur peut \u00eatre facilement mont\u00e9 sur les murs et les structures, tout en respectant les exigences de d\u00e9gagement n\u00e9cessaires. Le support permet le montage du radiateur droit ou \u00e0 un angle de 30 degr\u00e9s.<\/p>\n","protected":false},"featured_media":65409,"comment_status":"closed","ping_status":"closed","template":"","meta":{"_acf_changed":false},"product_brand":[],"product_cat":[577],"product_tag":[],"class_list":{"0":"post-375326","1":"product","2":"type-product","3":"status-publish","4":"has-post-thumbnail","6":"product-collection-tungsten-fr","7":"product-install-type-montage-mural-fr","8":"product-fuel-type-electrique-fr","9":"product-color-acier-inoxydable-fr","10":"product-color-blanc-fr","11":"product-color-noir-fr","12":"product_cat-accessoires-fr","14":"first","15":"outofstock","16":"shipping-taxable","17":"product-type-simple"},"acf":[],"yoast_head":"<!-- This site is optimized with the Yoast SEO plugin v26.1.1 - https:\/\/yoast.com\/wordpress\/plugins\/seo\/ -->\n<title>Support de montage mural pour Tungsten Electric - Bromic Heating Belgi\u00eb<\/title>\n<meta name=\"description\" content=\"Notre support de montage mural pour Tungsten Electric est fourni gratuitement avec chaque radiateur Platinum Electric et garantit que votre radiateur peut\" \/>\n<meta name=\"robots\" content=\"index, follow, max-snippet:-1, max-image-preview:large, max-video-preview:-1\" \/>\n<link rel=\"canonical\" href=\"https:\/\/www-bromic-be.bromicpimstg.sites.hosting.454.agency\/fr\/produit\/support-de-montage-mural-pour-tungsten-electric\/\" \/>\n<meta property=\"og:locale\" content=\"fr_FR\" \/>\n<meta property=\"og:type\" content=\"article\" \/>\n<meta property=\"og:title\" content=\"Support de montage mural pour Tungsten Electric - Bromic Heating Belgi\u00eb\" \/>\n<meta property=\"og:description\" content=\"Notre support de montage mural pour Tungsten Electric est fourni gratuitement avec chaque radiateur Platinum Electric et garantit que votre radiateur peut\" \/>\n<meta property=\"og:url\" content=\"https:\/\/www-bromic-be.bromicpimstg.sites.hosting.454.agency\/fr\/produit\/support-de-montage-mural-pour-tungsten-electric\/\" \/>\n<meta property=\"og:site_name\" content=\"Bromic Heating Belgi\u00eb\" \/>\n<meta property=\"article:modified_time\" content=\"2025-01-28T23:46:55+00:00\" \/>\n<meta property=\"og:image\" content=\"https:\/\/www-bromic-be.bromicpimstg.sites.hosting.454.agency\/wp-content\/uploads\/sites\/14\/2023\/08\/BromicTungstenElectic_White.jpg\" \/>\n\t<meta property=\"og:image:width\" content=\"2560\" \/>\n\t<meta property=\"og:image:height\" content=\"1809\" \/>\n\t<meta property=\"og:image:type\" content=\"image\/jpeg\" \/>\n<meta name=\"twitter:card\" content=\"summary_large_image\" \/>\n<meta name=\"twitter:label1\" content=\"Dur\u00e9e de lecture estim\u00e9e\" \/>\n\t<meta name=\"twitter:data1\" content=\"1 minute\" \/>\n<script type=\"application\/ld+json\" class=\"yoast-schema-graph\">{\"@context\":\"https:\/\/schema.org\",\"@graph\":[{\"@type\":\"WebPage\",\"@id\":\"https:\/\/www-bromic-be.bromicpimstg.sites.hosting.454.agency\/fr\/produit\/support-de-montage-mural-pour-tungsten-electric\/\",\"url\":\"https:\/\/www-bromic-be.bromicpimstg.sites.hosting.454.agency\/fr\/produit\/support-de-montage-mural-pour-tungsten-electric\/\",\"name\":\"Support de montage mural pour Tungsten Electric - Bromic Heating Belgi\u00eb\",\"isPartOf\":{\"@id\":\"https:\/\/www-bromic-be.bromicpimstg.sites.hosting.454.agency\/fr\/de\/#website\"},\"primaryImageOfPage\":{\"@id\":\"https:\/\/www-bromic-be.bromicpimstg.sites.hosting.454.agency\/fr\/produit\/support-de-montage-mural-pour-tungsten-electric\/#primaryimage\"},\"image\":{\"@id\":\"https:\/\/www-bromic-be.bromicpimstg.sites.hosting.454.agency\/fr\/produit\/support-de-montage-mural-pour-tungsten-electric\/#primaryimage\"},\"thumbnailUrl\":\"https:\/\/www-bromic-be.bromicpimstg.sites.hosting.454.agency\/wp-content\/uploads\/sites\/14\/2023\/08\/BromicTungstenElectic_White.jpg\",\"datePublished\":\"2021-10-13T01:53:28+00:00\",\"dateModified\":\"2025-01-28T23:46:55+00:00\",\"description\":\"Notre support de montage mural pour Tungsten Electric est fourni gratuitement avec chaque radiateur Platinum Electric et garantit que votre radiateur peut\",\"breadcrumb\":{\"@id\":\"https:\/\/www-bromic-be.bromicpimstg.sites.hosting.454.agency\/fr\/produit\/support-de-montage-mural-pour-tungsten-electric\/#breadcrumb\"},\"inLanguage\":\"fr-FR\",\"potentialAction\":[{\"@type\":\"ReadAction\",\"target\":[\"https:\/\/www-bromic-be.bromicpimstg.sites.hosting.454.agency\/fr\/produit\/support-de-montage-mural-pour-tungsten-electric\/\"]}]},{\"@type\":\"ImageObject\",\"inLanguage\":\"fr-FR\",\"@id\":\"https:\/\/www-bromic-be.bromicpimstg.sites.hosting.454.agency\/fr\/produit\/support-de-montage-mural-pour-tungsten-electric\/#primaryimage\",\"url\":\"https:\/\/www-bromic-be.bromicpimstg.sites.hosting.454.agency\/wp-content\/uploads\/sites\/14\/2023\/08\/BromicTungstenElectic_White.jpg\",\"contentUrl\":\"https:\/\/www-bromic-be.bromicpimstg.sites.hosting.454.agency\/wp-content\/uploads\/sites\/14\/2023\/08\/BromicTungstenElectic_White.jpg\",\"width\":2560,\"height\":1809,\"caption\":\"Radiateur d\u2019ext\u00e9rieur blanc sur mur vert dans une cour\"},{\"@type\":\"BreadcrumbList\",\"@id\":\"https:\/\/www-bromic-be.bromicpimstg.sites.hosting.454.agency\/fr\/produit\/support-de-montage-mural-pour-tungsten-electric\/#breadcrumb\",\"itemListElement\":[{\"@type\":\"ListItem\",\"position\":1,\"name\":\"Home\",\"item\":\"https:\/\/www-bromic-be.bromicpimstg.sites.hosting.454.agency\/fr\/\"},{\"@type\":\"ListItem\",\"position\":2,\"name\":\"Produits\",\"item\":\"https:\/\/www-bromic-be.bromicpimstg.sites.hosting.454.agency\/fr\/boutique\/\"},{\"@type\":\"ListItem\",\"position\":3,\"name\":\"Support de montage mural pour Tungsten Electric\"}]},{\"@type\":\"WebSite\",\"@id\":\"https:\/\/www-bromic-be.bromicpimstg.sites.hosting.454.agency\/fr\/de\/#website\",\"url\":\"https:\/\/www-bromic-be.bromicpimstg.sites.hosting.454.agency\/fr\/de\/\",\"name\":\"Bromic Heating Belgi\u00eb\",\"description\":\"\",\"publisher\":{\"@id\":\"https:\/\/www-bromic-be.bromicpimstg.sites.hosting.454.agency\/fr\/de\/#organization\"},\"potentialAction\":[{\"@type\":\"SearchAction\",\"target\":{\"@type\":\"EntryPoint\",\"urlTemplate\":\"https:\/\/www-bromic-be.bromicpimstg.sites.hosting.454.agency\/fr\/de\/?s={search_term_string}\"},\"query-input\":{\"@type\":\"PropertyValueSpecification\",\"valueRequired\":true,\"valueName\":\"search_term_string\"}}],\"inLanguage\":\"fr-FR\"},{\"@type\":\"Organization\",\"@id\":\"https:\/\/www-bromic-be.bromicpimstg.sites.hosting.454.agency\/fr\/de\/#organization\",\"name\":\"Bromic Heating Belgi\u00eb\",\"url\":\"https:\/\/www-bromic-be.bromicpimstg.sites.hosting.454.agency\/fr\/de\/\",\"logo\":{\"@type\":\"ImageObject\",\"inLanguage\":\"fr-FR\",\"@id\":\"https:\/\/www-bromic-be.bromicpimstg.sites.hosting.454.agency\/fr\/de\/#\/schema\/logo\/image\/\",\"url\":\"https:\/\/www-bromic-be.bromicpimstg.sites.hosting.454.agency\/wp-content\/uploads\/sites\/14\/2021\/09\/bromic-logo.png\",\"contentUrl\":\"https:\/\/www-bromic-be.bromicpimstg.sites.hosting.454.agency\/wp-content\/uploads\/sites\/14\/2021\/09\/bromic-logo.png\",\"width\":1000,\"height\":342,\"caption\":\"Bromic Heating Belgi\u00eb\"},\"image\":{\"@id\":\"https:\/\/www-bromic-be.bromicpimstg.sites.hosting.454.agency\/fr\/de\/#\/schema\/logo\/image\/\"}}]}<\/script>\n<!-- \/ Yoast SEO plugin. -->","yoast_head_json":{"title":"Support de montage mural pour Tungsten Electric - Bromic Heating Belgi\u00eb","description":"Notre support de montage mural pour Tungsten Electric est fourni gratuitement avec chaque radiateur Platinum Electric et garantit que votre radiateur peut","robots":{"index":"index","follow":"follow","max-snippet":"max-snippet:-1","max-image-preview":"max-image-preview:large","max-video-preview":"max-video-preview:-1"},"canonical":"https:\/\/www-bromic-be.bromicpimstg.sites.hosting.454.agency\/fr\/produit\/support-de-montage-mural-pour-tungsten-electric\/","og_locale":"fr_FR","og_type":"article","og_title":"Support de montage mural pour Tungsten Electric - Bromic Heating Belgi\u00eb","og_description":"Notre support de montage mural pour Tungsten Electric est fourni gratuitement avec chaque radiateur Platinum Electric et garantit que votre radiateur peut","og_url":"https:\/\/www-bromic-be.bromicpimstg.sites.hosting.454.agency\/fr\/produit\/support-de-montage-mural-pour-tungsten-electric\/","og_site_name":"Bromic Heating Belgi\u00eb","article_modified_time":"2025-01-28T23:46:55+00:00","og_image":[{"width":2560,"height":1809,"url":"https:\/\/www-bromic-be.bromicpimstg.sites.hosting.454.agency\/wp-content\/uploads\/sites\/14\/2023\/08\/BromicTungstenElectic_White.jpg","type":"image\/jpeg"}],"twitter_card":"summary_large_image","twitter_misc":{"Dur\u00e9e de lecture estim\u00e9e":"1 minute"},"schema":{"@context":"https:\/\/schema.org","@graph":[{"@type":"WebPage","@id":"https:\/\/www-bromic-be.bromicpimstg.sites.hosting.454.agency\/fr\/produit\/support-de-montage-mural-pour-tungsten-electric\/","url":"https:\/\/www-bromic-be.bromicpimstg.sites.hosting.454.agency\/fr\/produit\/support-de-montage-mural-pour-tungsten-electric\/","name":"Support de montage mural pour Tungsten Electric - Bromic Heating Belgi\u00eb","isPartOf":{"@id":"https:\/\/www-bromic-be.bromicpimstg.sites.hosting.454.agency\/fr\/de\/#website"},"primaryImageOfPage":{"@id":"https:\/\/www-bromic-be.bromicpimstg.sites.hosting.454.agency\/fr\/produit\/support-de-montage-mural-pour-tungsten-electric\/#primaryimage"},"image":{"@id":"https:\/\/www-bromic-be.bromicpimstg.sites.hosting.454.agency\/fr\/produit\/support-de-montage-mural-pour-tungsten-electric\/#primaryimage"},"thumbnailUrl":"https:\/\/www-bromic-be.bromicpimstg.sites.hosting.454.agency\/wp-content\/uploads\/sites\/14\/2023\/08\/BromicTungstenElectic_White.jpg","datePublished":"2021-10-13T01:53:28+00:00","dateModified":"2025-01-28T23:46:55+00:00","description":"Notre support de montage mural pour Tungsten Electric est fourni gratuitement avec chaque radiateur Platinum Electric et garantit que votre radiateur peut","breadcrumb":{"@id":"https:\/\/www-bromic-be.bromicpimstg.sites.hosting.454.agency\/fr\/produit\/support-de-montage-mural-pour-tungsten-electric\/#breadcrumb"},"inLanguage":"fr-FR","potentialAction":[{"@type":"ReadAction","target":["https:\/\/www-bromic-be.bromicpimstg.sites.hosting.454.agency\/fr\/produit\/support-de-montage-mural-pour-tungsten-electric\/"]}]},{"@type":"ImageObject","inLanguage":"fr-FR","@id":"https:\/\/www-bromic-be.bromicpimstg.sites.hosting.454.agency\/fr\/produit\/support-de-montage-mural-pour-tungsten-electric\/#primaryimage","url":"https:\/\/www-bromic-be.bromicpimstg.sites.hosting.454.agency\/wp-content\/uploads\/sites\/14\/2023\/08\/BromicTungstenElectic_White.jpg","contentUrl":"https:\/\/www-bromic-be.bromicpimstg.sites.hosting.454.agency\/wp-content\/uploads\/sites\/14\/2023\/08\/BromicTungstenElectic_White.jpg","width":2560,"height":1809,"caption":"Radiateur d\u2019ext\u00e9rieur blanc sur mur vert dans une cour"},{"@type":"BreadcrumbList","@id":"https:\/\/www-bromic-be.bromicpimstg.sites.hosting.454.agency\/fr\/produit\/support-de-montage-mural-pour-tungsten-electric\/#breadcrumb","itemListElement":[{"@type":"ListItem","position":1,"name":"Home","item":"https:\/\/www-bromic-be.bromicpimstg.sites.hosting.454.agency\/fr\/"},{"@type":"ListItem","position":2,"name":"Produits","item":"https:\/\/www-bromic-be.bromicpimstg.sites.hosting.454.agency\/fr\/boutique\/"},{"@type":"ListItem","position":3,"name":"Support de montage mural pour Tungsten Electric"}]},{"@type":"WebSite","@id":"https:\/\/www-bromic-be.bromicpimstg.sites.hosting.454.agency\/fr\/de\/#website","url":"https:\/\/www-bromic-be.bromicpimstg.sites.hosting.454.agency\/fr\/de\/","name":"Bromic Heating Belgi\u00eb","description":"","publisher":{"@id":"https:\/\/www-bromic-be.bromicpimstg.sites.hosting.454.agency\/fr\/de\/#organization"},"potentialAction":[{"@type":"SearchAction","target":{"@type":"EntryPoint","urlTemplate":"https:\/\/www-bromic-be.bromicpimstg.sites.hosting.454.agency\/fr\/de\/?s={search_term_string}"},"query-input":{"@type":"PropertyValueSpecification","valueRequired":true,"valueName":"search_term_string"}}],"inLanguage":"fr-FR"},{"@type":"Organization","@id":"https:\/\/www-bromic-be.bromicpimstg.sites.hosting.454.agency\/fr\/de\/#organization","name":"Bromic Heating Belgi\u00eb","url":"https:\/\/www-bromic-be.bromicpimstg.sites.hosting.454.agency\/fr\/de\/","logo":{"@type":"ImageObject","inLanguage":"fr-FR","@id":"https:\/\/www-bromic-be.bromicpimstg.sites.hosting.454.agency\/fr\/de\/#\/schema\/logo\/image\/","url":"https:\/\/www-bromic-be.bromicpimstg.sites.hosting.454.agency\/wp-content\/uploads\/sites\/14\/2021\/09\/bromic-logo.png","contentUrl":"https:\/\/www-bromic-be.bromicpimstg.sites.hosting.454.agency\/wp-content\/uploads\/sites\/14\/2021\/09\/bromic-logo.png","width":1000,"height":342,"caption":"Bromic Heating Belgi\u00eb"},"image":{"@id":"https:\/\/www-bromic-be.bromicpimstg.sites.hosting.454.agency\/fr\/de\/#\/schema\/logo\/image\/"}}]}},"_links":{"self":[{"href":"https:\/\/www-bromic-be.bromicpimstg.sites.hosting.454.agency\/fr\/wp-json\/wp\/v2\/product\/375326","targetHints":{"allow":["GET"]}}],"collection":[{"href":"https:\/\/www-bromic-be.bromicpimstg.sites.hosting.454.agency\/fr\/wp-json\/wp\/v2\/product"}],"about":[{"href":"https:\/\/www-bromic-be.bromicpimstg.sites.hosting.454.agency\/fr\/wp-json\/wp\/v2\/types\/product"}],"replies":[{"embeddable":true,"href":"https:\/\/www-bromic-be.bromicpimstg.sites.hosting.454.agency\/fr\/wp-json\/wp\/v2\/comments?post=375326"}],"wp:featuredmedia":[{"embeddable":true,"href":"https:\/\/www-bromic-be.bromicpimstg.sites.hosting.454.agency\/fr\/wp-json\/wp\/v2\/media\/65409"}],"wp:attachment":[{"href":"https:\/\/www-bromic-be.bromicpimstg.sites.hosting.454.agency\/fr\/wp-json\/wp\/v2\/media?parent=375326"}],"wp:term":[{"taxonomy":"product_brand","embeddable":true,"href":"https:\/\/www-bromic-be.bromicpimstg.sites.hosting.454.agency\/fr\/wp-json\/wp\/v2\/product_brand?post=375326"},{"taxonomy":"product_cat","embeddable":true,"href":"https:\/\/www-bromic-be.bromicpimstg.sites.hosting.454.agency\/fr\/wp-json\/wp\/v2\/product_cat?post=375326"},{"taxonomy":"product_tag","embeddable":true,"href":"https:\/\/www-bromic-be.bromicpimstg.sites.hosting.454.agency\/fr\/wp-json\/wp\/v2\/product_tag?post=375326"}],"curies":[{"name":"wp","href":"https:\/\/api.w.org\/{rel}","templated":true}]}}