{"id":375321,"date":"2023-08-28T19:01:13","date_gmt":"2023-08-29T02:01:13","guid":{"rendered":"https:\/\/www-bromic-be.bromicpimstg.sites.hosting.454.agency\/product\/deflecteurs-de-chaleur-au-gaz\/"},"modified":"2025-06-27T12:55:06","modified_gmt":"2025-06-27T19:55:06","slug":"tungsten-deflecteurs-de-chaleur","status":"publish","type":"product","link":"https:\/\/www-bromic-be.bromicpimstg.sites.hosting.454.agency\/fr\/produit\/tungsten-deflecteurs-de-chaleur\/","title":{"rendered":"D\u00e9flecteurs de chaleur au Tungsten"},"content":{"rendered":"<p>R\u00e9duisez consid\u00e9rablement l\u2019espace requis entre le haut d\u2019un chauffage et la surface situ\u00e9e au-dessus gr\u00e2ce \u00e0 nos d\u00e9flecteurs en acier inoxydable \u00e0 double couche. Offert pour notre collection Tungsten, ce d\u00e9flecteur de chaleur haut de gamme r\u00e9duit le d\u00e9gagement sup\u00e9rieur \u00e0 seulement 350 mm, tout en absorbant la chaleur qui s\u2019\u00e9chapperait autrement vers le haut.<\/p>\n","protected":false},"excerpt":{"rendered":"<p>R\u00e9duisez les d\u00e9gagements des chauffages au gaz et maximisez le transfert de chaleur directionnel avec nos d\u00e9flecteurs de chaleur en acier inoxydable.<\/p>\n","protected":false},"featured_media":378451,"comment_status":"closed","ping_status":"closed","template":"","meta":{"_acf_changed":false},"product_brand":[],"product_cat":[577],"product_tag":[],"class_list":{"0":"post-375321","1":"product","2":"type-product","3":"status-publish","4":"has-post-thumbnail","6":"product-collection-tungsten-fr","7":"product-install-type-montage-mural-fr","8":"product-install-type-monte-au-plafond-fr","9":"product-fuel-type-gaz-naturel-fr","10":"product-fuel-type-gaz-propane-fr","11":"product-color-acier-inoxydable-fr","12":"product_cat-accessoires-fr","14":"first","15":"instock","16":"shipping-taxable","17":"product-type-variable"},"acf":[],"yoast_head":"<!-- This site is optimized with the Yoast SEO plugin v26.1.1 - https:\/\/yoast.com\/wordpress\/plugins\/seo\/ -->\n<title>Bromic Heating Belgi\u00eb - D\u00e9flecteurs de chaleur au Tungsten<\/title>\n<meta name=\"description\" content=\"R\u00e9duisez les d\u00e9gagements des chauffages au gaz et maximisez le transfert de chaleur directionnel avec nos d\u00e9flecteurs de chaleur en acier inoxydable.\" \/>\n<meta name=\"robots\" content=\"index, follow, max-snippet:-1, max-image-preview:large, max-video-preview:-1\" \/>\n<link rel=\"canonical\" href=\"https:\/\/www-bromic-be.bromicpimstg.sites.hosting.454.agency\/fr\/produit\/tungsten-deflecteurs-de-chaleur\/\" \/>\n<meta property=\"og:locale\" content=\"fr_FR\" \/>\n<meta property=\"og:type\" content=\"article\" \/>\n<meta property=\"og:title\" content=\"Bromic Heating Belgi\u00eb - D\u00e9flecteurs de chaleur au Tungsten\" \/>\n<meta property=\"og:description\" content=\"R\u00e9duisez les d\u00e9gagements des chauffages au gaz et maximisez le transfert de chaleur directionnel avec nos d\u00e9flecteurs de chaleur en acier inoxydable.\" \/>\n<meta property=\"og:url\" content=\"https:\/\/www-bromic-be.bromicpimstg.sites.hosting.454.agency\/fr\/produit\/tungsten-deflecteurs-de-chaleur\/\" \/>\n<meta property=\"og:site_name\" content=\"Bromic Heating Belgi\u00eb\" \/>\n<meta property=\"article:modified_time\" content=\"2025-06-27T19:55:06+00:00\" \/>\n<meta property=\"og:image\" content=\"https:\/\/www-bromic-be.bromicpimstg.sites.hosting.454.agency\/wp-content\/uploads\/sites\/14\/2025\/06\/Tungsten_deflector_1.png\" \/>\n\t<meta property=\"og:image:width\" content=\"1080\" \/>\n\t<meta property=\"og:image:height\" content=\"1080\" \/>\n\t<meta property=\"og:image:type\" content=\"image\/png\" \/>\n<meta name=\"twitter:card\" content=\"summary_large_image\" \/>\n<meta name=\"twitter:label1\" content=\"Dur\u00e9e de lecture estim\u00e9e\" \/>\n\t<meta name=\"twitter:data1\" content=\"1 minute\" \/>\n<script type=\"application\/ld+json\" class=\"yoast-schema-graph\">{\"@context\":\"https:\/\/schema.org\",\"@graph\":[{\"@type\":\"WebPage\",\"@id\":\"https:\/\/www-bromic-be.bromicpimstg.sites.hosting.454.agency\/fr\/produit\/tungsten-deflecteurs-de-chaleur\/\",\"url\":\"https:\/\/www-bromic-be.bromicpimstg.sites.hosting.454.agency\/fr\/produit\/tungsten-deflecteurs-de-chaleur\/\",\"name\":\"Bromic Heating Belgi\u00eb - D\u00e9flecteurs de chaleur au Tungsten\",\"isPartOf\":{\"@id\":\"https:\/\/www-bromic-be.bromicpimstg.sites.hosting.454.agency\/fr\/de\/#website\"},\"primaryImageOfPage\":{\"@id\":\"https:\/\/www-bromic-be.bromicpimstg.sites.hosting.454.agency\/fr\/produit\/tungsten-deflecteurs-de-chaleur\/#primaryimage\"},\"image\":{\"@id\":\"https:\/\/www-bromic-be.bromicpimstg.sites.hosting.454.agency\/fr\/produit\/tungsten-deflecteurs-de-chaleur\/#primaryimage\"},\"thumbnailUrl\":\"https:\/\/www-bromic-be.bromicpimstg.sites.hosting.454.agency\/wp-content\/uploads\/sites\/14\/2025\/06\/Tungsten_deflector_1.png\",\"datePublished\":\"2023-08-29T02:01:13+00:00\",\"dateModified\":\"2025-06-27T19:55:06+00:00\",\"description\":\"R\u00e9duisez les d\u00e9gagements des chauffages au gaz et maximisez le transfert de chaleur directionnel avec nos d\u00e9flecteurs de chaleur en acier inoxydable.\",\"breadcrumb\":{\"@id\":\"https:\/\/www-bromic-be.bromicpimstg.sites.hosting.454.agency\/fr\/produit\/tungsten-deflecteurs-de-chaleur\/#breadcrumb\"},\"inLanguage\":\"fr-FR\",\"potentialAction\":[{\"@type\":\"ReadAction\",\"target\":[\"https:\/\/www-bromic-be.bromicpimstg.sites.hosting.454.agency\/fr\/produit\/tungsten-deflecteurs-de-chaleur\/\"]}]},{\"@type\":\"ImageObject\",\"inLanguage\":\"fr-FR\",\"@id\":\"https:\/\/www-bromic-be.bromicpimstg.sites.hosting.454.agency\/fr\/produit\/tungsten-deflecteurs-de-chaleur\/#primaryimage\",\"url\":\"https:\/\/www-bromic-be.bromicpimstg.sites.hosting.454.agency\/wp-content\/uploads\/sites\/14\/2025\/06\/Tungsten_deflector_1.png\",\"contentUrl\":\"https:\/\/www-bromic-be.bromicpimstg.sites.hosting.454.agency\/wp-content\/uploads\/sites\/14\/2025\/06\/Tungsten_deflector_1.png\",\"width\":1080,\"height\":1080},{\"@type\":\"BreadcrumbList\",\"@id\":\"https:\/\/www-bromic-be.bromicpimstg.sites.hosting.454.agency\/fr\/produit\/tungsten-deflecteurs-de-chaleur\/#breadcrumb\",\"itemListElement\":[{\"@type\":\"ListItem\",\"position\":1,\"name\":\"Home\",\"item\":\"https:\/\/www-bromic-be.bromicpimstg.sites.hosting.454.agency\/fr\/\"},{\"@type\":\"ListItem\",\"position\":2,\"name\":\"Produits\",\"item\":\"https:\/\/www-bromic-be.bromicpimstg.sites.hosting.454.agency\/fr\/boutique\/\"},{\"@type\":\"ListItem\",\"position\":3,\"name\":\"D\u00e9flecteurs de chaleur au Tungsten\"}]},{\"@type\":\"WebSite\",\"@id\":\"https:\/\/www-bromic-be.bromicpimstg.sites.hosting.454.agency\/fr\/de\/#website\",\"url\":\"https:\/\/www-bromic-be.bromicpimstg.sites.hosting.454.agency\/fr\/de\/\",\"name\":\"Bromic Heating Belgi\u00eb\",\"description\":\"\",\"publisher\":{\"@id\":\"https:\/\/www-bromic-be.bromicpimstg.sites.hosting.454.agency\/fr\/de\/#organization\"},\"potentialAction\":[{\"@type\":\"SearchAction\",\"target\":{\"@type\":\"EntryPoint\",\"urlTemplate\":\"https:\/\/www-bromic-be.bromicpimstg.sites.hosting.454.agency\/fr\/de\/?s={search_term_string}\"},\"query-input\":{\"@type\":\"PropertyValueSpecification\",\"valueRequired\":true,\"valueName\":\"search_term_string\"}}],\"inLanguage\":\"fr-FR\"},{\"@type\":\"Organization\",\"@id\":\"https:\/\/www-bromic-be.bromicpimstg.sites.hosting.454.agency\/fr\/de\/#organization\",\"name\":\"Bromic Heating Belgi\u00eb\",\"url\":\"https:\/\/www-bromic-be.bromicpimstg.sites.hosting.454.agency\/fr\/de\/\",\"logo\":{\"@type\":\"ImageObject\",\"inLanguage\":\"fr-FR\",\"@id\":\"https:\/\/www-bromic-be.bromicpimstg.sites.hosting.454.agency\/fr\/de\/#\/schema\/logo\/image\/\",\"url\":\"https:\/\/www-bromic-be.bromicpimstg.sites.hosting.454.agency\/wp-content\/uploads\/sites\/14\/2021\/09\/bromic-logo.png\",\"contentUrl\":\"https:\/\/www-bromic-be.bromicpimstg.sites.hosting.454.agency\/wp-content\/uploads\/sites\/14\/2021\/09\/bromic-logo.png\",\"width\":1000,\"height\":342,\"caption\":\"Bromic Heating Belgi\u00eb\"},\"image\":{\"@id\":\"https:\/\/www-bromic-be.bromicpimstg.sites.hosting.454.agency\/fr\/de\/#\/schema\/logo\/image\/\"}}]}<\/script>\n<!-- \/ Yoast SEO plugin. -->","yoast_head_json":{"title":"Bromic Heating Belgi\u00eb - D\u00e9flecteurs de chaleur au Tungsten","description":"R\u00e9duisez les d\u00e9gagements des chauffages au gaz et maximisez le transfert de chaleur directionnel avec nos d\u00e9flecteurs de chaleur en acier inoxydable.","robots":{"index":"index","follow":"follow","max-snippet":"max-snippet:-1","max-image-preview":"max-image-preview:large","max-video-preview":"max-video-preview:-1"},"canonical":"https:\/\/www-bromic-be.bromicpimstg.sites.hosting.454.agency\/fr\/produit\/tungsten-deflecteurs-de-chaleur\/","og_locale":"fr_FR","og_type":"article","og_title":"Bromic Heating Belgi\u00eb - D\u00e9flecteurs de chaleur au Tungsten","og_description":"R\u00e9duisez les d\u00e9gagements des chauffages au gaz et maximisez le transfert de chaleur directionnel avec nos d\u00e9flecteurs de chaleur en acier inoxydable.","og_url":"https:\/\/www-bromic-be.bromicpimstg.sites.hosting.454.agency\/fr\/produit\/tungsten-deflecteurs-de-chaleur\/","og_site_name":"Bromic Heating Belgi\u00eb","article_modified_time":"2025-06-27T19:55:06+00:00","og_image":[{"width":1080,"height":1080,"url":"https:\/\/www-bromic-be.bromicpimstg.sites.hosting.454.agency\/wp-content\/uploads\/sites\/14\/2025\/06\/Tungsten_deflector_1.png","type":"image\/png"}],"twitter_card":"summary_large_image","twitter_misc":{"Dur\u00e9e de lecture estim\u00e9e":"1 minute"},"schema":{"@context":"https:\/\/schema.org","@graph":[{"@type":"WebPage","@id":"https:\/\/www-bromic-be.bromicpimstg.sites.hosting.454.agency\/fr\/produit\/tungsten-deflecteurs-de-chaleur\/","url":"https:\/\/www-bromic-be.bromicpimstg.sites.hosting.454.agency\/fr\/produit\/tungsten-deflecteurs-de-chaleur\/","name":"Bromic Heating Belgi\u00eb - D\u00e9flecteurs de chaleur au Tungsten","isPartOf":{"@id":"https:\/\/www-bromic-be.bromicpimstg.sites.hosting.454.agency\/fr\/de\/#website"},"primaryImageOfPage":{"@id":"https:\/\/www-bromic-be.bromicpimstg.sites.hosting.454.agency\/fr\/produit\/tungsten-deflecteurs-de-chaleur\/#primaryimage"},"image":{"@id":"https:\/\/www-bromic-be.bromicpimstg.sites.hosting.454.agency\/fr\/produit\/tungsten-deflecteurs-de-chaleur\/#primaryimage"},"thumbnailUrl":"https:\/\/www-bromic-be.bromicpimstg.sites.hosting.454.agency\/wp-content\/uploads\/sites\/14\/2025\/06\/Tungsten_deflector_1.png","datePublished":"2023-08-29T02:01:13+00:00","dateModified":"2025-06-27T19:55:06+00:00","description":"R\u00e9duisez les d\u00e9gagements des chauffages au gaz et maximisez le transfert de chaleur directionnel avec nos d\u00e9flecteurs de chaleur en acier inoxydable.","breadcrumb":{"@id":"https:\/\/www-bromic-be.bromicpimstg.sites.hosting.454.agency\/fr\/produit\/tungsten-deflecteurs-de-chaleur\/#breadcrumb"},"inLanguage":"fr-FR","potentialAction":[{"@type":"ReadAction","target":["https:\/\/www-bromic-be.bromicpimstg.sites.hosting.454.agency\/fr\/produit\/tungsten-deflecteurs-de-chaleur\/"]}]},{"@type":"ImageObject","inLanguage":"fr-FR","@id":"https:\/\/www-bromic-be.bromicpimstg.sites.hosting.454.agency\/fr\/produit\/tungsten-deflecteurs-de-chaleur\/#primaryimage","url":"https:\/\/www-bromic-be.bromicpimstg.sites.hosting.454.agency\/wp-content\/uploads\/sites\/14\/2025\/06\/Tungsten_deflector_1.png","contentUrl":"https:\/\/www-bromic-be.bromicpimstg.sites.hosting.454.agency\/wp-content\/uploads\/sites\/14\/2025\/06\/Tungsten_deflector_1.png","width":1080,"height":1080},{"@type":"BreadcrumbList","@id":"https:\/\/www-bromic-be.bromicpimstg.sites.hosting.454.agency\/fr\/produit\/tungsten-deflecteurs-de-chaleur\/#breadcrumb","itemListElement":[{"@type":"ListItem","position":1,"name":"Home","item":"https:\/\/www-bromic-be.bromicpimstg.sites.hosting.454.agency\/fr\/"},{"@type":"ListItem","position":2,"name":"Produits","item":"https:\/\/www-bromic-be.bromicpimstg.sites.hosting.454.agency\/fr\/boutique\/"},{"@type":"ListItem","position":3,"name":"D\u00e9flecteurs de chaleur au Tungsten"}]},{"@type":"WebSite","@id":"https:\/\/www-bromic-be.bromicpimstg.sites.hosting.454.agency\/fr\/de\/#website","url":"https:\/\/www-bromic-be.bromicpimstg.sites.hosting.454.agency\/fr\/de\/","name":"Bromic Heating Belgi\u00eb","description":"","publisher":{"@id":"https:\/\/www-bromic-be.bromicpimstg.sites.hosting.454.agency\/fr\/de\/#organization"},"potentialAction":[{"@type":"SearchAction","target":{"@type":"EntryPoint","urlTemplate":"https:\/\/www-bromic-be.bromicpimstg.sites.hosting.454.agency\/fr\/de\/?s={search_term_string}"},"query-input":{"@type":"PropertyValueSpecification","valueRequired":true,"valueName":"search_term_string"}}],"inLanguage":"fr-FR"},{"@type":"Organization","@id":"https:\/\/www-bromic-be.bromicpimstg.sites.hosting.454.agency\/fr\/de\/#organization","name":"Bromic Heating Belgi\u00eb","url":"https:\/\/www-bromic-be.bromicpimstg.sites.hosting.454.agency\/fr\/de\/","logo":{"@type":"ImageObject","inLanguage":"fr-FR","@id":"https:\/\/www-bromic-be.bromicpimstg.sites.hosting.454.agency\/fr\/de\/#\/schema\/logo\/image\/","url":"https:\/\/www-bromic-be.bromicpimstg.sites.hosting.454.agency\/wp-content\/uploads\/sites\/14\/2021\/09\/bromic-logo.png","contentUrl":"https:\/\/www-bromic-be.bromicpimstg.sites.hosting.454.agency\/wp-content\/uploads\/sites\/14\/2021\/09\/bromic-logo.png","width":1000,"height":342,"caption":"Bromic Heating Belgi\u00eb"},"image":{"@id":"https:\/\/www-bromic-be.bromicpimstg.sites.hosting.454.agency\/fr\/de\/#\/schema\/logo\/image\/"}}]}},"_links":{"self":[{"href":"https:\/\/www-bromic-be.bromicpimstg.sites.hosting.454.agency\/fr\/wp-json\/wp\/v2\/product\/375321","targetHints":{"allow":["GET"]}}],"collection":[{"href":"https:\/\/www-bromic-be.bromicpimstg.sites.hosting.454.agency\/fr\/wp-json\/wp\/v2\/product"}],"about":[{"href":"https:\/\/www-bromic-be.bromicpimstg.sites.hosting.454.agency\/fr\/wp-json\/wp\/v2\/types\/product"}],"replies":[{"embeddable":true,"href":"https:\/\/www-bromic-be.bromicpimstg.sites.hosting.454.agency\/fr\/wp-json\/wp\/v2\/comments?post=375321"}],"wp:featuredmedia":[{"embeddable":true,"href":"https:\/\/www-bromic-be.bromicpimstg.sites.hosting.454.agency\/fr\/wp-json\/wp\/v2\/media\/378451"}],"wp:attachment":[{"href":"https:\/\/www-bromic-be.bromicpimstg.sites.hosting.454.agency\/fr\/wp-json\/wp\/v2\/media?parent=375321"}],"wp:term":[{"taxonomy":"product_brand","embeddable":true,"href":"https:\/\/www-bromic-be.bromicpimstg.sites.hosting.454.agency\/fr\/wp-json\/wp\/v2\/product_brand?post=375321"},{"taxonomy":"product_cat","embeddable":true,"href":"https:\/\/www-bromic-be.bromicpimstg.sites.hosting.454.agency\/fr\/wp-json\/wp\/v2\/product_cat?post=375321"},{"taxonomy":"product_tag","embeddable":true,"href":"https:\/\/www-bromic-be.bromicpimstg.sites.hosting.454.agency\/fr\/wp-json\/wp\/v2\/product_tag?post=375321"}],"curies":[{"name":"wp","href":"https:\/\/api.w.org\/{rel}","templated":true}]}}