{"id":375318,"date":"2021-08-31T06:33:27","date_gmt":"2021-08-31T13:33:27","guid":{"rendered":"https:\/\/www-bromic-be.bromicpimstg.sites.hosting.454.agency\/product\/variateur-eclipse\/"},"modified":"2024-10-15T07:49:50","modified_gmt":"2024-10-15T14:49:50","slug":"variateur-eclipse","status":"publish","type":"product","link":"https:\/\/www-bromic-be.bromicpimstg.sites.hosting.454.agency\/fr\/produit\/variateur-eclipse\/","title":{"rendered":"Variateur Eclipse"},"content":{"rendered":"<p>Cr\u00e9ez l\u2019ambiance parfaite avec le variateur Bromic Eclipse et sa t\u00e9l\u00e9commande sans fil. Adapt\u00e9 \u00e0 nos s\u00e9ries Eclipse Pendant et Portable, le variateur et la t\u00e9l\u00e9commande Eclipse Bromic peuvent rapidement tamiser l\u2019\u00e9clairage par incr\u00e9ments de 1 % et la puissance de chauffage (0 %, 33 %, 66 %, 100 %) pour cr\u00e9er l\u2019ambiance parfaite \u00e0 chaque fois.<\/p>\n","protected":false},"excerpt":{"rendered":"<p>Le variateur sans fil Bromic Heating permet de r\u00e9duire rapidement la puissance d\u2019\u00e9clairage et de chauffage sur un gradient de pourcentage pour cr\u00e9er l\u2019ambiance parfaite \u00e0 chaque fois. Contr\u00f4lez votre production de chaleur de haut en bas \u00e0 0 %, 33 %, 66 % et 100 %. Les lumi\u00e8res peuvent \u00eatre gradu\u00e9es vers le haut ou vers le bas par incr\u00e9ments de 1 %.<\/p>\n","protected":false},"featured_media":378590,"comment_status":"closed","ping_status":"closed","template":"","meta":{"_acf_changed":false},"product_brand":[],"product_cat":[579],"product_tag":[],"class_list":{"0":"post-375318","1":"product","2":"type-product","3":"status-publish","4":"has-post-thumbnail","6":"product-collection-eclipse-fr","7":"product-fuel-type-electrique-fr","8":"product_cat-controles-fr","10":"first","11":"instock","12":"shipping-taxable","13":"product-type-simple"},"acf":[],"yoast_head":"<!-- This site is optimized with the Yoast SEO plugin v26.1.1 - https:\/\/yoast.com\/wordpress\/plugins\/seo\/ -->\n<title>Variateur Eclipse - Bromic Heating Belgi\u00eb<\/title>\n<meta name=\"description\" content=\"Le variateur sans fil Bromic Heating permet de r\u00e9duire rapidement la puissance d\u2019\u00e9clairage et de chauffage sur un gradient de pourcentage pour cr\u00e9er l\u2019ambiance parfaite \u00e0 chaque fois. Contr\u00f4lez votre production de chaleur de haut en bas \u00e0 0 %, 33 %, 66 % et 100 %. Les lumi\u00e8res peuvent \u00eatre gradu\u00e9es vers le haut ou vers le bas par incr\u00e9ments de 1 %.\" \/>\n<meta name=\"robots\" content=\"index, follow, max-snippet:-1, max-image-preview:large, max-video-preview:-1\" \/>\n<link rel=\"canonical\" href=\"https:\/\/www-bromic-be.bromicpimstg.sites.hosting.454.agency\/fr\/produit\/variateur-eclipse\/\" \/>\n<meta property=\"og:locale\" content=\"fr_FR\" \/>\n<meta property=\"og:type\" content=\"article\" \/>\n<meta property=\"og:title\" content=\"Variateur Eclipse - Bromic Heating Belgi\u00eb\" \/>\n<meta property=\"og:description\" content=\"Le variateur sans fil Bromic Heating permet de r\u00e9duire rapidement la puissance d\u2019\u00e9clairage et de chauffage sur un gradient de pourcentage pour cr\u00e9er l\u2019ambiance parfaite \u00e0 chaque fois. Contr\u00f4lez votre production de chaleur de haut en bas \u00e0 0 %, 33 %, 66 % et 100 %. Les lumi\u00e8res peuvent \u00eatre gradu\u00e9es vers le haut ou vers le bas par incr\u00e9ments de 1 %.\" \/>\n<meta property=\"og:url\" content=\"https:\/\/www-bromic-be.bromicpimstg.sites.hosting.454.agency\/fr\/produit\/variateur-eclipse\/\" \/>\n<meta property=\"og:site_name\" content=\"Bromic Heating Belgi\u00eb\" \/>\n<meta property=\"article:modified_time\" content=\"2024-10-15T14:49:50+00:00\" \/>\n<meta property=\"og:image\" content=\"https:\/\/www-bromic-be.bromicpimstg.sites.hosting.454.agency\/wp-content\/uploads\/sites\/14\/2025\/06\/Bromic-Eclipse-Dimmer-Remote-1.png\" \/>\n\t<meta property=\"og:image:width\" content=\"1080\" \/>\n\t<meta property=\"og:image:height\" content=\"1080\" \/>\n\t<meta property=\"og:image:type\" content=\"image\/png\" \/>\n<meta name=\"twitter:card\" content=\"summary_large_image\" \/>\n<meta name=\"twitter:label1\" content=\"Dur\u00e9e de lecture estim\u00e9e\" \/>\n\t<meta name=\"twitter:data1\" content=\"1 minute\" \/>\n<script type=\"application\/ld+json\" class=\"yoast-schema-graph\">{\"@context\":\"https:\/\/schema.org\",\"@graph\":[{\"@type\":\"WebPage\",\"@id\":\"https:\/\/www-bromic-be.bromicpimstg.sites.hosting.454.agency\/fr\/produit\/variateur-eclipse\/\",\"url\":\"https:\/\/www-bromic-be.bromicpimstg.sites.hosting.454.agency\/fr\/produit\/variateur-eclipse\/\",\"name\":\"Variateur Eclipse - Bromic Heating Belgi\u00eb\",\"isPartOf\":{\"@id\":\"https:\/\/www-bromic-be.bromicpimstg.sites.hosting.454.agency\/fr\/de\/#website\"},\"primaryImageOfPage\":{\"@id\":\"https:\/\/www-bromic-be.bromicpimstg.sites.hosting.454.agency\/fr\/produit\/variateur-eclipse\/#primaryimage\"},\"image\":{\"@id\":\"https:\/\/www-bromic-be.bromicpimstg.sites.hosting.454.agency\/fr\/produit\/variateur-eclipse\/#primaryimage\"},\"thumbnailUrl\":\"https:\/\/www-bromic-be.bromicpimstg.sites.hosting.454.agency\/wp-content\/uploads\/sites\/14\/2025\/06\/Bromic-Eclipse-Dimmer-Remote-1.png\",\"datePublished\":\"2021-08-31T13:33:27+00:00\",\"dateModified\":\"2024-10-15T14:49:50+00:00\",\"description\":\"Le variateur sans fil Bromic Heating permet de r\u00e9duire rapidement la puissance d\u2019\u00e9clairage et de chauffage sur un gradient de pourcentage pour cr\u00e9er l\u2019ambiance parfaite \u00e0 chaque fois. Contr\u00f4lez votre production de chaleur de haut en bas \u00e0 0 %, 33 %, 66 % et 100 %. Les lumi\u00e8res peuvent \u00eatre gradu\u00e9es vers le haut ou vers le bas par incr\u00e9ments de 1 %.\",\"breadcrumb\":{\"@id\":\"https:\/\/www-bromic-be.bromicpimstg.sites.hosting.454.agency\/fr\/produit\/variateur-eclipse\/#breadcrumb\"},\"inLanguage\":\"fr-FR\",\"potentialAction\":[{\"@type\":\"ReadAction\",\"target\":[\"https:\/\/www-bromic-be.bromicpimstg.sites.hosting.454.agency\/fr\/produit\/variateur-eclipse\/\"]}]},{\"@type\":\"ImageObject\",\"inLanguage\":\"fr-FR\",\"@id\":\"https:\/\/www-bromic-be.bromicpimstg.sites.hosting.454.agency\/fr\/produit\/variateur-eclipse\/#primaryimage\",\"url\":\"https:\/\/www-bromic-be.bromicpimstg.sites.hosting.454.agency\/wp-content\/uploads\/sites\/14\/2025\/06\/Bromic-Eclipse-Dimmer-Remote-1.png\",\"contentUrl\":\"https:\/\/www-bromic-be.bromicpimstg.sites.hosting.454.agency\/wp-content\/uploads\/sites\/14\/2025\/06\/Bromic-Eclipse-Dimmer-Remote-1.png\",\"width\":1080,\"height\":1080},{\"@type\":\"BreadcrumbList\",\"@id\":\"https:\/\/www-bromic-be.bromicpimstg.sites.hosting.454.agency\/fr\/produit\/variateur-eclipse\/#breadcrumb\",\"itemListElement\":[{\"@type\":\"ListItem\",\"position\":1,\"name\":\"Home\",\"item\":\"https:\/\/www-bromic-be.bromicpimstg.sites.hosting.454.agency\/fr\/\"},{\"@type\":\"ListItem\",\"position\":2,\"name\":\"Produits\",\"item\":\"https:\/\/www-bromic-be.bromicpimstg.sites.hosting.454.agency\/fr\/boutique\/\"},{\"@type\":\"ListItem\",\"position\":3,\"name\":\"Variateur Eclipse\"}]},{\"@type\":\"WebSite\",\"@id\":\"https:\/\/www-bromic-be.bromicpimstg.sites.hosting.454.agency\/fr\/de\/#website\",\"url\":\"https:\/\/www-bromic-be.bromicpimstg.sites.hosting.454.agency\/fr\/de\/\",\"name\":\"Bromic Heating Belgi\u00eb\",\"description\":\"\",\"publisher\":{\"@id\":\"https:\/\/www-bromic-be.bromicpimstg.sites.hosting.454.agency\/fr\/de\/#organization\"},\"potentialAction\":[{\"@type\":\"SearchAction\",\"target\":{\"@type\":\"EntryPoint\",\"urlTemplate\":\"https:\/\/www-bromic-be.bromicpimstg.sites.hosting.454.agency\/fr\/de\/?s={search_term_string}\"},\"query-input\":{\"@type\":\"PropertyValueSpecification\",\"valueRequired\":true,\"valueName\":\"search_term_string\"}}],\"inLanguage\":\"fr-FR\"},{\"@type\":\"Organization\",\"@id\":\"https:\/\/www-bromic-be.bromicpimstg.sites.hosting.454.agency\/fr\/de\/#organization\",\"name\":\"Bromic Heating Belgi\u00eb\",\"url\":\"https:\/\/www-bromic-be.bromicpimstg.sites.hosting.454.agency\/fr\/de\/\",\"logo\":{\"@type\":\"ImageObject\",\"inLanguage\":\"fr-FR\",\"@id\":\"https:\/\/www-bromic-be.bromicpimstg.sites.hosting.454.agency\/fr\/de\/#\/schema\/logo\/image\/\",\"url\":\"https:\/\/www-bromic-be.bromicpimstg.sites.hosting.454.agency\/wp-content\/uploads\/sites\/14\/2021\/09\/bromic-logo.png\",\"contentUrl\":\"https:\/\/www-bromic-be.bromicpimstg.sites.hosting.454.agency\/wp-content\/uploads\/sites\/14\/2021\/09\/bromic-logo.png\",\"width\":1000,\"height\":342,\"caption\":\"Bromic Heating Belgi\u00eb\"},\"image\":{\"@id\":\"https:\/\/www-bromic-be.bromicpimstg.sites.hosting.454.agency\/fr\/de\/#\/schema\/logo\/image\/\"}}]}<\/script>\n<!-- \/ Yoast SEO plugin. -->","yoast_head_json":{"title":"Variateur Eclipse - Bromic Heating Belgi\u00eb","description":"Le variateur sans fil Bromic Heating permet de r\u00e9duire rapidement la puissance d\u2019\u00e9clairage et de chauffage sur un gradient de pourcentage pour cr\u00e9er l\u2019ambiance parfaite \u00e0 chaque fois. Contr\u00f4lez votre production de chaleur de haut en bas \u00e0 0 %, 33 %, 66 % et 100 %. Les lumi\u00e8res peuvent \u00eatre gradu\u00e9es vers le haut ou vers le bas par incr\u00e9ments de 1 %.","robots":{"index":"index","follow":"follow","max-snippet":"max-snippet:-1","max-image-preview":"max-image-preview:large","max-video-preview":"max-video-preview:-1"},"canonical":"https:\/\/www-bromic-be.bromicpimstg.sites.hosting.454.agency\/fr\/produit\/variateur-eclipse\/","og_locale":"fr_FR","og_type":"article","og_title":"Variateur Eclipse - Bromic Heating Belgi\u00eb","og_description":"Le variateur sans fil Bromic Heating permet de r\u00e9duire rapidement la puissance d\u2019\u00e9clairage et de chauffage sur un gradient de pourcentage pour cr\u00e9er l\u2019ambiance parfaite \u00e0 chaque fois. Contr\u00f4lez votre production de chaleur de haut en bas \u00e0 0 %, 33 %, 66 % et 100 %. Les lumi\u00e8res peuvent \u00eatre gradu\u00e9es vers le haut ou vers le bas par incr\u00e9ments de 1 %.","og_url":"https:\/\/www-bromic-be.bromicpimstg.sites.hosting.454.agency\/fr\/produit\/variateur-eclipse\/","og_site_name":"Bromic Heating Belgi\u00eb","article_modified_time":"2024-10-15T14:49:50+00:00","og_image":[{"width":1080,"height":1080,"url":"https:\/\/www-bromic-be.bromicpimstg.sites.hosting.454.agency\/wp-content\/uploads\/sites\/14\/2025\/06\/Bromic-Eclipse-Dimmer-Remote-1.png","type":"image\/png"}],"twitter_card":"summary_large_image","twitter_misc":{"Dur\u00e9e de lecture estim\u00e9e":"1 minute"},"schema":{"@context":"https:\/\/schema.org","@graph":[{"@type":"WebPage","@id":"https:\/\/www-bromic-be.bromicpimstg.sites.hosting.454.agency\/fr\/produit\/variateur-eclipse\/","url":"https:\/\/www-bromic-be.bromicpimstg.sites.hosting.454.agency\/fr\/produit\/variateur-eclipse\/","name":"Variateur Eclipse - Bromic Heating Belgi\u00eb","isPartOf":{"@id":"https:\/\/www-bromic-be.bromicpimstg.sites.hosting.454.agency\/fr\/de\/#website"},"primaryImageOfPage":{"@id":"https:\/\/www-bromic-be.bromicpimstg.sites.hosting.454.agency\/fr\/produit\/variateur-eclipse\/#primaryimage"},"image":{"@id":"https:\/\/www-bromic-be.bromicpimstg.sites.hosting.454.agency\/fr\/produit\/variateur-eclipse\/#primaryimage"},"thumbnailUrl":"https:\/\/www-bromic-be.bromicpimstg.sites.hosting.454.agency\/wp-content\/uploads\/sites\/14\/2025\/06\/Bromic-Eclipse-Dimmer-Remote-1.png","datePublished":"2021-08-31T13:33:27+00:00","dateModified":"2024-10-15T14:49:50+00:00","description":"Le variateur sans fil Bromic Heating permet de r\u00e9duire rapidement la puissance d\u2019\u00e9clairage et de chauffage sur un gradient de pourcentage pour cr\u00e9er l\u2019ambiance parfaite \u00e0 chaque fois. Contr\u00f4lez votre production de chaleur de haut en bas \u00e0 0 %, 33 %, 66 % et 100 %. Les lumi\u00e8res peuvent \u00eatre gradu\u00e9es vers le haut ou vers le bas par incr\u00e9ments de 1 %.","breadcrumb":{"@id":"https:\/\/www-bromic-be.bromicpimstg.sites.hosting.454.agency\/fr\/produit\/variateur-eclipse\/#breadcrumb"},"inLanguage":"fr-FR","potentialAction":[{"@type":"ReadAction","target":["https:\/\/www-bromic-be.bromicpimstg.sites.hosting.454.agency\/fr\/produit\/variateur-eclipse\/"]}]},{"@type":"ImageObject","inLanguage":"fr-FR","@id":"https:\/\/www-bromic-be.bromicpimstg.sites.hosting.454.agency\/fr\/produit\/variateur-eclipse\/#primaryimage","url":"https:\/\/www-bromic-be.bromicpimstg.sites.hosting.454.agency\/wp-content\/uploads\/sites\/14\/2025\/06\/Bromic-Eclipse-Dimmer-Remote-1.png","contentUrl":"https:\/\/www-bromic-be.bromicpimstg.sites.hosting.454.agency\/wp-content\/uploads\/sites\/14\/2025\/06\/Bromic-Eclipse-Dimmer-Remote-1.png","width":1080,"height":1080},{"@type":"BreadcrumbList","@id":"https:\/\/www-bromic-be.bromicpimstg.sites.hosting.454.agency\/fr\/produit\/variateur-eclipse\/#breadcrumb","itemListElement":[{"@type":"ListItem","position":1,"name":"Home","item":"https:\/\/www-bromic-be.bromicpimstg.sites.hosting.454.agency\/fr\/"},{"@type":"ListItem","position":2,"name":"Produits","item":"https:\/\/www-bromic-be.bromicpimstg.sites.hosting.454.agency\/fr\/boutique\/"},{"@type":"ListItem","position":3,"name":"Variateur Eclipse"}]},{"@type":"WebSite","@id":"https:\/\/www-bromic-be.bromicpimstg.sites.hosting.454.agency\/fr\/de\/#website","url":"https:\/\/www-bromic-be.bromicpimstg.sites.hosting.454.agency\/fr\/de\/","name":"Bromic Heating Belgi\u00eb","description":"","publisher":{"@id":"https:\/\/www-bromic-be.bromicpimstg.sites.hosting.454.agency\/fr\/de\/#organization"},"potentialAction":[{"@type":"SearchAction","target":{"@type":"EntryPoint","urlTemplate":"https:\/\/www-bromic-be.bromicpimstg.sites.hosting.454.agency\/fr\/de\/?s={search_term_string}"},"query-input":{"@type":"PropertyValueSpecification","valueRequired":true,"valueName":"search_term_string"}}],"inLanguage":"fr-FR"},{"@type":"Organization","@id":"https:\/\/www-bromic-be.bromicpimstg.sites.hosting.454.agency\/fr\/de\/#organization","name":"Bromic Heating Belgi\u00eb","url":"https:\/\/www-bromic-be.bromicpimstg.sites.hosting.454.agency\/fr\/de\/","logo":{"@type":"ImageObject","inLanguage":"fr-FR","@id":"https:\/\/www-bromic-be.bromicpimstg.sites.hosting.454.agency\/fr\/de\/#\/schema\/logo\/image\/","url":"https:\/\/www-bromic-be.bromicpimstg.sites.hosting.454.agency\/wp-content\/uploads\/sites\/14\/2021\/09\/bromic-logo.png","contentUrl":"https:\/\/www-bromic-be.bromicpimstg.sites.hosting.454.agency\/wp-content\/uploads\/sites\/14\/2021\/09\/bromic-logo.png","width":1000,"height":342,"caption":"Bromic Heating Belgi\u00eb"},"image":{"@id":"https:\/\/www-bromic-be.bromicpimstg.sites.hosting.454.agency\/fr\/de\/#\/schema\/logo\/image\/"}}]}},"_links":{"self":[{"href":"https:\/\/www-bromic-be.bromicpimstg.sites.hosting.454.agency\/fr\/wp-json\/wp\/v2\/product\/375318","targetHints":{"allow":["GET"]}}],"collection":[{"href":"https:\/\/www-bromic-be.bromicpimstg.sites.hosting.454.agency\/fr\/wp-json\/wp\/v2\/product"}],"about":[{"href":"https:\/\/www-bromic-be.bromicpimstg.sites.hosting.454.agency\/fr\/wp-json\/wp\/v2\/types\/product"}],"replies":[{"embeddable":true,"href":"https:\/\/www-bromic-be.bromicpimstg.sites.hosting.454.agency\/fr\/wp-json\/wp\/v2\/comments?post=375318"}],"wp:featuredmedia":[{"embeddable":true,"href":"https:\/\/www-bromic-be.bromicpimstg.sites.hosting.454.agency\/fr\/wp-json\/wp\/v2\/media\/378590"}],"wp:attachment":[{"href":"https:\/\/www-bromic-be.bromicpimstg.sites.hosting.454.agency\/fr\/wp-json\/wp\/v2\/media?parent=375318"}],"wp:term":[{"taxonomy":"product_brand","embeddable":true,"href":"https:\/\/www-bromic-be.bromicpimstg.sites.hosting.454.agency\/fr\/wp-json\/wp\/v2\/product_brand?post=375318"},{"taxonomy":"product_cat","embeddable":true,"href":"https:\/\/www-bromic-be.bromicpimstg.sites.hosting.454.agency\/fr\/wp-json\/wp\/v2\/product_cat?post=375318"},{"taxonomy":"product_tag","embeddable":true,"href":"https:\/\/www-bromic-be.bromicpimstg.sites.hosting.454.agency\/fr\/wp-json\/wp\/v2\/product_tag?post=375318"}],"curies":[{"name":"wp","href":"https:\/\/api.w.org\/{rel}","templated":true}]}}