{"id":45496,"date":"2021-10-21T09:37:20","date_gmt":"2021-10-21T16:37:20","guid":{"rendered":"https:\/\/www-bromic-be.bromicpimstg.sites.hosting.454.agency\/ressources-techniques\/"},"modified":"2025-10-16T09:02:00","modified_gmt":"2025-10-16T16:02:00","slug":"ressources-techniques","status":"publish","type":"page","link":"https:\/\/www-bromic-be.bromicpimstg.sites.hosting.454.agency\/fr\/ressources-techniques\/","title":{"rendered":"Ressources Techniques"},"content":{"rendered":"\n<h2 class=\"wp-block-heading has-black-color has-text-color\">Collection Eclipse<\/h2>\n\n\n\n<div class=\"wp-block-group alignfull row-gap-2 is-content-justification-center is-layout-flex wp-container-core-group-is-layout-c0fdf760 wp-block-group-is-layout-flex\" style=\"padding-top:0;padding-right:0;padding-bottom:0;padding-left:0\">\n<section class=\"blocks block-product-files \" id=\"block_2fc5839879f6552ecff4cd278f413c69\">\n\n  \n<\/section>\n\n\n\n<section class=\"blocks block-product-files \" id=\"block_2cb0ab831347d256b77d7ef45aa3f1c2\">\n\n  \n<\/section>\n<\/div>\n\n\n\n<div style=\"height:60px\" aria-hidden=\"true\" class=\"wp-block-spacer\"><\/div>\n\n\n\n<h2 class=\"wp-block-heading has-text-align-center\" style=\"padding-bottom:10px\">Collection Platinum <\/h2>\n\n\n\n<div class=\"wp-block-group alignfull row-gap-2 is-content-justification-center is-layout-flex wp-container-core-group-is-layout-6274c98b wp-block-group-is-layout-flex\">\n<section class=\"blocks block-product-files \" id=\"block_911f723cdaee0b713a99687143225130\">\n\n  \n<\/section>\n\n\n\n<section class=\"blocks block-product-files \" id=\"block_f525343c10c2624cf90f336827bb3bd8\">\n\n  \n<\/section>\n\n\n\n<section class=\"blocks block-product-files \" id=\"block_58bd81e1daf5a103c52241090f55afc3\">\n\n  \n<\/section>\n\n\n\n<section class=\"blocks block-product-files \" id=\"block_c72f2db9c4d23ca96bbcbb41a08760a5\">\n\n  \n<\/section>\n<\/div>\n\n\n\n<div style=\"height:60px\" aria-hidden=\"true\" class=\"wp-block-spacer\"><\/div>\n\n\n\n<h2 class=\"wp-block-heading has-text-align-center\" style=\"padding-bottom:10px\">Collection Tungsten <\/h2>\n\n\n\n<div class=\"wp-block-group alignfull row-gap-2 is-content-justification-center is-layout-flex wp-container-core-group-is-layout-6274c98b wp-block-group-is-layout-flex\">\n<section class=\"blocks block-product-files \" id=\"block_39e2b269edb8b607167b50d346850392\">\n\n  \n<\/section>\n\n\n\n<section class=\"blocks block-product-files \" id=\"block_d76dbb724564f123ce98b690736b8ff8\">\n\n  \n<\/section>\n\n\n\n<section class=\"blocks block-product-files \" id=\"block_7a2ac5e10c451c24d4a635cb2f8eee69\">\n\n  \n<\/section>\n<\/div>\n\n\n\n<div style=\"height:60px\" aria-hidden=\"true\" class=\"wp-block-spacer\"><\/div>\n\n\n\n<h2 class=\"wp-block-heading has-text-align-center\" style=\"padding-bottom:10px\">Collection des Appareils de Chauffage Affinity<\/h2>\n\n\n\n<div class=\"wp-block-group alignfull row-gap-2 is-content-justification-center is-layout-flex wp-container-core-group-is-layout-6274c98b wp-block-group-is-layout-flex\">\n<section class=\"blocks block-product-files \" id=\"block_1178544fcf5a59b951f3dd8a3e3fb240\">\n\n  \n<\/section>\n\n\n\n<section class=\"blocks block-product-files \" id=\"block_8d67d3d362f58a75c4da62327c4ca907\">\n\n  \n<\/section>\n\n\n\n<section class=\"blocks block-product-files \" id=\"block_9ad359e0e93f804e946c286b5d31c591\">\n\n  \n<\/section>\n<\/div>\n\n\n\n<div style=\"height:60px\" aria-hidden=\"true\" class=\"wp-block-spacer\"><\/div>\n\n\n\n<div class=\"wp-block-group\"><div class=\"wp-block-group__inner-container is-layout-constrained wp-block-group-is-layout-constrained\">\n<h2 class=\"wp-block-heading has-black-color has-text-color\">T\u00e9l\u00e9commandes Legacy de Bromic<\/h2>\n\n\n<section class=\"blocks block-single-accordion  align \" id=\"block_b0d86933afff4e52d820165f792873ce\" data-size=\"md\">\n    <div class=\"anchor\" id=\"\"><\/div>\n    <div class=\"accordion-button\">\n        <h2>T\u00e9l\u00e9chargements Contr\u00f4leur On\/Off Smart-Heat<i><\/i><\/h2>\n    <\/div>\n    <div class=\"accordion-content\">\n        \n\n<div class=\"wp-block-file\"><a id=\"wp-block-file--media-5881e2fb-3277-4a14-8b64-0b60216fb674\" href=\"https:\/\/www-bromic-be.bromicpimstg.sites.hosting.454.agency\/wp-content\/uploads\/sites\/14\/2023\/08\/OnOff-instruction-manual_BROMIC_V1.2_au.pdf\">Manuel d&rsquo;instruction<\/a><a href=\"https:\/\/www-bromic-be.bromicpimstg.sites.hosting.454.agency\/wp-content\/uploads\/sites\/14\/2023\/08\/OnOff-instruction-manual_BROMIC_V1.2_au.pdf\" class=\"wp-block-file__button wp-element-button\" download aria-describedby=\"wp-block-file--media-5881e2fb-3277-4a14-8b64-0b60216fb674\">T\u00e9l\u00e9charger<\/a><\/div>\n\n\n    <\/div>\n            <script>\n        jQuery(function($) {\n            $('body').ready(function() {\n                $( '#block_b0d86933afff4e52d820165f792873ce .accordion-button' ).click(function() {\n                    $(this).parent().toggleClass('open');\n                });\n            });\n        });\n        <\/script>\n    <\/section>\n\n\n<section class=\"blocks block-single-accordion  align \" id=\"block_33218e99c40b9b898a2b2ffda48d8b49\" data-size=\"md\">\n    <div class=\"anchor\" id=\"\"><\/div>\n    <div class=\"accordion-button\">\n        <h2>T\u00e9l\u00e9chargements Variateur Smart-Heat Electric<i><\/i><\/h2>\n    <\/div>\n    <div class=\"accordion-content\">\n        \n\n<div class=\"wp-block-file\"><a id=\"wp-block-file--media-a24af2cf-e997-408d-9318-1bb54d9e93a0\" href=\"https:\/\/www-bromic-be.bromicpimstg.sites.hosting.454.agency\/wp-content\/uploads\/sites\/14\/2023\/08\/Smart-Heat-Electric-Dimmer-Control-Product-Brief-AU.jpg\">R\u00e9sum\u00e9 du produit<\/a><a href=\"https:\/\/www-bromic-be.bromicpimstg.sites.hosting.454.agency\/wp-content\/uploads\/sites\/14\/2023\/08\/Smart-Heat-Electric-Dimmer-Control-Product-Brief-AU.jpg\" class=\"wp-block-file__button wp-element-button\" download aria-describedby=\"wp-block-file--media-a24af2cf-e997-408d-9318-1bb54d9e93a0\">T\u00e9l\u00e9charger<\/a><\/div>\n\n\n\n<div class=\"wp-block-file\"><a id=\"wp-block-file--media-1d3b0e42-729b-4d2c-873a-3bc552b1df81\" href=\"https:\/\/www-bromic-be.bromicpimstg.sites.hosting.454.agency\/wp-content\/uploads\/sites\/14\/2023\/08\/Dimmer_Bromic-instruction-manual_V1.2_au.pdf\">Manuel d&rsquo;instruction<\/a><a href=\"https:\/\/www-bromic-be.bromicpimstg.sites.hosting.454.agency\/wp-content\/uploads\/sites\/14\/2023\/08\/Dimmer_Bromic-instruction-manual_V1.2_au.pdf\" class=\"wp-block-file__button wp-element-button\" download aria-describedby=\"wp-block-file--media-1d3b0e42-729b-4d2c-873a-3bc552b1df81\">T\u00e9l\u00e9charger<\/a><\/div>\n\n\n    <\/div>\n            <script>\n        jQuery(function($) {\n            $('body').ready(function() {\n                $( '#block_33218e99c40b9b898a2b2ffda48d8b49 .accordion-button' ).click(function() {\n                    $(this).parent().toggleClass('open');\n                });\n            });\n        });\n        <\/script>\n    <\/section>\n\n\n<section class=\"blocks block-single-accordion  align \" id=\"block_2d364aead3c6470d72b55c99a248081e\" data-size=\"md\">\n    <div class=\"anchor\" id=\"\"><\/div>\n    <div class=\"accordion-button\">\n        <h2>T\u00e9l\u00e9chargements Eclipse Variateur Smart-Heat Electric<i><\/i><\/h2>\n    <\/div>\n    <div class=\"accordion-content\">\n        \n\n<div class=\"wp-block-file\"><a id=\"wp-block-file--media-1d3b0e42-729b-4d2c-873a-3bc552b1df81\" href=\"https:\/\/bromicpimstg.sites.hosting.454.agency\/wp-content\/uploads\/2024\/04\/Bromic-Eclipse-Remote-Master-Eclipse-Remote-Manual-V1.3-FR.pdf\">Manuel d\u2019instruction<\/a><a href=\"https:\/\/bromicpimstg.sites.hosting.454.agency\/wp-content\/uploads\/2024\/04\/Bromic-Eclipse-Remote-Master-Eclipse-Remote-Manual-V1.3-FR.pdf\" class=\"wp-block-file__button wp-element-button\" download aria-describedby=\"wp-block-file--media-1d3b0e42-729b-4d2c-873a-3bc552b1df81\">T\u00e9l\u00e9charger<\/a><\/div>\n\n\n    <\/div>\n            <script>\n        jQuery(function($) {\n            $('body').ready(function() {\n                $( '#block_2d364aead3c6470d72b55c99a248081e .accordion-button' ).click(function() {\n                    $(this).parent().toggleClass('open');\n                });\n            });\n        });\n        <\/script>\n    <\/section>\n\n\n<section class=\"blocks block-single-accordion  align \" id=\"block_0ac267318681b97a54691970eddf4f3d\" data-size=\"md\">\n    <div class=\"anchor\" id=\"\"><\/div>\n    <div class=\"accordion-button\">\n        <h2>T\u00e9l\u00e9chargements domotique Smart-Heat Link<i><\/i><\/h2>\n    <\/div>\n    <div class=\"accordion-content\">\n        \n\n<div class=\"wp-block-file\"><a id=\"wp-block-file--media-23ce8f19-82f7-4228-9034-061944fdd3d1\" href=\"https:\/\/www-bromic-be.bromicpimstg.sites.hosting.454.agency\/wp-content\/uploads\/sites\/14\/2023\/08\/Home-automation-Flyer_AUS.pdf\">R\u00e9sum\u00e9 du produit<\/a><a href=\"https:\/\/www-bromic-be.bromicpimstg.sites.hosting.454.agency\/wp-content\/uploads\/sites\/14\/2023\/08\/Home-automation-Flyer_AUS.pdf\" class=\"wp-block-file__button wp-element-button\" download aria-describedby=\"wp-block-file--media-23ce8f19-82f7-4228-9034-061944fdd3d1\">T\u00e9l\u00e9charger<\/a><\/div>\n\n\n\n<div class=\"wp-block-file\"><a id=\"wp-block-file--media-23ce8f19-82f7-4228-9034-061944fdd3d1\" href=\"https:\/\/bromicpimstg.sites.hosting.454.agency\/wp-content\/uploads\/2021\/09\/Bromic-Smart-Heat-Link-Installation-Guide.pdf\">Manuel d&rsquo;instruction<\/a><a href=\"https:\/\/bromicpimstg.sites.hosting.454.agency\/wp-content\/uploads\/2021\/09\/Bromic-Smart-Heat-Link-Installation-Guide.pdf\" class=\"wp-block-file__button wp-element-button\" download aria-describedby=\"wp-block-file--media-23ce8f19-82f7-4228-9034-061944fdd3d1\">T\u00e9l\u00e9charger<\/a><\/div>\n\n\n\n<div class=\"wp-block-file\"><a id=\"wp-block-file--media-0ab67738-8b0a-45fa-8161-5ae13be6a213\" href=\"https:\/\/www-bromic-be.bromicpimstg.sites.hosting.454.agency\/wp-content\/uploads\/sites\/14\/2023\/08\/Bromic-Smart-Heat-Link-Protocol-Tool_rev4.0-1.xlsx\">Outil de protocole pour la liaison Smart-Heat<\/a><a href=\"https:\/\/www-bromic-be.bromicpimstg.sites.hosting.454.agency\/wp-content\/uploads\/sites\/14\/2023\/08\/Bromic-Smart-Heat-Link-Protocol-Tool_rev4.0-1.xlsx\" class=\"wp-block-file__button wp-element-button\" download aria-describedby=\"wp-block-file--media-0ab67738-8b0a-45fa-8161-5ae13be6a213\">T\u00e9l\u00e9charger<\/a><\/div>\n\n\n    <\/div>\n            <script>\n        jQuery(function($) {\n            $('body').ready(function() {\n                $( '#block_0ac267318681b97a54691970eddf4f3d .accordion-button' ).click(function() {\n                    $(this).parent().toggleClass('open');\n                });\n            });\n        });\n        <\/script>\n    <\/section>\n<\/div><\/div>\n","protected":false},"excerpt":{"rendered":"<p>Collection Eclipse Collection Platinum Collection Tungsten Collection des Appareils de Chauffage Affinity T\u00e9l\u00e9commandes Legacy de Bromic<\/p>\n","protected":false},"author":8,"featured_media":378305,"parent":0,"menu_order":0,"comment_status":"closed","ping_status":"closed","template":"","meta":{"_acf_changed":false,"footnotes":""},"class_list":["post-45496","page","type-page","status-publish","has-post-thumbnail","hentry"],"acf":[],"yoast_head":"<!-- This site is optimized with the Yoast SEO plugin v26.1.1 - https:\/\/yoast.com\/wordpress\/plugins\/seo\/ -->\n<title>Ressources Techniques - Bromic Heating Belgi\u00eb<\/title>\n<meta name=\"description\" content=\"Collection Eclipse Collection Platinum Collection Tungsten Collection des Appareils de Chauffage Affinity T\u00e9l\u00e9commandes Legacy de Bromic Manuel\" \/>\n<meta name=\"robots\" content=\"index, follow, max-snippet:-1, max-image-preview:large, max-video-preview:-1\" \/>\n<link rel=\"canonical\" href=\"https:\/\/www-bromic-be.bromicpimstg.sites.hosting.454.agency\/fr\/ressources-techniques\/\" \/>\n<meta property=\"og:locale\" content=\"fr_FR\" \/>\n<meta property=\"og:type\" content=\"article\" \/>\n<meta property=\"og:title\" content=\"Ressources Techniques - Bromic Heating Belgi\u00eb\" \/>\n<meta property=\"og:description\" content=\"Collection Eclipse Collection Platinum Collection Tungsten Collection des Appareils de Chauffage Affinity T\u00e9l\u00e9commandes Legacy de Bromic Manuel\" \/>\n<meta property=\"og:url\" content=\"https:\/\/www-bromic-be.bromicpimstg.sites.hosting.454.agency\/fr\/ressources-techniques\/\" \/>\n<meta property=\"og:site_name\" content=\"Bromic Heating Belgi\u00eb\" \/>\n<meta property=\"article:modified_time\" content=\"2025-10-16T16:02:00+00:00\" \/>\n<meta property=\"og:image\" content=\"https:\/\/www-bromic-be.bromicpimstg.sites.hosting.454.agency\/wp-content\/uploads\/sites\/14\/2025\/06\/ProLiving_39Spinnaker_05-cropped.jpg\" \/>\n\t<meta property=\"og:image:width\" content=\"1900\" \/>\n\t<meta property=\"og:image:height\" content=\"604\" \/>\n\t<meta property=\"og:image:type\" content=\"image\/jpeg\" \/>\n<meta name=\"twitter:card\" content=\"summary_large_image\" \/>\n<meta name=\"twitter:label1\" content=\"Dur\u00e9e de lecture estim\u00e9e\" \/>\n\t<meta name=\"twitter:data1\" content=\"1 minute\" \/>\n<script type=\"application\/ld+json\" class=\"yoast-schema-graph\">{\"@context\":\"https:\/\/schema.org\",\"@graph\":[{\"@type\":\"WebPage\",\"@id\":\"https:\/\/www-bromic-be.bromicpimstg.sites.hosting.454.agency\/fr\/ressources-techniques\/\",\"url\":\"https:\/\/www-bromic-be.bromicpimstg.sites.hosting.454.agency\/fr\/ressources-techniques\/\",\"name\":\"Ressources Techniques - Bromic Heating Belgi\u00eb\",\"isPartOf\":{\"@id\":\"https:\/\/www-bromic-be.bromicpimstg.sites.hosting.454.agency\/fr\/de\/#website\"},\"primaryImageOfPage\":{\"@id\":\"https:\/\/www-bromic-be.bromicpimstg.sites.hosting.454.agency\/fr\/ressources-techniques\/#primaryimage\"},\"image\":{\"@id\":\"https:\/\/www-bromic-be.bromicpimstg.sites.hosting.454.agency\/fr\/ressources-techniques\/#primaryimage\"},\"thumbnailUrl\":\"https:\/\/www-bromic-be.bromicpimstg.sites.hosting.454.agency\/wp-content\/uploads\/sites\/14\/2025\/06\/ProLiving_39Spinnaker_05-cropped.jpg\",\"datePublished\":\"2021-10-21T16:37:20+00:00\",\"dateModified\":\"2025-10-16T16:02:00+00:00\",\"description\":\"Collection Eclipse Collection Platinum Collection Tungsten Collection des Appareils de Chauffage Affinity T\u00e9l\u00e9commandes Legacy de Bromic Manuel\",\"breadcrumb\":{\"@id\":\"https:\/\/www-bromic-be.bromicpimstg.sites.hosting.454.agency\/fr\/ressources-techniques\/#breadcrumb\"},\"inLanguage\":\"fr-FR\",\"potentialAction\":[{\"@type\":\"ReadAction\",\"target\":[\"https:\/\/www-bromic-be.bromicpimstg.sites.hosting.454.agency\/fr\/ressources-techniques\/\"]}]},{\"@type\":\"ImageObject\",\"inLanguage\":\"fr-FR\",\"@id\":\"https:\/\/www-bromic-be.bromicpimstg.sites.hosting.454.agency\/fr\/ressources-techniques\/#primaryimage\",\"url\":\"https:\/\/www-bromic-be.bromicpimstg.sites.hosting.454.agency\/wp-content\/uploads\/sites\/14\/2025\/06\/ProLiving_39Spinnaker_05-cropped.jpg\",\"contentUrl\":\"https:\/\/www-bromic-be.bromicpimstg.sites.hosting.454.agency\/wp-content\/uploads\/sites\/14\/2025\/06\/ProLiving_39Spinnaker_05-cropped.jpg\",\"width\":1900,\"height\":604},{\"@type\":\"BreadcrumbList\",\"@id\":\"https:\/\/www-bromic-be.bromicpimstg.sites.hosting.454.agency\/fr\/ressources-techniques\/#breadcrumb\",\"itemListElement\":[{\"@type\":\"ListItem\",\"position\":1,\"name\":\"Home\",\"item\":\"https:\/\/www-bromic-be.bromicpimstg.sites.hosting.454.agency\/fr\/\"},{\"@type\":\"ListItem\",\"position\":2,\"name\":\"Ressources Techniques\"}]},{\"@type\":\"WebSite\",\"@id\":\"https:\/\/www-bromic-be.bromicpimstg.sites.hosting.454.agency\/fr\/de\/#website\",\"url\":\"https:\/\/www-bromic-be.bromicpimstg.sites.hosting.454.agency\/fr\/de\/\",\"name\":\"Bromic Heating Belgi\u00eb\",\"description\":\"\",\"publisher\":{\"@id\":\"https:\/\/www-bromic-be.bromicpimstg.sites.hosting.454.agency\/fr\/de\/#organization\"},\"potentialAction\":[{\"@type\":\"SearchAction\",\"target\":{\"@type\":\"EntryPoint\",\"urlTemplate\":\"https:\/\/www-bromic-be.bromicpimstg.sites.hosting.454.agency\/fr\/de\/?s={search_term_string}\"},\"query-input\":{\"@type\":\"PropertyValueSpecification\",\"valueRequired\":true,\"valueName\":\"search_term_string\"}}],\"inLanguage\":\"fr-FR\"},{\"@type\":\"Organization\",\"@id\":\"https:\/\/www-bromic-be.bromicpimstg.sites.hosting.454.agency\/fr\/de\/#organization\",\"name\":\"Bromic Heating Belgi\u00eb\",\"url\":\"https:\/\/www-bromic-be.bromicpimstg.sites.hosting.454.agency\/fr\/de\/\",\"logo\":{\"@type\":\"ImageObject\",\"inLanguage\":\"fr-FR\",\"@id\":\"https:\/\/www-bromic-be.bromicpimstg.sites.hosting.454.agency\/fr\/de\/#\/schema\/logo\/image\/\",\"url\":\"https:\/\/www-bromic-be.bromicpimstg.sites.hosting.454.agency\/wp-content\/uploads\/sites\/14\/2021\/09\/bromic-logo.png\",\"contentUrl\":\"https:\/\/www-bromic-be.bromicpimstg.sites.hosting.454.agency\/wp-content\/uploads\/sites\/14\/2021\/09\/bromic-logo.png\",\"width\":1000,\"height\":342,\"caption\":\"Bromic Heating Belgi\u00eb\"},\"image\":{\"@id\":\"https:\/\/www-bromic-be.bromicpimstg.sites.hosting.454.agency\/fr\/de\/#\/schema\/logo\/image\/\"}}]}<\/script>\n<!-- \/ Yoast SEO plugin. -->","yoast_head_json":{"title":"Ressources Techniques - Bromic Heating Belgi\u00eb","description":"Collection Eclipse Collection Platinum Collection Tungsten Collection des Appareils de Chauffage Affinity T\u00e9l\u00e9commandes Legacy de Bromic Manuel","robots":{"index":"index","follow":"follow","max-snippet":"max-snippet:-1","max-image-preview":"max-image-preview:large","max-video-preview":"max-video-preview:-1"},"canonical":"https:\/\/www-bromic-be.bromicpimstg.sites.hosting.454.agency\/fr\/ressources-techniques\/","og_locale":"fr_FR","og_type":"article","og_title":"Ressources Techniques - Bromic Heating Belgi\u00eb","og_description":"Collection Eclipse Collection Platinum Collection Tungsten Collection des Appareils de Chauffage Affinity T\u00e9l\u00e9commandes Legacy de Bromic Manuel","og_url":"https:\/\/www-bromic-be.bromicpimstg.sites.hosting.454.agency\/fr\/ressources-techniques\/","og_site_name":"Bromic Heating Belgi\u00eb","article_modified_time":"2025-10-16T16:02:00+00:00","og_image":[{"width":1900,"height":604,"url":"https:\/\/www-bromic-be.bromicpimstg.sites.hosting.454.agency\/wp-content\/uploads\/sites\/14\/2025\/06\/ProLiving_39Spinnaker_05-cropped.jpg","type":"image\/jpeg"}],"twitter_card":"summary_large_image","twitter_misc":{"Dur\u00e9e de lecture estim\u00e9e":"1 minute"},"schema":{"@context":"https:\/\/schema.org","@graph":[{"@type":"WebPage","@id":"https:\/\/www-bromic-be.bromicpimstg.sites.hosting.454.agency\/fr\/ressources-techniques\/","url":"https:\/\/www-bromic-be.bromicpimstg.sites.hosting.454.agency\/fr\/ressources-techniques\/","name":"Ressources Techniques - Bromic Heating Belgi\u00eb","isPartOf":{"@id":"https:\/\/www-bromic-be.bromicpimstg.sites.hosting.454.agency\/fr\/de\/#website"},"primaryImageOfPage":{"@id":"https:\/\/www-bromic-be.bromicpimstg.sites.hosting.454.agency\/fr\/ressources-techniques\/#primaryimage"},"image":{"@id":"https:\/\/www-bromic-be.bromicpimstg.sites.hosting.454.agency\/fr\/ressources-techniques\/#primaryimage"},"thumbnailUrl":"https:\/\/www-bromic-be.bromicpimstg.sites.hosting.454.agency\/wp-content\/uploads\/sites\/14\/2025\/06\/ProLiving_39Spinnaker_05-cropped.jpg","datePublished":"2021-10-21T16:37:20+00:00","dateModified":"2025-10-16T16:02:00+00:00","description":"Collection Eclipse Collection Platinum Collection Tungsten Collection des Appareils de Chauffage Affinity T\u00e9l\u00e9commandes Legacy de Bromic Manuel","breadcrumb":{"@id":"https:\/\/www-bromic-be.bromicpimstg.sites.hosting.454.agency\/fr\/ressources-techniques\/#breadcrumb"},"inLanguage":"fr-FR","potentialAction":[{"@type":"ReadAction","target":["https:\/\/www-bromic-be.bromicpimstg.sites.hosting.454.agency\/fr\/ressources-techniques\/"]}]},{"@type":"ImageObject","inLanguage":"fr-FR","@id":"https:\/\/www-bromic-be.bromicpimstg.sites.hosting.454.agency\/fr\/ressources-techniques\/#primaryimage","url":"https:\/\/www-bromic-be.bromicpimstg.sites.hosting.454.agency\/wp-content\/uploads\/sites\/14\/2025\/06\/ProLiving_39Spinnaker_05-cropped.jpg","contentUrl":"https:\/\/www-bromic-be.bromicpimstg.sites.hosting.454.agency\/wp-content\/uploads\/sites\/14\/2025\/06\/ProLiving_39Spinnaker_05-cropped.jpg","width":1900,"height":604},{"@type":"BreadcrumbList","@id":"https:\/\/www-bromic-be.bromicpimstg.sites.hosting.454.agency\/fr\/ressources-techniques\/#breadcrumb","itemListElement":[{"@type":"ListItem","position":1,"name":"Home","item":"https:\/\/www-bromic-be.bromicpimstg.sites.hosting.454.agency\/fr\/"},{"@type":"ListItem","position":2,"name":"Ressources Techniques"}]},{"@type":"WebSite","@id":"https:\/\/www-bromic-be.bromicpimstg.sites.hosting.454.agency\/fr\/de\/#website","url":"https:\/\/www-bromic-be.bromicpimstg.sites.hosting.454.agency\/fr\/de\/","name":"Bromic Heating Belgi\u00eb","description":"","publisher":{"@id":"https:\/\/www-bromic-be.bromicpimstg.sites.hosting.454.agency\/fr\/de\/#organization"},"potentialAction":[{"@type":"SearchAction","target":{"@type":"EntryPoint","urlTemplate":"https:\/\/www-bromic-be.bromicpimstg.sites.hosting.454.agency\/fr\/de\/?s={search_term_string}"},"query-input":{"@type":"PropertyValueSpecification","valueRequired":true,"valueName":"search_term_string"}}],"inLanguage":"fr-FR"},{"@type":"Organization","@id":"https:\/\/www-bromic-be.bromicpimstg.sites.hosting.454.agency\/fr\/de\/#organization","name":"Bromic Heating Belgi\u00eb","url":"https:\/\/www-bromic-be.bromicpimstg.sites.hosting.454.agency\/fr\/de\/","logo":{"@type":"ImageObject","inLanguage":"fr-FR","@id":"https:\/\/www-bromic-be.bromicpimstg.sites.hosting.454.agency\/fr\/de\/#\/schema\/logo\/image\/","url":"https:\/\/www-bromic-be.bromicpimstg.sites.hosting.454.agency\/wp-content\/uploads\/sites\/14\/2021\/09\/bromic-logo.png","contentUrl":"https:\/\/www-bromic-be.bromicpimstg.sites.hosting.454.agency\/wp-content\/uploads\/sites\/14\/2021\/09\/bromic-logo.png","width":1000,"height":342,"caption":"Bromic Heating Belgi\u00eb"},"image":{"@id":"https:\/\/www-bromic-be.bromicpimstg.sites.hosting.454.agency\/fr\/de\/#\/schema\/logo\/image\/"}}]}},"_links":{"self":[{"href":"https:\/\/www-bromic-be.bromicpimstg.sites.hosting.454.agency\/fr\/wp-json\/wp\/v2\/pages\/45496","targetHints":{"allow":["GET"]}}],"collection":[{"href":"https:\/\/www-bromic-be.bromicpimstg.sites.hosting.454.agency\/fr\/wp-json\/wp\/v2\/pages"}],"about":[{"href":"https:\/\/www-bromic-be.bromicpimstg.sites.hosting.454.agency\/fr\/wp-json\/wp\/v2\/types\/page"}],"author":[{"embeddable":true,"href":"https:\/\/www-bromic-be.bromicpimstg.sites.hosting.454.agency\/fr\/wp-json\/wp\/v2\/users\/8"}],"replies":[{"embeddable":true,"href":"https:\/\/www-bromic-be.bromicpimstg.sites.hosting.454.agency\/fr\/wp-json\/wp\/v2\/comments?post=45496"}],"version-history":[{"count":0,"href":"https:\/\/www-bromic-be.bromicpimstg.sites.hosting.454.agency\/fr\/wp-json\/wp\/v2\/pages\/45496\/revisions"}],"wp:featuredmedia":[{"embeddable":true,"href":"https:\/\/www-bromic-be.bromicpimstg.sites.hosting.454.agency\/fr\/wp-json\/wp\/v2\/media\/378305"}],"wp:attachment":[{"href":"https:\/\/www-bromic-be.bromicpimstg.sites.hosting.454.agency\/fr\/wp-json\/wp\/v2\/media?parent=45496"}],"curies":[{"name":"wp","href":"https:\/\/api.w.org\/{rel}","templated":true}]}}