{"id":45461,"date":"2021-10-21T09:37:49","date_gmt":"2021-10-21T16:37:49","guid":{"rendered":"https:\/\/www-bromic-be.bromicpimstg.sites.hosting.454.agency\/architectes-et-designers\/"},"modified":"2023-07-27T17:35:03","modified_gmt":"2023-07-28T00:35:03","slug":"architectes-et-designers","status":"publish","type":"page","link":"https:\/\/www-bromic-be.bromicpimstg.sites.hosting.454.agency\/fr\/architectes-et-designers\/","title":{"rendered":"Architectes et designers"},"content":{"rendered":"\n<div class=\"wp-block-cover alignfull\" style=\"padding-top:30%;padding-right:30px;padding-bottom:200px;padding-left:30px\"><span aria-hidden=\"true\" class=\"wp-block-cover__background has-background-dim-60 has-background-dim\"><\/span><img decoding=\"async\" class=\"wp-block-cover__image-background wp-image-3253\" alt=\"\" src=\"https:\/\/bromicpimstg.sites.hosting.454.agency\/wp-content\/uploads\/2021\/08\/residential-belgium-brussels-medows-resid-3.jpg\" style=\"object-position:52% 38%\" data-object-fit=\"cover\" data-object-position=\"52% 38%\"\/><div class=\"wp-block-cover__inner-container is-layout-flow wp-block-cover-is-layout-flow\">\n<p class=\"has-text-align-center h6 has-orange-color has-text-color\">Architectes et designers<\/p>\n\n\n\n<h1 class=\"wp-block-heading has-text-align-center alignmedium\">D\u00e9couvrez pourquoi les grands designers choisissent les chauffages ext\u00e9rieurs Bromic.<\/h1>\n<\/div><\/div>\n\n\n\n<div class=\"wp-block-group alignfull has-background\" style=\"background:linear-gradient(180deg,rgb(238,242,244) 0%,rgb(255,255,255) 100%)\"><div class=\"wp-block-group__inner-container is-layout-flow wp-block-group-is-layout-flow\"><section class=\"blocks block-logos has-container  has-color-logos  alignwide\" id=\"block_1aa12b3015899bec9b31d292aa86f32e\" style=\"margin-top: -50px; margin-bottom: px;\">\n    <div class=\"container\">\n                    <h3>Utilis\u00e9 par<\/h3>\n                    <\/div>\n<\/section>\n\n\n\n<div style=\"height:130px\" aria-hidden=\"true\" class=\"wp-block-spacer\"><\/div>\n\n\n\n<div class=\"wp-block-columns alignwide is-layout-flex wp-container-core-columns-is-layout-9d6595d7 wp-block-columns-is-layout-flex\">\n<div class=\"wp-block-column is-layout-flow wp-block-column-is-layout-flow\" style=\"flex-basis:33.33%\">\n<h2 class=\"wp-block-heading\">Notre souci constant du design<\/h2>\n<\/div>\n\n\n\n<div class=\"wp-block-column is-layout-flow wp-block-column-is-layout-flow\" style=\"flex-basis:66.66%\">\n<p style=\"font-size:18px\">Bromic s\u2019est toujours efforc\u00e9 d\u2019\u00eatre une organisation centr\u00e9e sur le design : construit par des designers, pour des designers. Au fil des ans, Bromic a d\u00e9velopp\u00e9 des partenariats solides avec certains des plus grands cabinets d\u2019architectes et agences de design du monde, dans le but d\u2019am\u00e9liorer continuellement l\u2019esth\u00e9tique, l\u2019int\u00e9gration et les performances de ses collections de chauffages ext\u00e9rieurs.<\/p>\n\n\n\n<p style=\"font-size:18px\">Notre mantra de conception est \u00ab Conception sup\u00e9rieure, chaleur sup\u00e9rieure \u00bb. Pour nous, il ne suffit pas de construire le produit le plus esth\u00e9tique ou le plus performant, comme l\u2019ont fait certains de nos concurrents. Nous avons toujours cherch\u00e9 \u00e0 combiner les deux en un seul produit.<\/p>\n<\/div>\n<\/div>\n<\/div><\/div>\n\n\n\n<div style=\"height:150px\" aria-hidden=\"true\" class=\"wp-block-spacer\"><\/div>\n\n\n<section class=\"blocks block-outdoor-planner alignfull \" id=\"block_3b266b2d38711d5a152c9746ba90a677\">\n    <div class=\"container\">\n        \n        <div class=\"wrapper\">\n            \n                            <div class=\"heater-wrapper\">\n                    <img decoding=\"async\" src=\"https:\/\/www-bromic-be.bromicpimstg.sites.hosting.454.agency\/wp-content\/themes\/bromic\/images\/bromic-eclipse-portable.png\" alt=\"Architectes et designers\">\n                <\/div>\n                        \n            <div class=\"slider\">\n                            <\/div>\n        <\/div>\n        \n                    <div class=\"content\">\n                <h6>Service gratuit de conception de chauffage ext\u00e9rieur<\/h6>                <h2>Vous ne savez pas quels chauffages conviennent \u00e0 votre espace ext\u00e9rieur ?  <\/h2>                <p>Laissez-nous vous aider gr\u00e2ce \u00e0 notre service gratuit de conception technique. Notre \u00e9quipe de concepteurs sera en mesure de vous conseiller sur le type de chauffage qui convient le mieux \u00e0 votre espace et de vous proposer un am\u00e9nagement personnalis\u00e9.<\/p>\n                                    <a class=\"button\" href=\"\/fr\/concevoir-votre-espace\" target=\"_self\">Concevez votre espace<\/a>\n                            <\/div>\n        \n\n        <div class=\"call-to-action\">\n            <h3>Vous avez besoin d\u2019une aide suppl\u00e9mentaire ?<\/h3>            <p>Contactez notre \u00e9quipe pour \u00e9changer avec un concepteur de chauffage Bromic.<\/p>                            <a class=\"button\" href=\"\/fr\/nous-contacter\/\" target=\"_self\">Nous contacter<\/a>\n                    <\/div>\n    <\/div>\n\n    <script>\n        jQuery(document).ready(function($){\n            $('#block_3b266b2d38711d5a152c9746ba90a677 .slider').slick({\n                arrows: false,\n                autoplay: true,\n                autoplaySpeed: 4000,\n                dots: false,\n                infinite: true,\n                fade: true,\n                mobileFirst: true,\n                slidesToShow: 1,\n                slidesToScroll: 1,\n                speed: 1000,\n                swipe: true,\n                swipeToSlide: true,\n                touchMove: true,\n                pauseOnFocus: false,\n                pauseOnHover: false,\n            });\n        });\n    <\/script>\n<\/section>\n\n\n\n<div style=\"height:100px\" aria-hidden=\"true\" class=\"wp-block-spacer\"><\/div>\n\n\n\n<div class=\"wp-block-group alignfull has-pearl-background-color has-background\"><div class=\"wp-block-group__inner-container is-layout-flow wp-block-group-is-layout-flow\">\n<div style=\"height:100px\" aria-hidden=\"true\" class=\"wp-block-spacer\"><\/div>\n\n\n\n<div class=\"wp-block-columns alignwide is-layout-flex wp-container-core-columns-is-layout-9d6595d7 wp-block-columns-is-layout-flex\">\n<div class=\"wp-block-column is-layout-flow wp-block-column-is-layout-flow\" style=\"flex-basis:33.33%\">\n<h3 class=\"wp-block-heading\">Liens rapides<\/h3>\n\n\n\n<div style=\"height:20px\" aria-hidden=\"true\" class=\"wp-block-spacer\"><\/div>\n\n\n<section class=\"blocks block-quick-links \" id=\"block_aee04ad5a00ad5c201ce792a6940743a\">\n\n            <ul class=\"links-list\">\n                                                <li><a href=\"\/fr\/guide-de-planification-des-pieces-exterieures\/\" target=\"_self\">Guide de planification du chauffage ext\u00e9rieur<\/a><\/li>\n                                                    <li><a href=\"\/fr\/acceder-aux-fichiers-bim\/\" target=\"_self\">Fichiers Revit BIM<\/a><\/li>\n                                                    <li><a href=\"\/fr\/ressources-techniques\/\" target=\"_self\">Ressources techniques<\/a><\/li>\n                                                    <li><a href=\"\/fr\/catalogue-de-produits\/\" target=\"_self\">Catalogue de produits<\/a><\/li>\n                                                    <li><a href=\"\/fr\/contacter-le-support-technique\/\" target=\"_self\">Planifier un appel de soutien technique<\/a><\/li>\n                        <\/ul>\n        <\/section>\n<\/div>\n\n\n\n<div class=\"wp-block-column is-layout-flow wp-block-column-is-layout-flow\" style=\"flex-basis:66.66%\">\n<h3 class=\"wp-block-heading\">Articles<\/h3>\n\n\n\n<div style=\"height:20px\" aria-hidden=\"true\" class=\"wp-block-spacer\"><\/div>\n\n\n<section class=\"blocks block-quick-links \" id=\"block_41d6ec7b1226375854308ad6d5ad8119\">\n\n            \n    <\/section>\n<\/div>\n<\/div>\n\n\n\n<div style=\"height:100px\" aria-hidden=\"true\" class=\"wp-block-spacer\"><\/div>\n<\/div><\/div>\n\n\n\n<div style=\"height:100px\" aria-hidden=\"true\" class=\"wp-block-spacer\"><\/div>\n\n\n\n<h3 class=\"wp-block-heading has-text-align-center\">Projets en vedette<\/h3>\n\n\n\n<div style=\"height:20px\" aria-hidden=\"true\" class=\"wp-block-spacer\"><\/div>\n\n\n<section class=\"blocks block-case-studies alignwide \" id=\"block_8dbfcbf9baad4ea21ea660484afbb3c1\">\n\n        \n<\/section>\n","protected":false},"excerpt":{"rendered":"<p>Notre souci constant du design Bromic s\u2019est toujours efforc\u00e9 d\u2019\u00eatre une organisation centr\u00e9e sur le design : construit par des designers, pour des designers. Au fil des ans, Bromic a d\u00e9velopp\u00e9 des partenariats solides avec certains des plus grands cabinets d\u2019architectes et agences de design du monde, dans le but d\u2019am\u00e9liorer continuellement l\u2019esth\u00e9tique, l\u2019int\u00e9gration et [&hellip;]<\/p>\n","protected":false},"author":8,"featured_media":0,"parent":0,"menu_order":0,"comment_status":"closed","ping_status":"closed","template":"","meta":{"_acf_changed":false,"footnotes":""},"class_list":["post-45461","page","type-page","status-publish","hentry"],"acf":[],"yoast_head":"<!-- This site is optimized with the Yoast SEO plugin v26.1.1 - https:\/\/yoast.com\/wordpress\/plugins\/seo\/ -->\n<title>Architectes et designers - Bromic Heating Belgi\u00eb<\/title>\n<meta name=\"description\" content=\"Architectes et designers D\u00e9couvrez pourquoi les grands designers choisissent les chauffages ext\u00e9rieurs Bromic. Notre souci constant du design Bromic s\u2019est\" \/>\n<meta name=\"robots\" content=\"index, follow, max-snippet:-1, max-image-preview:large, max-video-preview:-1\" \/>\n<link rel=\"canonical\" href=\"https:\/\/www-bromic-be.bromicpimstg.sites.hosting.454.agency\/fr\/architectes-et-designers\/\" \/>\n<meta property=\"og:locale\" content=\"fr_FR\" \/>\n<meta property=\"og:type\" content=\"article\" \/>\n<meta property=\"og:title\" content=\"Architectes et designers - Bromic Heating Belgi\u00eb\" \/>\n<meta property=\"og:description\" content=\"Architectes et designers D\u00e9couvrez pourquoi les grands designers choisissent les chauffages ext\u00e9rieurs Bromic. Notre souci constant du design Bromic s\u2019est\" \/>\n<meta property=\"og:url\" content=\"https:\/\/www-bromic-be.bromicpimstg.sites.hosting.454.agency\/fr\/architectes-et-designers\/\" \/>\n<meta property=\"og:site_name\" content=\"Bromic Heating Belgi\u00eb\" \/>\n<meta property=\"article:modified_time\" content=\"2023-07-28T00:35:03+00:00\" \/>\n<meta property=\"og:image\" content=\"https:\/\/www-bromic-be.bromicpimstg.sites.hosting.454.agency\/wp-content\/uploads\/sites\/14\/2023\/08\/eclipse_portable_residential-scene_web.jpg\" \/>\n\t<meta property=\"og:image:width\" content=\"2560\" \/>\n\t<meta property=\"og:image:height\" content=\"1706\" \/>\n\t<meta property=\"og:image:type\" content=\"image\/jpeg\" \/>\n<meta name=\"twitter:card\" content=\"summary_large_image\" \/>\n<meta name=\"twitter:label1\" content=\"Dur\u00e9e de lecture estim\u00e9e\" \/>\n\t<meta name=\"twitter:data1\" content=\"1 minute\" \/>\n<script type=\"application\/ld+json\" class=\"yoast-schema-graph\">{\"@context\":\"https:\/\/schema.org\",\"@graph\":[{\"@type\":\"WebPage\",\"@id\":\"https:\/\/www-bromic-be.bromicpimstg.sites.hosting.454.agency\/fr\/architectes-et-designers\/\",\"url\":\"https:\/\/www-bromic-be.bromicpimstg.sites.hosting.454.agency\/fr\/architectes-et-designers\/\",\"name\":\"Architectes et designers - Bromic Heating Belgi\u00eb\",\"isPartOf\":{\"@id\":\"https:\/\/www-bromic-be.bromicpimstg.sites.hosting.454.agency\/fr\/de\/#website\"},\"primaryImageOfPage\":{\"@id\":\"https:\/\/www-bromic-be.bromicpimstg.sites.hosting.454.agency\/fr\/architectes-et-designers\/#primaryimage\"},\"image\":{\"@id\":\"https:\/\/www-bromic-be.bromicpimstg.sites.hosting.454.agency\/fr\/architectes-et-designers\/#primaryimage\"},\"thumbnailUrl\":\"https:\/\/bromicpimstg.sites.hosting.454.agency\/wp-content\/uploads\/2021\/08\/residential-belgium-brussels-medows-resid-3.jpg\",\"datePublished\":\"2021-10-21T16:37:49+00:00\",\"dateModified\":\"2023-07-28T00:35:03+00:00\",\"description\":\"Architectes et designers D\u00e9couvrez pourquoi les grands designers choisissent les chauffages ext\u00e9rieurs Bromic. Notre souci constant du design Bromic s\u2019est\",\"breadcrumb\":{\"@id\":\"https:\/\/www-bromic-be.bromicpimstg.sites.hosting.454.agency\/fr\/architectes-et-designers\/#breadcrumb\"},\"inLanguage\":\"fr-FR\",\"potentialAction\":[{\"@type\":\"ReadAction\",\"target\":[\"https:\/\/www-bromic-be.bromicpimstg.sites.hosting.454.agency\/fr\/architectes-et-designers\/\"]}]},{\"@type\":\"ImageObject\",\"inLanguage\":\"fr-FR\",\"@id\":\"https:\/\/www-bromic-be.bromicpimstg.sites.hosting.454.agency\/fr\/architectes-et-designers\/#primaryimage\",\"url\":\"https:\/\/bromicpimstg.sites.hosting.454.agency\/wp-content\/uploads\/2021\/08\/residential-belgium-brussels-medows-resid-3.jpg\",\"contentUrl\":\"https:\/\/bromicpimstg.sites.hosting.454.agency\/wp-content\/uploads\/2021\/08\/residential-belgium-brussels-medows-resid-3.jpg\"},{\"@type\":\"BreadcrumbList\",\"@id\":\"https:\/\/www-bromic-be.bromicpimstg.sites.hosting.454.agency\/fr\/architectes-et-designers\/#breadcrumb\",\"itemListElement\":[{\"@type\":\"ListItem\",\"position\":1,\"name\":\"Home\",\"item\":\"https:\/\/www-bromic-be.bromicpimstg.sites.hosting.454.agency\/fr\/\"},{\"@type\":\"ListItem\",\"position\":2,\"name\":\"Architectes et designers\"}]},{\"@type\":\"WebSite\",\"@id\":\"https:\/\/www-bromic-be.bromicpimstg.sites.hosting.454.agency\/fr\/de\/#website\",\"url\":\"https:\/\/www-bromic-be.bromicpimstg.sites.hosting.454.agency\/fr\/de\/\",\"name\":\"Bromic Heating Belgi\u00eb\",\"description\":\"\",\"publisher\":{\"@id\":\"https:\/\/www-bromic-be.bromicpimstg.sites.hosting.454.agency\/fr\/de\/#organization\"},\"potentialAction\":[{\"@type\":\"SearchAction\",\"target\":{\"@type\":\"EntryPoint\",\"urlTemplate\":\"https:\/\/www-bromic-be.bromicpimstg.sites.hosting.454.agency\/fr\/de\/?s={search_term_string}\"},\"query-input\":{\"@type\":\"PropertyValueSpecification\",\"valueRequired\":true,\"valueName\":\"search_term_string\"}}],\"inLanguage\":\"fr-FR\"},{\"@type\":\"Organization\",\"@id\":\"https:\/\/www-bromic-be.bromicpimstg.sites.hosting.454.agency\/fr\/de\/#organization\",\"name\":\"Bromic Heating Belgi\u00eb\",\"url\":\"https:\/\/www-bromic-be.bromicpimstg.sites.hosting.454.agency\/fr\/de\/\",\"logo\":{\"@type\":\"ImageObject\",\"inLanguage\":\"fr-FR\",\"@id\":\"https:\/\/www-bromic-be.bromicpimstg.sites.hosting.454.agency\/fr\/de\/#\/schema\/logo\/image\/\",\"url\":\"https:\/\/www-bromic-be.bromicpimstg.sites.hosting.454.agency\/wp-content\/uploads\/sites\/14\/2021\/09\/bromic-logo.png\",\"contentUrl\":\"https:\/\/www-bromic-be.bromicpimstg.sites.hosting.454.agency\/wp-content\/uploads\/sites\/14\/2021\/09\/bromic-logo.png\",\"width\":1000,\"height\":342,\"caption\":\"Bromic Heating Belgi\u00eb\"},\"image\":{\"@id\":\"https:\/\/www-bromic-be.bromicpimstg.sites.hosting.454.agency\/fr\/de\/#\/schema\/logo\/image\/\"}}]}<\/script>\n<!-- \/ Yoast SEO plugin. -->","yoast_head_json":{"title":"Architectes et designers - Bromic Heating Belgi\u00eb","description":"Architectes et designers D\u00e9couvrez pourquoi les grands designers choisissent les chauffages ext\u00e9rieurs Bromic. Notre souci constant du design Bromic s\u2019est","robots":{"index":"index","follow":"follow","max-snippet":"max-snippet:-1","max-image-preview":"max-image-preview:large","max-video-preview":"max-video-preview:-1"},"canonical":"https:\/\/www-bromic-be.bromicpimstg.sites.hosting.454.agency\/fr\/architectes-et-designers\/","og_locale":"fr_FR","og_type":"article","og_title":"Architectes et designers - Bromic Heating Belgi\u00eb","og_description":"Architectes et designers D\u00e9couvrez pourquoi les grands designers choisissent les chauffages ext\u00e9rieurs Bromic. Notre souci constant du design Bromic s\u2019est","og_url":"https:\/\/www-bromic-be.bromicpimstg.sites.hosting.454.agency\/fr\/architectes-et-designers\/","og_site_name":"Bromic Heating Belgi\u00eb","article_modified_time":"2023-07-28T00:35:03+00:00","og_image":[{"width":2560,"height":1706,"url":"https:\/\/www-bromic-be.bromicpimstg.sites.hosting.454.agency\/wp-content\/uploads\/sites\/14\/2023\/08\/eclipse_portable_residential-scene_web.jpg","type":"image\/jpeg"}],"twitter_card":"summary_large_image","twitter_misc":{"Dur\u00e9e de lecture estim\u00e9e":"1 minute"},"schema":{"@context":"https:\/\/schema.org","@graph":[{"@type":"WebPage","@id":"https:\/\/www-bromic-be.bromicpimstg.sites.hosting.454.agency\/fr\/architectes-et-designers\/","url":"https:\/\/www-bromic-be.bromicpimstg.sites.hosting.454.agency\/fr\/architectes-et-designers\/","name":"Architectes et designers - Bromic Heating Belgi\u00eb","isPartOf":{"@id":"https:\/\/www-bromic-be.bromicpimstg.sites.hosting.454.agency\/fr\/de\/#website"},"primaryImageOfPage":{"@id":"https:\/\/www-bromic-be.bromicpimstg.sites.hosting.454.agency\/fr\/architectes-et-designers\/#primaryimage"},"image":{"@id":"https:\/\/www-bromic-be.bromicpimstg.sites.hosting.454.agency\/fr\/architectes-et-designers\/#primaryimage"},"thumbnailUrl":"https:\/\/bromicpimstg.sites.hosting.454.agency\/wp-content\/uploads\/2021\/08\/residential-belgium-brussels-medows-resid-3.jpg","datePublished":"2021-10-21T16:37:49+00:00","dateModified":"2023-07-28T00:35:03+00:00","description":"Architectes et designers D\u00e9couvrez pourquoi les grands designers choisissent les chauffages ext\u00e9rieurs Bromic. Notre souci constant du design Bromic s\u2019est","breadcrumb":{"@id":"https:\/\/www-bromic-be.bromicpimstg.sites.hosting.454.agency\/fr\/architectes-et-designers\/#breadcrumb"},"inLanguage":"fr-FR","potentialAction":[{"@type":"ReadAction","target":["https:\/\/www-bromic-be.bromicpimstg.sites.hosting.454.agency\/fr\/architectes-et-designers\/"]}]},{"@type":"ImageObject","inLanguage":"fr-FR","@id":"https:\/\/www-bromic-be.bromicpimstg.sites.hosting.454.agency\/fr\/architectes-et-designers\/#primaryimage","url":"https:\/\/bromicpimstg.sites.hosting.454.agency\/wp-content\/uploads\/2021\/08\/residential-belgium-brussels-medows-resid-3.jpg","contentUrl":"https:\/\/bromicpimstg.sites.hosting.454.agency\/wp-content\/uploads\/2021\/08\/residential-belgium-brussels-medows-resid-3.jpg"},{"@type":"BreadcrumbList","@id":"https:\/\/www-bromic-be.bromicpimstg.sites.hosting.454.agency\/fr\/architectes-et-designers\/#breadcrumb","itemListElement":[{"@type":"ListItem","position":1,"name":"Home","item":"https:\/\/www-bromic-be.bromicpimstg.sites.hosting.454.agency\/fr\/"},{"@type":"ListItem","position":2,"name":"Architectes et designers"}]},{"@type":"WebSite","@id":"https:\/\/www-bromic-be.bromicpimstg.sites.hosting.454.agency\/fr\/de\/#website","url":"https:\/\/www-bromic-be.bromicpimstg.sites.hosting.454.agency\/fr\/de\/","name":"Bromic Heating Belgi\u00eb","description":"","publisher":{"@id":"https:\/\/www-bromic-be.bromicpimstg.sites.hosting.454.agency\/fr\/de\/#organization"},"potentialAction":[{"@type":"SearchAction","target":{"@type":"EntryPoint","urlTemplate":"https:\/\/www-bromic-be.bromicpimstg.sites.hosting.454.agency\/fr\/de\/?s={search_term_string}"},"query-input":{"@type":"PropertyValueSpecification","valueRequired":true,"valueName":"search_term_string"}}],"inLanguage":"fr-FR"},{"@type":"Organization","@id":"https:\/\/www-bromic-be.bromicpimstg.sites.hosting.454.agency\/fr\/de\/#organization","name":"Bromic Heating Belgi\u00eb","url":"https:\/\/www-bromic-be.bromicpimstg.sites.hosting.454.agency\/fr\/de\/","logo":{"@type":"ImageObject","inLanguage":"fr-FR","@id":"https:\/\/www-bromic-be.bromicpimstg.sites.hosting.454.agency\/fr\/de\/#\/schema\/logo\/image\/","url":"https:\/\/www-bromic-be.bromicpimstg.sites.hosting.454.agency\/wp-content\/uploads\/sites\/14\/2021\/09\/bromic-logo.png","contentUrl":"https:\/\/www-bromic-be.bromicpimstg.sites.hosting.454.agency\/wp-content\/uploads\/sites\/14\/2021\/09\/bromic-logo.png","width":1000,"height":342,"caption":"Bromic Heating Belgi\u00eb"},"image":{"@id":"https:\/\/www-bromic-be.bromicpimstg.sites.hosting.454.agency\/fr\/de\/#\/schema\/logo\/image\/"}}]}},"_links":{"self":[{"href":"https:\/\/www-bromic-be.bromicpimstg.sites.hosting.454.agency\/fr\/wp-json\/wp\/v2\/pages\/45461","targetHints":{"allow":["GET"]}}],"collection":[{"href":"https:\/\/www-bromic-be.bromicpimstg.sites.hosting.454.agency\/fr\/wp-json\/wp\/v2\/pages"}],"about":[{"href":"https:\/\/www-bromic-be.bromicpimstg.sites.hosting.454.agency\/fr\/wp-json\/wp\/v2\/types\/page"}],"author":[{"embeddable":true,"href":"https:\/\/www-bromic-be.bromicpimstg.sites.hosting.454.agency\/fr\/wp-json\/wp\/v2\/users\/8"}],"replies":[{"embeddable":true,"href":"https:\/\/www-bromic-be.bromicpimstg.sites.hosting.454.agency\/fr\/wp-json\/wp\/v2\/comments?post=45461"}],"version-history":[{"count":0,"href":"https:\/\/www-bromic-be.bromicpimstg.sites.hosting.454.agency\/fr\/wp-json\/wp\/v2\/pages\/45461\/revisions"}],"wp:attachment":[{"href":"https:\/\/www-bromic-be.bromicpimstg.sites.hosting.454.agency\/fr\/wp-json\/wp\/v2\/media?parent=45461"}],"curies":[{"name":"wp","href":"https:\/\/api.w.org\/{rel}","templated":true}]}}