{"id":45457,"date":"2021-10-21T08:37:55","date_gmt":"2021-10-21T16:37:55","guid":{"rendered":"https:\/\/www-bromic-be.bromicpimstg.sites.hosting.454.agency\/a-propos-de-bromic\/"},"modified":"2025-01-03T06:23:50","modified_gmt":"2025-01-03T14:23:50","slug":"a-propos-de-bromic","status":"publish","type":"page","link":"https:\/\/www-bromic-be.bromicpimstg.sites.hosting.454.agency\/fr\/a-propos-de-bromic\/","title":{"rendered":"\u00c0 propos de Bromic"},"content":{"rendered":"\n<div class=\"wp-block-group alignfull has-pearl-background-color has-background\"><div class=\"wp-block-group__inner-container is-layout-flow wp-block-group-is-layout-flow\">\n<div style=\"height:100px\" aria-hidden=\"true\" class=\"wp-block-spacer\"><\/div>\n\n\n\n<div class=\"wp-block-columns alignwide is-layout-flex wp-container-core-columns-is-layout-9d6595d7 wp-block-columns-is-layout-flex\">\n<div class=\"wp-block-column is-layout-flow wp-block-column-is-layout-flow\" style=\"flex-basis:40%\">\n<h4 class=\"wp-block-heading\">Bromic Heating est la seule entreprise \u00e0 concevoir, \u00e9laborer et fabriquer des produits de chauffage ext\u00e9rieur au gaz, \u00e9lectriques et portables.<\/h4>\n<\/div>\n\n\n\n<div class=\"wp-block-column is-layout-flow wp-block-column-is-layout-flow\" style=\"flex-basis:60%\">\n<p style=\"font-size:18px\">Ce n\u2019est pas tout ! Gr\u00e2ce \u00e0 un investissement continu dans notre technologie brevet\u00e9e Smart-Heat\u2122, les ing\u00e9nieurs de Bromic sont parvenus \u00e0 mettre au point des solutions de chauffage radiant qui offrent \u00e0 la fois des performances de chauffage sup\u00e9rieures et des designs de pointe, ce dont les concurrents ne sont tout simplement pas capables. Les appareils de chauffage Bromic constituent le choix pr\u00e9f\u00e9r\u00e9 des meilleurs architectes et designers et on les trouve dans les lieux d\u2019accueil les plus prestigieux du monde. Nos clients nous confient leur confort, car ils savent que nos syst\u00e8mes seront \u00e0 la hauteur en termes de performances, de conception et de fiabilit\u00e9. Ce n\u2019est pas de la vantardise, c\u2019est un fait.<\/p>\n\n\n\n<div style=\"height:30px\" aria-hidden=\"true\" class=\"wp-block-spacer\"><\/div>\n\n\n\n<h4 class=\"wp-block-heading has-text-align-center\">Nos prix<\/h4>\n\n\n\n<div style=\"height:20px\" aria-hidden=\"true\" class=\"wp-block-spacer\"><\/div>\n\n\n<section class=\"blocks block-logos   has-color-logos  align\" id=\"block_e945afc03d9ddbfce5222d5091363b93\" style=\"margin-top: px; margin-bottom: px;\">\n    <div class=\"container\">\n                    <\/div>\n<\/section>\n<\/div>\n<\/div>\n\n\n\n<div style=\"height:100px\" aria-hidden=\"true\" class=\"wp-block-spacer\"><\/div>\n<\/div><\/div>\n\n\n\n<div style=\"height:100px\" aria-hidden=\"true\" class=\"wp-block-spacer\"><\/div>\n\n\n<section class=\"blocks block-media-overlap alignwide \" id=\"block_b165a6a0fe5b4000b215b0f462beec49\">\n    <div class=\"heading\">\n                <h2>La gamme Smart-Heat\u2122<\/h2>\n    <\/div>\n    <div class=\"wrapper\">\n        <div class=\"media\"\n        data-rellax-speed=\"-2\"\n        data-rellax-xs-speed=\"0\"\n        data-rellax-mobile-speed=\"0\"\n        data-rellax-tablet-speed=\"0\"\n        data-rellax-desktop-speed=\"-2\"\n        data-rellax-percentage=\"0.5\">\n                    <\/div>\n        <div class=\"content\">\n                        \n\n<p class=\"has-medium-font-size\">Disponible dans nos diff\u00e9rentes gammes Eclipse, Platinum et Tungsten Smart-Heat\u2122, chaque appareil de chauffage ext\u00e9rieur Bromic est con\u00e7u et \u00e9tudi\u00e9 en interne pour garantir une qualit\u00e9 parfaite et des performances durables, puis fabriqu\u00e9 \u00e0 partir de mat\u00e9riaux de premi\u00e8re qualit\u00e9 pour offrir des produits de chauffage ext\u00e9rieur qui garantissent un \u00e9quilibre parfait entre performances, fiabilit\u00e9 et esth\u00e9tique.<\/p>\n\n\n\n<div style=\"height:30px\" aria-hidden=\"true\" class=\"wp-block-spacer\"><\/div>\n\n\n\n<div class=\"wp-block-buttons is-layout-flex wp-block-buttons-is-layout-flex\">\n<div class=\"wp-block-button\"><a class=\"wp-block-button__link has-orange-background-color has-background no-border-radius wp-element-button\" href=\"\/boutique\/?_product_type=chauffage\">En savoir plus<\/a><\/div>\n<\/div>\n\n        <\/div>\n    <\/div>\n    <script>\n    jQuery(document).ready(function($){\n        var rellax = new Rellax('#block_b165a6a0fe5b4000b215b0f462beec49 .media', {\n            breakpoints:[480, 576, 1024]\n        });\n    });\n    <\/script>\n<\/section>\n\n\n\n<div style=\"height:100px\" aria-hidden=\"true\" class=\"wp-block-spacer\"><\/div>\n\n\n\n<h3 class=\"wp-block-heading has-text-align-center\">Nos clients<\/h3>\n\n\n\n<div style=\"height:50px\" aria-hidden=\"true\" class=\"wp-block-spacer\"><\/div>\n\n\n<section class=\"blocks block-logos   has-color-logos  alignwide\" id=\"block_8563dc9a941154c779d8bb7abd72db88\" style=\"margin-top: 0px; margin-bottom: 0px;\">\n    <div class=\"container\">\n                    <\/div>\n<\/section>\n\n\n\n<div style=\"height:100px\" aria-hidden=\"true\" class=\"wp-block-spacer\"><\/div>\n\n\n\n<div class=\"wp-block-group alignfull bg-cutoff-pearl\"><div class=\"wp-block-group__inner-container is-layout-flow wp-block-group-is-layout-flow\">\n<div style=\"height:100px\" aria-hidden=\"true\" class=\"wp-block-spacer\"><\/div>\n\n\n\n<h6 class=\"wp-block-heading alignwide has-orange-color has-text-color\">QUOI DE NEUF CHEZ BROMIC HEATING<\/h6>\n\n\n\n<h2 class=\"wp-block-heading alignwide\">Tout Chaud, Tout Juste Sorti De Presse<\/h2>\n\n\n\n<div style=\"height:20px\" aria-hidden=\"true\" class=\"wp-block-spacer\"><\/div>\n\n\n<section class=\"blocks alignfull \" id=\"block_f38b90b84017894942f6812e76e76b14\" style=\"padding: 0;\">\n    <div class=\"container\" style=\"max-width: 1460px;\">\n                <ul class=\"wp-block-latest-posts__list is-grid columns-3 wp-block-latest-posts\">\n                            <li>\n                    <div class=\"wp-block-latest-posts__featured-image\">\n                        <img decoding=\"async\" width=\"1024\" height=\"683\" src=\"https:\/\/www-bromic-be.bromicpimstg.sites.hosting.454.agency\/wp-content\/uploads\/sites\/14\/2022\/08\/Home-Automation-Image-Residential-1024x683.jpg\" class=\"attachment-medium size-medium wp-post-image\" alt=\"\" srcset=\"https:\/\/www-bromic-be.bromicpimstg.sites.hosting.454.agency\/wp-content\/uploads\/sites\/14\/2022\/08\/Home-Automation-Image-Residential-1024x683.jpg 1024w, https:\/\/www-bromic-be.bromicpimstg.sites.hosting.454.agency\/wp-content\/uploads\/sites\/14\/2022\/08\/Home-Automation-Image-Residential-1600x1067.jpg 1600w\" sizes=\"(max-width: 1024px) 100vw, 1024px\" \/>                    <\/div>\n                    <a href=\"blog\/amenager-les-espaces-exterieurs-avec-la-technologie-intelligente\/\">L&rsquo;avenir de la domotique : transformer les espaces ext\u00e9rieurs gr\u00e2ce aux technologies intelligentes<\/a>\n                    <div class=\"wp-block-latest-posts__post-excerpt\">Dans le dernier \u00e9pisode du podcast Designing Outdoor Spaces, nous explorons le futur de la&#8230;<\/div>\n                    <span class=\"button-link\">Continuer la lecture<\/span>\n                <\/li>\n                            <li>\n                    <div class=\"wp-block-latest-posts__featured-image\">\n                        <img decoding=\"async\" width=\"1024\" height=\"768\" src=\"https:\/\/www-bromic-be.bromicpimstg.sites.hosting.454.agency\/wp-content\/uploads\/sites\/14\/2025\/04\/Princess-Sanctuary-1024x768.jpg\" class=\"attachment-medium size-medium wp-post-image\" alt=\"\" srcset=\"https:\/\/www-bromic-be.bromicpimstg.sites.hosting.454.agency\/wp-content\/uploads\/sites\/14\/2025\/04\/Princess-Sanctuary-1024x768.jpg 1024w, https:\/\/www-bromic-be.bromicpimstg.sites.hosting.454.agency\/wp-content\/uploads\/sites\/14\/2025\/04\/Princess-Sanctuary.jpg 1050w\" sizes=\"(max-width: 1024px) 100vw, 1024px\" \/>                    <\/div>\n                    <a href=\"blog\/design-sans-frontieres-espaces-exterieurs\/\">Design sans fronti\u00e8res : Des espaces ext\u00e9rieurs qui voyagent dans le monde entier<\/a>\n                    <div class=\"wp-block-latest-posts__post-excerpt\">Concevoir des espaces ext\u00e9rieurs pr\u00e9sente d\u00e9j\u00e0 son lot de d\u00e9fis uniques \u2014 mais qu\u2019en est-il&#8230;<\/div>\n                    <span class=\"button-link\">Continuer la lecture<\/span>\n                <\/li>\n                            <li>\n                    <div class=\"wp-block-latest-posts__featured-image\">\n                        <img decoding=\"async\" width=\"1024\" height=\"683\" src=\"https:\/\/www-bromic-be.bromicpimstg.sites.hosting.454.agency\/wp-content\/uploads\/sites\/14\/2025\/03\/Eclipse-Pendant_UK-Residential-1024x683.jpeg\" class=\"attachment-medium size-medium wp-post-image\" alt=\"\" srcset=\"https:\/\/www-bromic-be.bromicpimstg.sites.hosting.454.agency\/wp-content\/uploads\/sites\/14\/2025\/03\/Eclipse-Pendant_UK-Residential-1024x683.jpeg 1024w, https:\/\/www-bromic-be.bromicpimstg.sites.hosting.454.agency\/wp-content\/uploads\/sites\/14\/2025\/03\/Eclipse-Pendant_UK-Residential-1600x1067.jpeg 1600w\" sizes=\"(max-width: 1024px) 100vw, 1024px\" \/>                    <\/div>\n                    <a href=\"blog\/lavenir-du-confort-et-du-design\/\">\u00c9lever la vie en plein air : L&rsquo;avenir du confort et du design<\/a>\n                    <div class=\"wp-block-latest-posts__post-excerpt\"><\/div>\n                    <span class=\"button-link\">Continuer la lecture<\/span>\n                <\/li>\n                    <\/ul>\n            <\/div>\n<\/section>\n<\/div><\/div>\n\n\n\n<div style=\"height:100px\" aria-hidden=\"true\" class=\"wp-block-spacer\"><\/div>\n","protected":false},"excerpt":{"rendered":"<p>Bromic Heating est la seule entreprise \u00e0 concevoir, \u00e9laborer et fabriquer des produits de chauffage ext\u00e9rieur au gaz, \u00e9lectriques et portables. Ce n\u2019est pas tout ! Gr\u00e2ce \u00e0 un investissement continu dans notre technologie brevet\u00e9e Smart-Heat\u2122, les ing\u00e9nieurs de Bromic sont parvenus \u00e0 mettre au point des solutions de chauffage radiant qui offrent \u00e0 la [&hellip;]<\/p>\n","protected":false},"author":8,"featured_media":376597,"parent":0,"menu_order":0,"comment_status":"closed","ping_status":"closed","template":"","meta":{"_acf_changed":false,"footnotes":""},"class_list":["post-45457","page","type-page","status-publish","has-post-thumbnail","hentry"],"acf":[],"yoast_head":"<!-- This site is optimized with the Yoast SEO plugin v26.1.1 - https:\/\/yoast.com\/wordpress\/plugins\/seo\/ -->\n<title>\u00c0 propos de Bromic - Bromic Heating Belgi\u00eb<\/title>\n<meta name=\"description\" content=\"Bromic Heating est la seule entreprise \u00e0 concevoir, \u00e9laborer et fabriquer des produits de chauffage ext\u00e9rieur au gaz, \u00e9lectriques et portables. Ce n\u2019est\" \/>\n<meta name=\"robots\" content=\"index, follow, max-snippet:-1, max-image-preview:large, max-video-preview:-1\" \/>\n<link rel=\"canonical\" href=\"https:\/\/www-bromic-be.bromicpimstg.sites.hosting.454.agency\/fr\/a-propos-de-bromic\/\" \/>\n<meta property=\"og:locale\" content=\"fr_FR\" \/>\n<meta property=\"og:type\" content=\"article\" \/>\n<meta property=\"og:title\" content=\"\u00c0 propos de Bromic - Bromic Heating Belgi\u00eb\" \/>\n<meta property=\"og:description\" content=\"Bromic Heating est la seule entreprise \u00e0 concevoir, \u00e9laborer et fabriquer des produits de chauffage ext\u00e9rieur au gaz, \u00e9lectriques et portables. Ce n\u2019est\" \/>\n<meta property=\"og:url\" content=\"https:\/\/www-bromic-be.bromicpimstg.sites.hosting.454.agency\/fr\/a-propos-de-bromic\/\" \/>\n<meta property=\"og:site_name\" content=\"Bromic Heating Belgi\u00eb\" \/>\n<meta property=\"article:modified_time\" content=\"2025-01-03T14:23:50+00:00\" \/>\n<meta property=\"og:image\" content=\"https:\/\/www-bromic-be.bromicpimstg.sites.hosting.454.agency\/wp-content\/uploads\/sites\/14\/2024\/07\/eclipse_portable_residential-scene_web.jpg\" \/>\n\t<meta property=\"og:image:width\" content=\"2560\" \/>\n\t<meta property=\"og:image:height\" content=\"1706\" \/>\n\t<meta property=\"og:image:type\" content=\"image\/jpeg\" \/>\n<meta name=\"twitter:card\" content=\"summary_large_image\" \/>\n<meta name=\"twitter:label1\" content=\"Dur\u00e9e de lecture estim\u00e9e\" \/>\n\t<meta name=\"twitter:data1\" content=\"2 minutes\" \/>\n<script type=\"application\/ld+json\" class=\"yoast-schema-graph\">{\"@context\":\"https:\/\/schema.org\",\"@graph\":[{\"@type\":\"WebPage\",\"@id\":\"https:\/\/www-bromic-be.bromicpimstg.sites.hosting.454.agency\/fr\/a-propos-de-bromic\/\",\"url\":\"https:\/\/www-bromic-be.bromicpimstg.sites.hosting.454.agency\/fr\/a-propos-de-bromic\/\",\"name\":\"\u00c0 propos de Bromic - Bromic Heating Belgi\u00eb\",\"isPartOf\":{\"@id\":\"https:\/\/www-bromic-be.bromicpimstg.sites.hosting.454.agency\/fr\/de\/#website\"},\"primaryImageOfPage\":{\"@id\":\"https:\/\/www-bromic-be.bromicpimstg.sites.hosting.454.agency\/fr\/a-propos-de-bromic\/#primaryimage\"},\"image\":{\"@id\":\"https:\/\/www-bromic-be.bromicpimstg.sites.hosting.454.agency\/fr\/a-propos-de-bromic\/#primaryimage\"},\"thumbnailUrl\":\"https:\/\/www-bromic-be.bromicpimstg.sites.hosting.454.agency\/wp-content\/uploads\/sites\/14\/2024\/07\/eclipse_portable_residential-scene_web.jpg\",\"datePublished\":\"2021-10-21T16:37:55+00:00\",\"dateModified\":\"2025-01-03T14:23:50+00:00\",\"description\":\"Bromic Heating est la seule entreprise \u00e0 concevoir, \u00e9laborer et fabriquer des produits de chauffage ext\u00e9rieur au gaz, \u00e9lectriques et portables. Ce n\u2019est\",\"breadcrumb\":{\"@id\":\"https:\/\/www-bromic-be.bromicpimstg.sites.hosting.454.agency\/fr\/a-propos-de-bromic\/#breadcrumb\"},\"inLanguage\":\"fr-FR\",\"potentialAction\":[{\"@type\":\"ReadAction\",\"target\":[\"https:\/\/www-bromic-be.bromicpimstg.sites.hosting.454.agency\/fr\/a-propos-de-bromic\/\"]}]},{\"@type\":\"ImageObject\",\"inLanguage\":\"fr-FR\",\"@id\":\"https:\/\/www-bromic-be.bromicpimstg.sites.hosting.454.agency\/fr\/a-propos-de-bromic\/#primaryimage\",\"url\":\"https:\/\/www-bromic-be.bromicpimstg.sites.hosting.454.agency\/wp-content\/uploads\/sites\/14\/2024\/07\/eclipse_portable_residential-scene_web.jpg\",\"contentUrl\":\"https:\/\/www-bromic-be.bromicpimstg.sites.hosting.454.agency\/wp-content\/uploads\/sites\/14\/2024\/07\/eclipse_portable_residential-scene_web.jpg\",\"width\":2560,\"height\":1706,\"caption\":\"Residential Portable Outside Heaters - Bromic Eclipse Portable\"},{\"@type\":\"BreadcrumbList\",\"@id\":\"https:\/\/www-bromic-be.bromicpimstg.sites.hosting.454.agency\/fr\/a-propos-de-bromic\/#breadcrumb\",\"itemListElement\":[{\"@type\":\"ListItem\",\"position\":1,\"name\":\"Home\",\"item\":\"https:\/\/www-bromic-be.bromicpimstg.sites.hosting.454.agency\/fr\/\"},{\"@type\":\"ListItem\",\"position\":2,\"name\":\"\u00c0 propos de Bromic\"}]},{\"@type\":\"WebSite\",\"@id\":\"https:\/\/www-bromic-be.bromicpimstg.sites.hosting.454.agency\/fr\/de\/#website\",\"url\":\"https:\/\/www-bromic-be.bromicpimstg.sites.hosting.454.agency\/fr\/de\/\",\"name\":\"Bromic Heating Belgi\u00eb\",\"description\":\"\",\"publisher\":{\"@id\":\"https:\/\/www-bromic-be.bromicpimstg.sites.hosting.454.agency\/fr\/de\/#organization\"},\"potentialAction\":[{\"@type\":\"SearchAction\",\"target\":{\"@type\":\"EntryPoint\",\"urlTemplate\":\"https:\/\/www-bromic-be.bromicpimstg.sites.hosting.454.agency\/fr\/de\/?s={search_term_string}\"},\"query-input\":{\"@type\":\"PropertyValueSpecification\",\"valueRequired\":true,\"valueName\":\"search_term_string\"}}],\"inLanguage\":\"fr-FR\"},{\"@type\":\"Organization\",\"@id\":\"https:\/\/www-bromic-be.bromicpimstg.sites.hosting.454.agency\/fr\/de\/#organization\",\"name\":\"Bromic Heating Belgi\u00eb\",\"url\":\"https:\/\/www-bromic-be.bromicpimstg.sites.hosting.454.agency\/fr\/de\/\",\"logo\":{\"@type\":\"ImageObject\",\"inLanguage\":\"fr-FR\",\"@id\":\"https:\/\/www-bromic-be.bromicpimstg.sites.hosting.454.agency\/fr\/de\/#\/schema\/logo\/image\/\",\"url\":\"https:\/\/www-bromic-be.bromicpimstg.sites.hosting.454.agency\/wp-content\/uploads\/sites\/14\/2021\/09\/bromic-logo.png\",\"contentUrl\":\"https:\/\/www-bromic-be.bromicpimstg.sites.hosting.454.agency\/wp-content\/uploads\/sites\/14\/2021\/09\/bromic-logo.png\",\"width\":1000,\"height\":342,\"caption\":\"Bromic Heating Belgi\u00eb\"},\"image\":{\"@id\":\"https:\/\/www-bromic-be.bromicpimstg.sites.hosting.454.agency\/fr\/de\/#\/schema\/logo\/image\/\"}}]}<\/script>\n<!-- \/ Yoast SEO plugin. -->","yoast_head_json":{"title":"\u00c0 propos de Bromic - Bromic Heating Belgi\u00eb","description":"Bromic Heating est la seule entreprise \u00e0 concevoir, \u00e9laborer et fabriquer des produits de chauffage ext\u00e9rieur au gaz, \u00e9lectriques et portables. Ce n\u2019est","robots":{"index":"index","follow":"follow","max-snippet":"max-snippet:-1","max-image-preview":"max-image-preview:large","max-video-preview":"max-video-preview:-1"},"canonical":"https:\/\/www-bromic-be.bromicpimstg.sites.hosting.454.agency\/fr\/a-propos-de-bromic\/","og_locale":"fr_FR","og_type":"article","og_title":"\u00c0 propos de Bromic - Bromic Heating Belgi\u00eb","og_description":"Bromic Heating est la seule entreprise \u00e0 concevoir, \u00e9laborer et fabriquer des produits de chauffage ext\u00e9rieur au gaz, \u00e9lectriques et portables. Ce n\u2019est","og_url":"https:\/\/www-bromic-be.bromicpimstg.sites.hosting.454.agency\/fr\/a-propos-de-bromic\/","og_site_name":"Bromic Heating Belgi\u00eb","article_modified_time":"2025-01-03T14:23:50+00:00","og_image":[{"width":2560,"height":1706,"url":"https:\/\/www-bromic-be.bromicpimstg.sites.hosting.454.agency\/wp-content\/uploads\/sites\/14\/2024\/07\/eclipse_portable_residential-scene_web.jpg","type":"image\/jpeg"}],"twitter_card":"summary_large_image","twitter_misc":{"Dur\u00e9e de lecture estim\u00e9e":"2 minutes"},"schema":{"@context":"https:\/\/schema.org","@graph":[{"@type":"WebPage","@id":"https:\/\/www-bromic-be.bromicpimstg.sites.hosting.454.agency\/fr\/a-propos-de-bromic\/","url":"https:\/\/www-bromic-be.bromicpimstg.sites.hosting.454.agency\/fr\/a-propos-de-bromic\/","name":"\u00c0 propos de Bromic - Bromic Heating Belgi\u00eb","isPartOf":{"@id":"https:\/\/www-bromic-be.bromicpimstg.sites.hosting.454.agency\/fr\/de\/#website"},"primaryImageOfPage":{"@id":"https:\/\/www-bromic-be.bromicpimstg.sites.hosting.454.agency\/fr\/a-propos-de-bromic\/#primaryimage"},"image":{"@id":"https:\/\/www-bromic-be.bromicpimstg.sites.hosting.454.agency\/fr\/a-propos-de-bromic\/#primaryimage"},"thumbnailUrl":"https:\/\/www-bromic-be.bromicpimstg.sites.hosting.454.agency\/wp-content\/uploads\/sites\/14\/2024\/07\/eclipse_portable_residential-scene_web.jpg","datePublished":"2021-10-21T16:37:55+00:00","dateModified":"2025-01-03T14:23:50+00:00","description":"Bromic Heating est la seule entreprise \u00e0 concevoir, \u00e9laborer et fabriquer des produits de chauffage ext\u00e9rieur au gaz, \u00e9lectriques et portables. Ce n\u2019est","breadcrumb":{"@id":"https:\/\/www-bromic-be.bromicpimstg.sites.hosting.454.agency\/fr\/a-propos-de-bromic\/#breadcrumb"},"inLanguage":"fr-FR","potentialAction":[{"@type":"ReadAction","target":["https:\/\/www-bromic-be.bromicpimstg.sites.hosting.454.agency\/fr\/a-propos-de-bromic\/"]}]},{"@type":"ImageObject","inLanguage":"fr-FR","@id":"https:\/\/www-bromic-be.bromicpimstg.sites.hosting.454.agency\/fr\/a-propos-de-bromic\/#primaryimage","url":"https:\/\/www-bromic-be.bromicpimstg.sites.hosting.454.agency\/wp-content\/uploads\/sites\/14\/2024\/07\/eclipse_portable_residential-scene_web.jpg","contentUrl":"https:\/\/www-bromic-be.bromicpimstg.sites.hosting.454.agency\/wp-content\/uploads\/sites\/14\/2024\/07\/eclipse_portable_residential-scene_web.jpg","width":2560,"height":1706,"caption":"Residential Portable Outside Heaters - Bromic Eclipse Portable"},{"@type":"BreadcrumbList","@id":"https:\/\/www-bromic-be.bromicpimstg.sites.hosting.454.agency\/fr\/a-propos-de-bromic\/#breadcrumb","itemListElement":[{"@type":"ListItem","position":1,"name":"Home","item":"https:\/\/www-bromic-be.bromicpimstg.sites.hosting.454.agency\/fr\/"},{"@type":"ListItem","position":2,"name":"\u00c0 propos de Bromic"}]},{"@type":"WebSite","@id":"https:\/\/www-bromic-be.bromicpimstg.sites.hosting.454.agency\/fr\/de\/#website","url":"https:\/\/www-bromic-be.bromicpimstg.sites.hosting.454.agency\/fr\/de\/","name":"Bromic Heating Belgi\u00eb","description":"","publisher":{"@id":"https:\/\/www-bromic-be.bromicpimstg.sites.hosting.454.agency\/fr\/de\/#organization"},"potentialAction":[{"@type":"SearchAction","target":{"@type":"EntryPoint","urlTemplate":"https:\/\/www-bromic-be.bromicpimstg.sites.hosting.454.agency\/fr\/de\/?s={search_term_string}"},"query-input":{"@type":"PropertyValueSpecification","valueRequired":true,"valueName":"search_term_string"}}],"inLanguage":"fr-FR"},{"@type":"Organization","@id":"https:\/\/www-bromic-be.bromicpimstg.sites.hosting.454.agency\/fr\/de\/#organization","name":"Bromic Heating Belgi\u00eb","url":"https:\/\/www-bromic-be.bromicpimstg.sites.hosting.454.agency\/fr\/de\/","logo":{"@type":"ImageObject","inLanguage":"fr-FR","@id":"https:\/\/www-bromic-be.bromicpimstg.sites.hosting.454.agency\/fr\/de\/#\/schema\/logo\/image\/","url":"https:\/\/www-bromic-be.bromicpimstg.sites.hosting.454.agency\/wp-content\/uploads\/sites\/14\/2021\/09\/bromic-logo.png","contentUrl":"https:\/\/www-bromic-be.bromicpimstg.sites.hosting.454.agency\/wp-content\/uploads\/sites\/14\/2021\/09\/bromic-logo.png","width":1000,"height":342,"caption":"Bromic Heating Belgi\u00eb"},"image":{"@id":"https:\/\/www-bromic-be.bromicpimstg.sites.hosting.454.agency\/fr\/de\/#\/schema\/logo\/image\/"}}]}},"_links":{"self":[{"href":"https:\/\/www-bromic-be.bromicpimstg.sites.hosting.454.agency\/fr\/wp-json\/wp\/v2\/pages\/45457","targetHints":{"allow":["GET"]}}],"collection":[{"href":"https:\/\/www-bromic-be.bromicpimstg.sites.hosting.454.agency\/fr\/wp-json\/wp\/v2\/pages"}],"about":[{"href":"https:\/\/www-bromic-be.bromicpimstg.sites.hosting.454.agency\/fr\/wp-json\/wp\/v2\/types\/page"}],"author":[{"embeddable":true,"href":"https:\/\/www-bromic-be.bromicpimstg.sites.hosting.454.agency\/fr\/wp-json\/wp\/v2\/users\/8"}],"replies":[{"embeddable":true,"href":"https:\/\/www-bromic-be.bromicpimstg.sites.hosting.454.agency\/fr\/wp-json\/wp\/v2\/comments?post=45457"}],"version-history":[{"count":0,"href":"https:\/\/www-bromic-be.bromicpimstg.sites.hosting.454.agency\/fr\/wp-json\/wp\/v2\/pages\/45457\/revisions"}],"wp:featuredmedia":[{"embeddable":true,"href":"https:\/\/www-bromic-be.bromicpimstg.sites.hosting.454.agency\/fr\/wp-json\/wp\/v2\/media\/376597"}],"wp:attachment":[{"href":"https:\/\/www-bromic-be.bromicpimstg.sites.hosting.454.agency\/fr\/wp-json\/wp\/v2\/media?parent=45457"}],"curies":[{"name":"wp","href":"https:\/\/api.w.org\/{rel}","templated":true}]}}